{"id":1088,"date":"2019-01-28T14:58:15","date_gmt":"2019-01-28T14:58:15","guid":{"rendered":"https:\/\/quabbala.com\/?page_id=1088"},"modified":"2019-09-16T08:33:13","modified_gmt":"2019-09-16T08:33:13","slug":"comercio-internacional-exterior-exportar-abogados","status":"publish","type":"page","link":"https:\/\/quabbala.com\/en\/comercio-internacional-exterior-exportar-abogados\/","title":{"rendered":"INTERNACIONALIZACI\u00d3N DE EMPRESA"},"content":{"rendered":"<div><img loading=\"lazy\" decoding=\"async\" class=\"aligncenter wp-image-3346 size-full\" src=\"https:\/\/quabbala.com\/wp-content\/uploads\/2019\/07\/economico-financiero.jpg\" alt=\"\" width=\"1200\" height=\"527\" srcset=\"https:\/\/quabbala.com\/en\/wp-content\/uploads\/2019\/07\/economico-financiero.jpg 1200w, https:\/\/quabbala.com\/en\/wp-content\/uploads\/2019\/07\/economico-financiero-150x66.jpg 150w, https:\/\/quabbala.com\/en\/wp-content\/uploads\/2019\/07\/economico-financiero-300x132.jpg 300w, https:\/\/quabbala.com\/en\/wp-content\/uploads\/2019\/07\/economico-financiero-768x337.jpg 768w, https:\/\/quabbala.com\/en\/wp-content\/uploads\/2019\/07\/economico-financiero-624x274.jpg 624w\" sizes=\"(max-width: 1200px) 100vw, 1200px\" \/><\/div>\n<p>&nbsp;<\/p>\n<p>&nbsp;<\/p>\n<div class=\"justify\">A trav\u00e9s de la internacionalizaci\u00f3n, las peque\u00f1as y medianas empresas abren sus fronteras y buscan oportunidades en otros mercados. En\u00a0<span class=\"descubrir_a\"><strong>Quabbala<\/strong><\/span>\u00a0encontrar\u00e1 un servicio de comercio\u00a0<strong>exterior<\/strong>\u00a0capaz de ayudarle en el\u00a0<strong>dise\u00f1o de una estrategia integral de internacionalizaci\u00f3n<\/strong>, desde su inicio en la <strong>b\u00fasqueda del mercado adecuado para exportar<\/strong>, hasta su<strong> implantaci\u00f3n en el mismo<\/strong>, porque el trabajo relacionado con el<strong>\u00a0comercio internacional<\/strong>\u00a0debe estar presente durante todo el <strong>proceso de internacionalizaci\u00f3n de empresa<\/strong>.<\/div>\n<p>&nbsp;<\/p>\n<p>&nbsp;<\/p>\n<div class=\"justify\">\n<ul>\n<li><strong>Larga experiencia en el mercado Asi\u00e1tico<\/strong><\/li>\n<li><span class=\"descubrir_a\">Oficinas propias en <a href=\"https:\/\/quabbala.com\/despachos-de-abogados-economistas-en-china-hongkong\/\"><span class=\"black\"><strong>Hong Kong<\/strong><\/span><\/a><\/span>\u00a0y\u00a0<a href=\"https:\/\/quabbala.com\/despachos-de-abogados-economistas-en-japon-tokio\/\"><strong><span class=\"descubrir_a\"><span class=\"black\">Tokio<\/span><\/span><\/strong><\/a>, desde donde operamos en toda Asia Oriental<\/li>\n<li>Know How |\u00a0<strong>c\u00f3mo internacionalizar una empresa<\/strong><\/li>\n<li><strong>Resultados rentables<\/strong> y a largo plazo<\/li>\n<li><strong>Beneficios<\/strong> basados en la <strong>productividad o econom\u00edas de escala<\/strong> y en las <strong>ventajas fiscales<\/strong> que <strong>ofrece Hong Kong<\/strong> gracias al\u00a0<span class=\"descubrir_a\"><strong>Convenio de Doble Imposici\u00f3n<\/strong> con Espa\u00f1a<\/span>.<\/li>\n<\/ul>\n<p>&nbsp;<\/p>\n<\/div>\n<p>&nbsp;<\/p>\n<p>&nbsp;<\/p>\n<div class=\"justify\">\n<p><img loading=\"lazy\" decoding=\"async\" class=\"wp-image-1121 size-full aligncenter\" src=\"https:\/\/quabbala.com\/wp-content\/uploads\/2019\/01\/internacionalizacion-de-empresas.png\" alt=\"\" width=\"781\" height=\"308\" srcset=\"https:\/\/quabbala.com\/en\/wp-content\/uploads\/2019\/01\/internacionalizacion-de-empresas.png 781w, https:\/\/quabbala.com\/en\/wp-content\/uploads\/2019\/01\/internacionalizacion-de-empresas-150x59.png 150w, https:\/\/quabbala.com\/en\/wp-content\/uploads\/2019\/01\/internacionalizacion-de-empresas-300x118.png 300w, https:\/\/quabbala.com\/en\/wp-content\/uploads\/2019\/01\/internacionalizacion-de-empresas-768x303.png 768w, https:\/\/quabbala.com\/en\/wp-content\/uploads\/2019\/01\/internacionalizacion-de-empresas-624x246.png 624w\" sizes=\"(max-width: 781px) 100vw, 781px\" \/><\/p>\n<\/div>\n<p>&nbsp;<\/p>\n<p>&nbsp;<\/p>\n<div class=\"justify\">\n<div class=\"title-orange-landing\">La internacionalizaci\u00f3n de su empresa como oportunidad<\/div>\n<p>&nbsp;<\/p>\n<p>&nbsp;<\/p>\n<p>Le ayudamos a encontrar las mejores oportunidades para aumentar la presencia de su empresa en el exterior y\u00a0<strong>ampliar el p\u00fablico objetivo al que ofrecer sus bienes o servicios<\/strong>. A trav\u00e9s de un equipo experimentado de profesionales podemos ofrecerle todo el soporte necesario para trasladar su actividad al lugar donde mayores posibilidades de \u00e9xito pueda tener.<\/p>\n<p>&nbsp;<\/p>\n<p>Contacte con nosotros o visite cualquiera de los despachos de abogados y economistas que disponemos en <strong>distintas ciudades de Espa\u00f1a:\u00a0<\/strong><strong><a href=\"https:\/\/quabbala.com\/despachos-de\/abogados-economistas-en-madrid\/\"><span class=\"black\">Madrid<\/span><\/a>,\u00a0<a href=\"https:\/\/quabbala.com\/despachos-de\/abogados-economistas-en-barcelona\/\"><span class=\"black\">Barcelona<\/span><\/a>,\u00a0<a href=\"https:\/\/quabbala.com\/despachos-de\/abogados-economistas-en-valencia\/\"><span class=\"black\">Valencia<\/span><\/a>,\u00a0<a href=\"https:\/\/quabbala.com\/despachos-de\/abogados-economistas-en-alicante\/\"><span class=\"black\">Alicante<\/span><\/a>,\u00a0<a href=\"https:\/\/quabbala.com\/despachos-de\/abogados-economistas-en-malaga\/\"><span class=\"black\">M\u00e1laga<\/span><\/a>,\u00a0<a href=\"https:\/\/quabbala.com\/despachos-de\/abogados-economistas-en-sevilla\/\"><span class=\"black\">Sevilla<\/span><\/a>,\u00a0<a href=\"https:\/\/quabbala.com\/despachos-de\/abogados-economistas-en-bilbao\/\"><span class=\"black\">Bilbao<\/span><\/a>\u00a0o\u00a0<a href=\"https:\/\/quabbala.com\/despachos-de\/abogados-economistas-en-zaragoza\/\"><span class=\"black\">Zaragoza<\/span><\/a><\/strong>\u00a0\u2013 e inf\u00f3rmese sobre como nuestro <strong>equipo de abogados y economistas<\/strong> puede ayudarle a <strong>internacionalizar su empresa<\/strong>, y tener presencia en otros pa\u00edses.<\/p>\n<\/div>\n<p>&nbsp;<\/p>\n<div><\/div>\n<div><\/div>\n<div class=\"title-orange-landing\">Pasos a seguir para internacionalizar su empresa<\/div>\n<div><\/div>\n<p>&nbsp;<\/p>\n<ul>\n<li><strong>Realizar un an\u00e1lisis interno<\/strong><\/li>\n<li>Elegir el mercado m\u00e1s adecuado al que nos queremos dirigir<\/li>\n<li><strong>Estudiar<\/strong> previamente el <strong>mercado del pa\u00eds<\/strong> al que nos dirigiremos.<\/li>\n<li><strong>Analizar la viabilidad y oportunidad<\/strong><\/li>\n<li><strong>Tramitar todas las acciones legales<\/strong> para introducir nuestro producto y servicio en el pa\u00eds<\/li>\n<li><b>Buscar los canales de expansi\u00f3n y de comercializaci\u00f3n<\/b><\/li>\n<li><b>Acciones de Marketing: Promoci\u00f3n<\/b><\/li>\n<\/ul>\n<p>&nbsp;<\/p>\n<p>Somos <strong>especialistas<\/strong> en investigar y conocer los <strong>mercados globales de Europa y Asia<\/strong>.<\/p>\n<p>&nbsp;<\/p>\n<p><img loading=\"lazy\" decoding=\"async\" class=\"size-full wp-image-194 aligncenter\" src=\"https:\/\/quabbala.com\/wp-content\/uploads\/2018\/11\/International.jpg\" alt=\"quabbala-insovency-pratitioners-in-London\" width=\"1200\" height=\"338\" srcset=\"https:\/\/quabbala.com\/en\/wp-content\/uploads\/2018\/11\/International.jpg 1200w, https:\/\/quabbala.com\/en\/wp-content\/uploads\/2018\/11\/International-300x85.jpg 300w, https:\/\/quabbala.com\/en\/wp-content\/uploads\/2018\/11\/International-768x216.jpg 768w, https:\/\/quabbala.com\/en\/wp-content\/uploads\/2018\/11\/International-1024x288.jpg 1024w, https:\/\/quabbala.com\/en\/wp-content\/uploads\/2018\/11\/International-624x176.jpg 624w\" sizes=\"(max-width: 1200px) 100vw, 1200px\" \/><\/p>\n","protected":false},"excerpt":{"rendered":"<p>&nbsp; &nbsp; A trav\u00e9s de la internacionalizaci\u00f3n, las peque\u00f1as y medianas empresas abren sus fronteras y buscan oportunidades en otros [&hellip;]<\/p>\n","protected":false},"author":1,"featured_media":0,"parent":0,"menu_order":0,"comment_status":"closed","ping_status":"closed","template":"page-templates\/page-comercio-exterior.php","meta":{"_acf_changed":false,"footnotes":""},"class_list":["post-1088","page","type-page","status-publish","hentry"],"acf":[],"yoast_head":"<!-- This site is optimized with the Yoast SEO plugin v23.7 - https:\/\/yoast.com\/wordpress\/plugins\/seo\/ -->\n<title>Expertos en Internacionalizar Empresas | Oficinas UK y Asia | 625 731 000<\/title>\n<meta name=\"description\" content=\"Quabbala Abogados y Economistas somos especialistas en Internacionalizar tu Empresa. M\u00e1s de 20 a\u00f1os. Desde nuestras oficinas de Asia y UK podremos asesorarte de la mejor...\" \/>\n<meta name=\"robots\" content=\"index, follow, max-snippet:-1, max-image-preview:large, max-video-preview:-1\" \/>\n<link rel=\"canonical\" href=\"https:\/\/quabbala.com\/en\/comercio-internacional-exterior-exportar-abogados\/\" \/>\n<meta property=\"og:locale\" content=\"es_ES\" \/>\n<meta property=\"og:type\" content=\"article\" \/>\n<meta property=\"og:title\" content=\"Expertos en Internacionalizar Empresas | Oficinas UK y Asia | 625 731 000\" \/>\n<meta property=\"og:description\" content=\"Quabbala Abogados y Economistas somos especialistas en Internacionalizar tu Empresa. M\u00e1s de 20 a\u00f1os. Desde nuestras oficinas de Asia y UK podremos asesorarte de la mejor...\" \/>\n<meta property=\"og:url\" content=\"https:\/\/quabbala.com\/en\/comercio-internacional-exterior-exportar-abogados\/\" \/>\n<meta property=\"article:publisher\" content=\"https:\/\/www.facebook.com\/quabbala\/\" \/>\n<meta property=\"article:modified_time\" content=\"2019-09-16T08:33:13+00:00\" \/>\n<meta property=\"og:image\" content=\"https:\/\/quabbala.com\/wp-content\/uploads\/2019\/07\/economico-financiero.jpg\" \/>\n<meta name=\"twitter:card\" content=\"summary_large_image\" \/>\n<meta name=\"twitter:site\" content=\"@Quabbala\" \/>\n<meta name=\"twitter:label1\" content=\"Tiempo de lectura\" \/>\n\t<meta name=\"twitter:data1\" content=\"2 minutos\" \/>\n<script type=\"application\/ld+json\" class=\"yoast-schema-graph\">{\"@context\":\"https:\/\/schema.org\",\"@graph\":[{\"@type\":\"WebPage\",\"@id\":\"https:\/\/quabbala.com\/en\/comercio-internacional-exterior-exportar-abogados\/\",\"url\":\"https:\/\/quabbala.com\/en\/comercio-internacional-exterior-exportar-abogados\/\",\"name\":\"Expertos en Internacionalizar Empresas | Oficinas UK y Asia | 625 731 000\",\"isPartOf\":{\"@id\":\"https:\/\/quabbala.com\/en\/#website\"},\"primaryImageOfPage\":{\"@id\":\"https:\/\/quabbala.com\/en\/comercio-internacional-exterior-exportar-abogados\/#primaryimage\"},\"image\":{\"@id\":\"https:\/\/quabbala.com\/en\/comercio-internacional-exterior-exportar-abogados\/#primaryimage\"},\"thumbnailUrl\":\"https:\/\/quabbala.com\/wp-content\/uploads\/2019\/07\/economico-financiero.jpg\",\"datePublished\":\"2019-01-28T14:58:15+00:00\",\"dateModified\":\"2019-09-16T08:33:13+00:00\",\"description\":\"Quabbala Abogados y Economistas somos especialistas en Internacionalizar tu Empresa. M\u00e1s de 20 a\u00f1os. Desde nuestras oficinas de Asia y UK podremos asesorarte de la mejor...\",\"breadcrumb\":{\"@id\":\"https:\/\/quabbala.com\/en\/comercio-internacional-exterior-exportar-abogados\/#breadcrumb\"},\"inLanguage\":\"es\",\"potentialAction\":[{\"@type\":\"ReadAction\",\"target\":[\"https:\/\/quabbala.com\/en\/comercio-internacional-exterior-exportar-abogados\/\"]}]},{\"@type\":\"ImageObject\",\"inLanguage\":\"es\",\"@id\":\"https:\/\/quabbala.com\/en\/comercio-internacional-exterior-exportar-abogados\/#primaryimage\",\"url\":\"https:\/\/quabbala.com\/wp-content\/uploads\/2019\/07\/economico-financiero.jpg\",\"contentUrl\":\"https:\/\/quabbala.com\/wp-content\/uploads\/2019\/07\/economico-financiero.jpg\"},{\"@type\":\"BreadcrumbList\",\"@id\":\"https:\/\/quabbala.com\/en\/comercio-internacional-exterior-exportar-abogados\/#breadcrumb\",\"itemListElement\":[{\"@type\":\"ListItem\",\"position\":1,\"name\":\"Portada\",\"item\":\"https:\/\/quabbala.com\/en\/\"},{\"@type\":\"ListItem\",\"position\":2,\"name\":\"INTERNACIONALIZACI\u00d3N DE EMPRESA\"}]},{\"@type\":\"WebSite\",\"@id\":\"https:\/\/quabbala.com\/en\/#website\",\"url\":\"https:\/\/quabbala.com\/en\/\",\"name\":\"\",\"description\":\"\",\"potentialAction\":[{\"@type\":\"SearchAction\",\"target\":{\"@type\":\"EntryPoint\",\"urlTemplate\":\"https:\/\/quabbala.com\/en\/?s={search_term_string}\"},\"query-input\":{\"@type\":\"PropertyValueSpecification\",\"valueRequired\":true,\"valueName\":\"search_term_string\"}}],\"inLanguage\":\"es\"}]}<\/script>\n<!-- \/ Yoast SEO plugin. -->","yoast_head_json":{"title":"Expertos en Internacionalizar Empresas | Oficinas UK y Asia | 625 731 000","description":"Quabbala Abogados y Economistas somos especialistas en Internacionalizar tu Empresa. M\u00e1s de 20 a\u00f1os. Desde nuestras oficinas de Asia y UK podremos asesorarte de la mejor...","robots":{"index":"index","follow":"follow","max-snippet":"max-snippet:-1","max-image-preview":"max-image-preview:large","max-video-preview":"max-video-preview:-1"},"canonical":"https:\/\/quabbala.com\/en\/comercio-internacional-exterior-exportar-abogados\/","og_locale":"es_ES","og_type":"article","og_title":"Expertos en Internacionalizar Empresas | Oficinas UK y Asia | 625 731 000","og_description":"Quabbala Abogados y Economistas somos especialistas en Internacionalizar tu Empresa. M\u00e1s de 20 a\u00f1os. Desde nuestras oficinas de Asia y UK podremos asesorarte de la mejor...","og_url":"https:\/\/quabbala.com\/en\/comercio-internacional-exterior-exportar-abogados\/","article_publisher":"https:\/\/www.facebook.com\/quabbala\/","article_modified_time":"2019-09-16T08:33:13+00:00","og_image":[{"url":"https:\/\/quabbala.com\/wp-content\/uploads\/2019\/07\/economico-financiero.jpg"}],"twitter_card":"summary_large_image","twitter_site":"@Quabbala","twitter_misc":{"Tiempo de lectura":"2 minutos"},"schema":{"@context":"https:\/\/schema.org","@graph":[{"@type":"WebPage","@id":"https:\/\/quabbala.com\/en\/comercio-internacional-exterior-exportar-abogados\/","url":"https:\/\/quabbala.com\/en\/comercio-internacional-exterior-exportar-abogados\/","name":"Expertos en Internacionalizar Empresas | Oficinas UK y Asia | 625 731 000","isPartOf":{"@id":"https:\/\/quabbala.com\/en\/#website"},"primaryImageOfPage":{"@id":"https:\/\/quabbala.com\/en\/comercio-internacional-exterior-exportar-abogados\/#primaryimage"},"image":{"@id":"https:\/\/quabbala.com\/en\/comercio-internacional-exterior-exportar-abogados\/#primaryimage"},"thumbnailUrl":"https:\/\/quabbala.com\/wp-content\/uploads\/2019\/07\/economico-financiero.jpg","datePublished":"2019-01-28T14:58:15+00:00","dateModified":"2019-09-16T08:33:13+00:00","description":"Quabbala Abogados y Economistas somos especialistas en Internacionalizar tu Empresa. M\u00e1s de 20 a\u00f1os. Desde nuestras oficinas de Asia y UK podremos asesorarte de la mejor...","breadcrumb":{"@id":"https:\/\/quabbala.com\/en\/comercio-internacional-exterior-exportar-abogados\/#breadcrumb"},"inLanguage":"es","potentialAction":[{"@type":"ReadAction","target":["https:\/\/quabbala.com\/en\/comercio-internacional-exterior-exportar-abogados\/"]}]},{"@type":"ImageObject","inLanguage":"es","@id":"https:\/\/quabbala.com\/en\/comercio-internacional-exterior-exportar-abogados\/#primaryimage","url":"https:\/\/quabbala.com\/wp-content\/uploads\/2019\/07\/economico-financiero.jpg","contentUrl":"https:\/\/quabbala.com\/wp-content\/uploads\/2019\/07\/economico-financiero.jpg"},{"@type":"BreadcrumbList","@id":"https:\/\/quabbala.com\/en\/comercio-internacional-exterior-exportar-abogados\/#breadcrumb","itemListElement":[{"@type":"ListItem","position":1,"name":"Portada","item":"https:\/\/quabbala.com\/en\/"},{"@type":"ListItem","position":2,"name":"INTERNACIONALIZACI\u00d3N DE EMPRESA"}]},{"@type":"WebSite","@id":"https:\/\/quabbala.com\/en\/#website","url":"https:\/\/quabbala.com\/en\/","name":"","description":"","potentialAction":[{"@type":"SearchAction","target":{"@type":"EntryPoint","urlTemplate":"https:\/\/quabbala.com\/en\/?s={search_term_string}"},"query-input":{"@type":"PropertyValueSpecification","valueRequired":true,"valueName":"search_term_string"}}],"inLanguage":"es"}]}},"_links":{"self":[{"href":"https:\/\/quabbala.com\/en\/wp-json\/wp\/v2\/pages\/1088"}],"collection":[{"href":"https:\/\/quabbala.com\/en\/wp-json\/wp\/v2\/pages"}],"about":[{"href":"https:\/\/quabbala.com\/en\/wp-json\/wp\/v2\/types\/page"}],"author":[{"embeddable":true,"href":"https:\/\/quabbala.com\/en\/wp-json\/wp\/v2\/users\/1"}],"replies":[{"embeddable":true,"href":"https:\/\/quabbala.com\/en\/wp-json\/wp\/v2\/comments?post=1088"}],"version-history":[{"count":41,"href":"https:\/\/quabbala.com\/en\/wp-json\/wp\/v2\/pages\/1088\/revisions"}],"predecessor-version":[{"id":3598,"href":"https:\/\/quabbala.com\/en\/wp-json\/wp\/v2\/pages\/1088\/revisions\/3598"}],"wp:attachment":[{"href":"https:\/\/quabbala.com\/en\/wp-json\/wp\/v2\/media?parent=1088"}],"curies":[{"name":"wp","href":"https:\/\/api.w.org\/{rel}","templated":true}]}}