{"id":1136,"date":"2019-01-31T08:49:13","date_gmt":"2019-01-31T08:49:13","guid":{"rendered":"https:\/\/quabbala.com\/?page_id=1136"},"modified":"2019-09-17T12:24:42","modified_gmt":"2019-09-17T12:24:42","slug":"comercio-exterior-consultoria-abogados-internacionales","status":"publish","type":"page","link":"https:\/\/quabbala.com\/en\/comercio-exterior-consultoria-abogados-internacionales\/","title":{"rendered":"COMERCIO EXTERIOR"},"content":{"rendered":"<p><img loading=\"lazy\" decoding=\"async\" class=\"wp-image-3216 size-full aligncenter\" src=\"https:\/\/quabbala.com\/wp-content\/uploads\/2019\/07\/quabbala-internacional.jpg\" alt=\"\" width=\"1400\" height=\"600\" srcset=\"https:\/\/quabbala.com\/en\/wp-content\/uploads\/2019\/07\/quabbala-internacional.jpg 1400w, https:\/\/quabbala.com\/en\/wp-content\/uploads\/2019\/07\/quabbala-internacional-150x64.jpg 150w, https:\/\/quabbala.com\/en\/wp-content\/uploads\/2019\/07\/quabbala-internacional-300x129.jpg 300w, https:\/\/quabbala.com\/en\/wp-content\/uploads\/2019\/07\/quabbala-internacional-768x329.jpg 768w, https:\/\/quabbala.com\/en\/wp-content\/uploads\/2019\/07\/quabbala-internacional-1200x514.jpg 1200w, https:\/\/quabbala.com\/en\/wp-content\/uploads\/2019\/07\/quabbala-internacional-624x267.jpg 624w\" sizes=\"(max-width: 1400px) 100vw, 1400px\" \/><\/p>\n<p>&nbsp;<\/p>\n<p>&nbsp;<\/p>\n<p><span style=\"font-size: 1rem;\">La <\/span><strong style=\"font-size: 1rem;\">internacionalizaci\u00f3n<\/strong><span style=\"font-size: 1rem;\"> de un negocio supone un proceso en el que, con la ayuda pertinente, el riesgo inherente a este tipo de operaciones puede reducirse hasta completar un proceso eficaz, que da como resultado la implantaci\u00f3n fiable y segura de una<\/span><strong style=\"font-size: 1rem;\"> empresa en el mercado internacional<\/strong><span style=\"font-size: 1rem;\">.<\/span><\/p>\n<p>&nbsp;<\/p>\n<div class=\"justify\">\n<p>El proceso de implantaci\u00f3n<strong>\u00a0en comercio exterior\u00a0<\/strong>es un proceso basado en una estrategia integral que comienza en el an\u00e1lisis del mercado en el que nos vamos a ubicar, la detecci\u00f3n de nichos por explotar y la posterior <strong>estrategia financiera y jur\u00eddica<\/strong> para conseguir que la marca se integre con \u00e9xito en el sector econ\u00f3mico m\u00e1s favorable.<\/p>\n<p>&nbsp;<\/p>\n<p>Nuestro trabajo es imprescindible desde el momento en el que una empresa decide buscar <strong>mercados internacionales<\/strong>, en <strong>Quabbala<\/strong> estamos presentes en las principales econom\u00edas emergentes, realizando un trabajo continuo de <strong>an\u00e1lisis e inversi\u00f3n<\/strong> en estos mercados que, hoy en d\u00eda, ofrecen el mejor terreno para encontrar oportunidades rentables y duraderas.<\/p>\n<p>&nbsp;<\/p>\n<\/div>\n<p>&nbsp;<\/p>\n<p><img loading=\"lazy\" decoding=\"async\" class=\"aligncenter wp-image-158 size-full\" src=\"https:\/\/quabbala.com\/wp-content\/uploads\/2018\/11\/quabbala-international-map.jpg\" alt=\"quabbala-despachos-de-abogados-economistas-internacional\" width=\"584\" height=\"288\" srcset=\"https:\/\/quabbala.com\/en\/wp-content\/uploads\/2018\/11\/quabbala-international-map.jpg 584w, https:\/\/quabbala.com\/en\/wp-content\/uploads\/2018\/11\/quabbala-international-map-300x148.jpg 300w\" sizes=\"(max-width: 584px) 100vw, 584px\" \/><\/p>\n<p>&nbsp;<\/p>\n<div class=\"justify\">\n<p>&nbsp;<\/p>\n<p>Nuestros equipos\u00a0seleccionan las mejores oportunidades para nuestros clientes, proyectando una situaci\u00f3n favorable donde desarrollar una actividad econ\u00f3mica rentable a largo plazo.<\/p>\n<div class=\"title-orange-landing\">\n<h1>An\u00e1lisis de Comercio Exterior<\/h1>\n<\/div>\n<p>&nbsp;<\/p>\n<p>En <strong>Quabbala<\/strong> desarrollamos una estrategia adaptada por medio de equipos multidisciplinares formados por<strong>\u00a0expertos abogados y economistas en comercio internacional<\/strong>, con el fin de<strong> eliminar todo riesgo<\/strong> durante el <strong>proceso de implantaci\u00f3n y posterior desarrollo<\/strong>.<\/p>\n<p>&nbsp;<\/p>\n<p>Trabajamos con proyectos a largo plazo y <strong>clientes<\/strong> que quieren <strong>crecer en mercados internacionales<\/strong>. En la actualidad la posibilidad de exportar un modelo de negocio o una marca es mucho m\u00e1s segura que en el pasado, debido a que son ya muchas las empresas, la mayor\u00eda de ellas peque\u00f1as y medianas, que han optado por establecerse m\u00e1s all\u00e1 de sus propias fronteras. Adem\u00e1s tanto los Estados como otros mecanismos econ\u00f3micos privados fomentan este tipo de comportamiento, al <strong>favorecer la exportaci\u00f3n de negocios<\/strong> a distintas regiones del mundo. Estas son algunas de sus ventajas:<\/p>\n<p>&nbsp;<\/p>\n<\/div>\n<p>&nbsp;<\/p>\n<ul>\n<li>Optimiza la eficiencia de los recursos y crea una mejora econ\u00f3mica<\/li>\n<li>Puede disminuir los costes de producci\u00f3n dependiendo del producto y el pa\u00eds ene el que estemos.<\/li>\n<li>Se aumenta la oferta de bienes y servicios a comercializar<\/li>\n<li>Genera empleo en un lugar determinado<\/li>\n<li>Se optimiza la gesti\u00f3n de excendentes de un producto<\/li>\n<\/ul>\n<p>&nbsp;<\/p>\n<div class=\"justify\">\n<p>&nbsp;<\/p>\n<p>En <strong>Quabbala<\/strong> analizamos el <strong>comercio exterior<\/strong> como una oportunidad, nuestras sedes est\u00e1n presentes en los principales mercado emergentes para poder ofrecer a nuestros clientes nuestra propia experiencia, gracias a un <strong>equipo de abogados y economistas<\/strong> preparados para realizar un trabajo en comercio exterior adaptado a cada empresa.<\/p>\n<\/div>\n<p>&nbsp;<\/p>\n<p>&nbsp;<\/p>\n<p><img loading=\"lazy\" decoding=\"async\" class=\"wp-image-194 size-full aligncenter\" src=\"https:\/\/quabbala.com\/wp-content\/uploads\/2018\/11\/International.jpg\" alt=\"quabbala-insovency-pratitioners-in-London\" width=\"1200\" height=\"338\" srcset=\"https:\/\/quabbala.com\/en\/wp-content\/uploads\/2018\/11\/International.jpg 1200w, https:\/\/quabbala.com\/en\/wp-content\/uploads\/2018\/11\/International-300x85.jpg 300w, https:\/\/quabbala.com\/en\/wp-content\/uploads\/2018\/11\/International-768x216.jpg 768w, https:\/\/quabbala.com\/en\/wp-content\/uploads\/2018\/11\/International-1024x288.jpg 1024w, https:\/\/quabbala.com\/en\/wp-content\/uploads\/2018\/11\/International-624x176.jpg 624w\" sizes=\"(max-width: 1200px) 100vw, 1200px\" \/><\/p>\n","protected":false},"excerpt":{"rendered":"<p>&nbsp; &nbsp; La internacionalizaci\u00f3n de un negocio supone un proceso en el que, con la ayuda pertinente, el riesgo inherente [&hellip;]<\/p>\n","protected":false},"author":1,"featured_media":0,"parent":0,"menu_order":0,"comment_status":"closed","ping_status":"closed","template":"page-templates\/page-comercio-exterior.php","meta":{"_acf_changed":false,"footnotes":""},"class_list":["post-1136","page","type-page","status-publish","hentry"],"acf":[],"yoast_head":"<!-- This site is optimized with the Yoast SEO plugin v23.7 - https:\/\/yoast.com\/wordpress\/plugins\/seo\/ -->\n<title>Quabbala | Exportar Productos | Expertos Economistas | Oficinas en Asia<\/title>\n<meta name=\"description\" content=\"Quabbala abogados y economistas somos expertos en Comercio Exterior. M\u00e1s de 20 a\u00f1os nos avalan. Cons\u00faltenos su idea de neocio y le facilitaremos toda la informaci\u00f3n que necesite. 625 713 000\" \/>\n<meta name=\"robots\" content=\"index, follow, max-snippet:-1, max-image-preview:large, max-video-preview:-1\" \/>\n<link rel=\"canonical\" href=\"https:\/\/quabbala.com\/en\/comercio-exterior-consultoria-abogados-internacionales\/\" \/>\n<meta property=\"og:locale\" content=\"es_ES\" \/>\n<meta property=\"og:type\" content=\"article\" \/>\n<meta property=\"og:title\" content=\"Quabbala | Exportar Productos | Expertos Economistas | Oficinas en Asia\" \/>\n<meta property=\"og:description\" content=\"Quabbala abogados y economistas somos expertos en Comercio Exterior. M\u00e1s de 20 a\u00f1os nos avalan. Cons\u00faltenos su idea de neocio y le facilitaremos toda la informaci\u00f3n que necesite. 625 713 000\" \/>\n<meta property=\"og:url\" content=\"https:\/\/quabbala.com\/en\/comercio-exterior-consultoria-abogados-internacionales\/\" \/>\n<meta property=\"article:publisher\" content=\"https:\/\/www.facebook.com\/quabbala\/\" \/>\n<meta property=\"article:modified_time\" content=\"2019-09-17T12:24:42+00:00\" \/>\n<meta property=\"og:image\" content=\"https:\/\/quabbala.com\/wp-content\/uploads\/2019\/07\/quabbala-internacional.jpg\" \/>\n<meta name=\"twitter:card\" content=\"summary_large_image\" \/>\n<meta name=\"twitter:site\" content=\"@Quabbala\" \/>\n<meta name=\"twitter:label1\" content=\"Tiempo de lectura\" \/>\n\t<meta name=\"twitter:data1\" content=\"2 minutos\" \/>\n<script type=\"application\/ld+json\" class=\"yoast-schema-graph\">{\"@context\":\"https:\/\/schema.org\",\"@graph\":[{\"@type\":\"WebPage\",\"@id\":\"https:\/\/quabbala.com\/en\/comercio-exterior-consultoria-abogados-internacionales\/\",\"url\":\"https:\/\/quabbala.com\/en\/comercio-exterior-consultoria-abogados-internacionales\/\",\"name\":\"Quabbala | Exportar Productos | Expertos Economistas | Oficinas en Asia\",\"isPartOf\":{\"@id\":\"https:\/\/quabbala.com\/en\/#website\"},\"primaryImageOfPage\":{\"@id\":\"https:\/\/quabbala.com\/en\/comercio-exterior-consultoria-abogados-internacionales\/#primaryimage\"},\"image\":{\"@id\":\"https:\/\/quabbala.com\/en\/comercio-exterior-consultoria-abogados-internacionales\/#primaryimage\"},\"thumbnailUrl\":\"https:\/\/quabbala.com\/wp-content\/uploads\/2019\/07\/quabbala-internacional.jpg\",\"datePublished\":\"2019-01-31T08:49:13+00:00\",\"dateModified\":\"2019-09-17T12:24:42+00:00\",\"description\":\"Quabbala abogados y economistas somos expertos en Comercio Exterior. M\u00e1s de 20 a\u00f1os nos avalan. Cons\u00faltenos su idea de neocio y le facilitaremos toda la informaci\u00f3n que necesite. 625 713 000\",\"breadcrumb\":{\"@id\":\"https:\/\/quabbala.com\/en\/comercio-exterior-consultoria-abogados-internacionales\/#breadcrumb\"},\"inLanguage\":\"es\",\"potentialAction\":[{\"@type\":\"ReadAction\",\"target\":[\"https:\/\/quabbala.com\/en\/comercio-exterior-consultoria-abogados-internacionales\/\"]}]},{\"@type\":\"ImageObject\",\"inLanguage\":\"es\",\"@id\":\"https:\/\/quabbala.com\/en\/comercio-exterior-consultoria-abogados-internacionales\/#primaryimage\",\"url\":\"https:\/\/quabbala.com\/wp-content\/uploads\/2019\/07\/quabbala-internacional.jpg\",\"contentUrl\":\"https:\/\/quabbala.com\/wp-content\/uploads\/2019\/07\/quabbala-internacional.jpg\"},{\"@type\":\"BreadcrumbList\",\"@id\":\"https:\/\/quabbala.com\/en\/comercio-exterior-consultoria-abogados-internacionales\/#breadcrumb\",\"itemListElement\":[{\"@type\":\"ListItem\",\"position\":1,\"name\":\"Portada\",\"item\":\"https:\/\/quabbala.com\/en\/\"},{\"@type\":\"ListItem\",\"position\":2,\"name\":\"COMERCIO EXTERIOR\"}]},{\"@type\":\"WebSite\",\"@id\":\"https:\/\/quabbala.com\/en\/#website\",\"url\":\"https:\/\/quabbala.com\/en\/\",\"name\":\"\",\"description\":\"\",\"potentialAction\":[{\"@type\":\"SearchAction\",\"target\":{\"@type\":\"EntryPoint\",\"urlTemplate\":\"https:\/\/quabbala.com\/en\/?s={search_term_string}\"},\"query-input\":{\"@type\":\"PropertyValueSpecification\",\"valueRequired\":true,\"valueName\":\"search_term_string\"}}],\"inLanguage\":\"es\"}]}<\/script>\n<!-- \/ Yoast SEO plugin. -->","yoast_head_json":{"title":"Quabbala | Exportar Productos | Expertos Economistas | Oficinas en Asia","description":"Quabbala abogados y economistas somos expertos en Comercio Exterior. M\u00e1s de 20 a\u00f1os nos avalan. Cons\u00faltenos su idea de neocio y le facilitaremos toda la informaci\u00f3n que necesite. 625 713 000","robots":{"index":"index","follow":"follow","max-snippet":"max-snippet:-1","max-image-preview":"max-image-preview:large","max-video-preview":"max-video-preview:-1"},"canonical":"https:\/\/quabbala.com\/en\/comercio-exterior-consultoria-abogados-internacionales\/","og_locale":"es_ES","og_type":"article","og_title":"Quabbala | Exportar Productos | Expertos Economistas | Oficinas en Asia","og_description":"Quabbala abogados y economistas somos expertos en Comercio Exterior. M\u00e1s de 20 a\u00f1os nos avalan. Cons\u00faltenos su idea de neocio y le facilitaremos toda la informaci\u00f3n que necesite. 625 713 000","og_url":"https:\/\/quabbala.com\/en\/comercio-exterior-consultoria-abogados-internacionales\/","article_publisher":"https:\/\/www.facebook.com\/quabbala\/","article_modified_time":"2019-09-17T12:24:42+00:00","og_image":[{"url":"https:\/\/quabbala.com\/wp-content\/uploads\/2019\/07\/quabbala-internacional.jpg"}],"twitter_card":"summary_large_image","twitter_site":"@Quabbala","twitter_misc":{"Tiempo de lectura":"2 minutos"},"schema":{"@context":"https:\/\/schema.org","@graph":[{"@type":"WebPage","@id":"https:\/\/quabbala.com\/en\/comercio-exterior-consultoria-abogados-internacionales\/","url":"https:\/\/quabbala.com\/en\/comercio-exterior-consultoria-abogados-internacionales\/","name":"Quabbala | Exportar Productos | Expertos Economistas | Oficinas en Asia","isPartOf":{"@id":"https:\/\/quabbala.com\/en\/#website"},"primaryImageOfPage":{"@id":"https:\/\/quabbala.com\/en\/comercio-exterior-consultoria-abogados-internacionales\/#primaryimage"},"image":{"@id":"https:\/\/quabbala.com\/en\/comercio-exterior-consultoria-abogados-internacionales\/#primaryimage"},"thumbnailUrl":"https:\/\/quabbala.com\/wp-content\/uploads\/2019\/07\/quabbala-internacional.jpg","datePublished":"2019-01-31T08:49:13+00:00","dateModified":"2019-09-17T12:24:42+00:00","description":"Quabbala abogados y economistas somos expertos en Comercio Exterior. M\u00e1s de 20 a\u00f1os nos avalan. Cons\u00faltenos su idea de neocio y le facilitaremos toda la informaci\u00f3n que necesite. 625 713 000","breadcrumb":{"@id":"https:\/\/quabbala.com\/en\/comercio-exterior-consultoria-abogados-internacionales\/#breadcrumb"},"inLanguage":"es","potentialAction":[{"@type":"ReadAction","target":["https:\/\/quabbala.com\/en\/comercio-exterior-consultoria-abogados-internacionales\/"]}]},{"@type":"ImageObject","inLanguage":"es","@id":"https:\/\/quabbala.com\/en\/comercio-exterior-consultoria-abogados-internacionales\/#primaryimage","url":"https:\/\/quabbala.com\/wp-content\/uploads\/2019\/07\/quabbala-internacional.jpg","contentUrl":"https:\/\/quabbala.com\/wp-content\/uploads\/2019\/07\/quabbala-internacional.jpg"},{"@type":"BreadcrumbList","@id":"https:\/\/quabbala.com\/en\/comercio-exterior-consultoria-abogados-internacionales\/#breadcrumb","itemListElement":[{"@type":"ListItem","position":1,"name":"Portada","item":"https:\/\/quabbala.com\/en\/"},{"@type":"ListItem","position":2,"name":"COMERCIO EXTERIOR"}]},{"@type":"WebSite","@id":"https:\/\/quabbala.com\/en\/#website","url":"https:\/\/quabbala.com\/en\/","name":"","description":"","potentialAction":[{"@type":"SearchAction","target":{"@type":"EntryPoint","urlTemplate":"https:\/\/quabbala.com\/en\/?s={search_term_string}"},"query-input":{"@type":"PropertyValueSpecification","valueRequired":true,"valueName":"search_term_string"}}],"inLanguage":"es"}]}},"_links":{"self":[{"href":"https:\/\/quabbala.com\/en\/wp-json\/wp\/v2\/pages\/1136"}],"collection":[{"href":"https:\/\/quabbala.com\/en\/wp-json\/wp\/v2\/pages"}],"about":[{"href":"https:\/\/quabbala.com\/en\/wp-json\/wp\/v2\/types\/page"}],"author":[{"embeddable":true,"href":"https:\/\/quabbala.com\/en\/wp-json\/wp\/v2\/users\/1"}],"replies":[{"embeddable":true,"href":"https:\/\/quabbala.com\/en\/wp-json\/wp\/v2\/comments?post=1136"}],"version-history":[{"count":30,"href":"https:\/\/quabbala.com\/en\/wp-json\/wp\/v2\/pages\/1136\/revisions"}],"predecessor-version":[{"id":1221,"href":"https:\/\/quabbala.com\/en\/wp-json\/wp\/v2\/pages\/1136\/revisions\/1221"}],"wp:attachment":[{"href":"https:\/\/quabbala.com\/en\/wp-json\/wp\/v2\/media?parent=1136"}],"curies":[{"name":"wp","href":"https:\/\/api.w.org\/{rel}","templated":true}]}}