{"id":1147,"date":"2019-01-31T09:12:53","date_gmt":"2019-01-31T09:12:53","guid":{"rendered":"https:\/\/quabbala.com\/?page_id=1147"},"modified":"2019-09-11T10:51:13","modified_gmt":"2019-09-11T10:51:13","slug":"como-crear-empresa-extranjero-derecho-mercantil-comercio","status":"publish","type":"page","link":"https:\/\/quabbala.com\/en\/como-crear-empresa-extranjero-derecho-mercantil-comercio\/","title":{"rendered":"CREACI\u00d3N DE EMPRESAS EN EL EXTRANJERO"},"content":{"rendered":"<div class=\"justify\">\n<p>Desde <strong>Quabbala<\/strong> podemos ofrecer un servicio r\u00e1pido y efectivo con todos los tr\u00e1mites que la <strong>creaci\u00f3n y mantenimiento de una empresa en el extranjero<\/strong> suponen. Tenemos <strong>experiencia en el comercio internacional<\/strong>, trabajando con empresas internacionales establecidas en diferentes puntos de Asia, Europa e Iberoam\u00e9rica y, les ayudamos y aconsejamos con las funciones de mantenimiento que requieren los negocios en el extranjero.<\/p>\n<p>&nbsp;<\/p>\n<\/div>\n<p>&nbsp;<\/p>\n<div class='content-column one_half'><ul>\n<li>Servicios de contabilidada y auditor\u00eda<\/li>\n<li>Presentaci\u00f3n de impuestos<\/li>\n<li>Expertos en comercializaci\u00f3n de empresas<\/li>\n<li>Constituci\u00f3n de sociedad<\/li>\n<li>Estatutos sociales<\/li>\n<\/ul><\/div>\n<ul>\n<li>Expertos en comercio exterior<\/li>\n<li>Apertura de cuenta bancaria<\/li>\n<li>Auditor\u00eda Anual<\/li>\n<li>Contabilidad e Impuesto de Sociedades<\/li>\n<li>&#8230;<\/li>\n<\/ul>\n<div class=\"justify\">\n<div class='content-column one_half last_column'><\/div><div class='clear_column'><\/div>\n<p>&nbsp;<\/p>\n<p>&nbsp;<\/p>\n<p>Desde aqu\u00ed les prestamos servicios legales,\u00a0<strong>servicios de contabilidad y auditor\u00eda\u00a0<\/strong>como <strong>presentaci\u00f3n de los impuestos necesarios<\/strong> a las autoridades locales correspondientes.<\/p>\n<p>&nbsp;<\/p>\n<p>A trav\u00e9s de nuestros <strong>expertos en internacionalizaci\u00f3n de empresas y comercio exterior<\/strong> podemos ayudar a su negocio en todos los procedimientos necesarios para crear con \u00e9xito una <strong>empresa en el exterior<\/strong>, intermediando con las autoridades locales y las c\u00e1maras de comercio de cada pa\u00eds, para que de esta manera la forma jur\u00eddica sea la m\u00e1s beneficiosa para la actividad que la empresa vaya a realizar.<\/p>\n<p>&nbsp;<\/p>\n<p>Un equipo multidisciplinar compuesto por expertos en derecho mercantil internacional y economistas, est\u00e1 a su servicio para elaborar un plan personalizado de comercio exterior.<\/p>\n<\/div>\n<p>&nbsp;<\/p>\n<p>&nbsp;<\/p>\n<p><img loading=\"lazy\" decoding=\"async\" class=\"size-full wp-image-1121 aligncenter\" src=\"https:\/\/quabbala.com\/wp-content\/uploads\/2019\/01\/internacionalizacion-de-empresas.png\" alt=\"\" width=\"781\" height=\"308\" srcset=\"https:\/\/quabbala.com\/en\/wp-content\/uploads\/2019\/01\/internacionalizacion-de-empresas.png 781w, https:\/\/quabbala.com\/en\/wp-content\/uploads\/2019\/01\/internacionalizacion-de-empresas-150x59.png 150w, https:\/\/quabbala.com\/en\/wp-content\/uploads\/2019\/01\/internacionalizacion-de-empresas-300x118.png 300w, https:\/\/quabbala.com\/en\/wp-content\/uploads\/2019\/01\/internacionalizacion-de-empresas-768x303.png 768w, https:\/\/quabbala.com\/en\/wp-content\/uploads\/2019\/01\/internacionalizacion-de-empresas-624x246.png 624w\" sizes=\"(max-width: 781px) 100vw, 781px\" \/><\/p>\n<p>&nbsp;<\/p>\n<div class=\"justify\">\n<p>&nbsp;<\/p>\n<p>En el momento en el que nos planteamos c\u00f3mo crear una empresa en el extranjero debemos tener en cuenta que el proceso <strong>var\u00eda considerablemente de pa\u00eds a pa\u00eds<\/strong>. Hong Kong, como una de las econom\u00edas m\u00e1s libres del mundo presenta grandes ventajas a la hora de crear una empresa.<\/p>\n<p>&nbsp;<\/p>\n<p>Una de las m\u00e1s destacables es su localizaci\u00f3n, est\u00e1 situada en el medio de la <strong>zona Asia \u2013 Pacifico<\/strong>, siendo parte de China pero a su vez gozando de un sistema propio y aut\u00f3nomo, lo que hace de esta regi\u00f3n una de las m\u00e1s favorables del mundo para el <strong>comercio internacional<\/strong>. Se considera que, por su condici\u00f3n especial con China, <strong>establecerse en Hong Kong es la mejor manera de entrada en este mercado<\/strong>. Debido a su pasado brit\u00e1nico, es una de las ciudades m\u00e1s occidentalizadas del continente y el ingl\u00e9s se considera la lengua oficial en los negocios.<\/p>\n<\/div>\n<p>&nbsp;<\/p>\n<p>&nbsp;<\/p>\n<div><\/div>\n<div><\/div>\n<div class=\"title-orange-landing\">Experiencia Contrastada en la Creaci\u00f3n de Empresas en el Extranjero<\/div>\n<div><\/div>\n<div class=\"justify\">\n<p>&nbsp;<\/p>\n<p><strong>Quabbala<\/strong> dispone de oficinas en <strong>Hong Kong<\/strong>, <strong>Tokio<\/strong> y <strong>Londres<\/strong>, todas ellas con un experimentado equipo de trabajo formado por abogados expertos en derecho mercantil internacional y economistas de gran nivel, que le ayudar\u00e1n con todas aquellas acciones que son necesarias para crear una empresa en el extranjero con \u00e9xito.<\/p>\n<p>&nbsp;<\/p>\n<p>Contacte con cualquiera de nuestras oficinas en Espa\u00f1a \u2013 Madrid, Barcelona, Valencia, Alicante, M\u00e1laga, Sevilla, Bilbao, Zaragoza \u2013 y descubre como podemos ayudar con la creaci\u00f3n de su empresa en el extranjero.<\/p>\n<\/div>\n<p>&nbsp;<\/p>\n<p>&nbsp;<\/p>\n<div class=\"title-orange-landing\">CASOS DE \u00c9XITO<\/div>\n<p>&nbsp;<\/p>\n<div><\/div>\n<p>&nbsp;<\/p>\n<p>&nbsp;<\/p>\n<div class=\"buildings-img\">\n<img loading=\"lazy\" decoding=\"async\" class=\"aligncenter wp-image-3623\" src=\"https:\/\/quabbala.com\/wp-content\/uploads\/2019\/09\/quabbala-comercio-exterior-1200x676.jpg\" alt=\"\" width=\"960\" height=\"541\" srcset=\"https:\/\/quabbala.com\/en\/wp-content\/uploads\/2019\/09\/quabbala-comercio-exterior-1200x676.jpg 1200w, https:\/\/quabbala.com\/en\/wp-content\/uploads\/2019\/09\/quabbala-comercio-exterior-150x85.jpg 150w, https:\/\/quabbala.com\/en\/wp-content\/uploads\/2019\/09\/quabbala-comercio-exterior-300x169.jpg 300w, https:\/\/quabbala.com\/en\/wp-content\/uploads\/2019\/09\/quabbala-comercio-exterior-768x433.jpg 768w, https:\/\/quabbala.com\/en\/wp-content\/uploads\/2019\/09\/quabbala-comercio-exterior-624x352.jpg 624w, https:\/\/quabbala.com\/en\/wp-content\/uploads\/2019\/09\/quabbala-comercio-exterior.jpg 1201w\" sizes=\"(max-width: 960px) 100vw, 960px\" \/>\n<\/div>\n<div><\/div>\n","protected":false},"excerpt":{"rendered":"<p>Desde Quabbala podemos ofrecer un servicio r\u00e1pido y efectivo con todos los tr\u00e1mites que la creaci\u00f3n y mantenimiento de una [&hellip;]<\/p>\n","protected":false},"author":1,"featured_media":0,"parent":0,"menu_order":0,"comment_status":"closed","ping_status":"closed","template":"page-templates\/page-comercio-exterior.php","meta":{"_acf_changed":false,"footnotes":""},"class_list":["post-1147","page","type-page","status-publish","hentry"],"acf":[],"yoast_head":"<!-- This site is optimized with the Yoast SEO plugin v23.7 - https:\/\/yoast.com\/wordpress\/plugins\/seo\/ -->\n<title>Quabbala Internacional | CREACI\u00d3N DE EMPRESAS | Asia, Europa, UK<\/title>\n<meta name=\"description\" content=\"Quabbala Abogados y Economistas llevamos m\u00e1s de 20 a\u00f1os ayudando a empresarios a crear empresas en el extranjerto, tanto en Europa como en Asia, somos...\" \/>\n<meta name=\"robots\" content=\"index, follow, max-snippet:-1, max-image-preview:large, max-video-preview:-1\" \/>\n<link rel=\"canonical\" href=\"https:\/\/quabbala.com\/en\/como-crear-empresa-extranjero-derecho-mercantil-comercio\/\" \/>\n<meta property=\"og:locale\" content=\"es_ES\" \/>\n<meta property=\"og:type\" content=\"article\" \/>\n<meta property=\"og:title\" content=\"Quabbala Internacional | CREACI\u00d3N DE EMPRESAS | Asia, Europa, UK\" \/>\n<meta property=\"og:description\" content=\"Quabbala Abogados y Economistas llevamos m\u00e1s de 20 a\u00f1os ayudando a empresarios a crear empresas en el extranjerto, tanto en Europa como en Asia, somos...\" \/>\n<meta property=\"og:url\" content=\"https:\/\/quabbala.com\/en\/como-crear-empresa-extranjero-derecho-mercantil-comercio\/\" \/>\n<meta property=\"article:publisher\" content=\"https:\/\/www.facebook.com\/quabbala\/\" \/>\n<meta property=\"article:modified_time\" content=\"2019-09-11T10:51:13+00:00\" \/>\n<meta property=\"og:image\" content=\"https:\/\/quabbala.com\/wp-content\/uploads\/2019\/01\/internacionalizacion-de-empresas.png\" \/>\n<meta name=\"twitter:card\" content=\"summary_large_image\" \/>\n<meta name=\"twitter:site\" content=\"@Quabbala\" \/>\n<meta name=\"twitter:label1\" content=\"Tiempo de lectura\" \/>\n\t<meta name=\"twitter:data1\" content=\"3 minutos\" \/>\n<script type=\"application\/ld+json\" class=\"yoast-schema-graph\">{\"@context\":\"https:\/\/schema.org\",\"@graph\":[{\"@type\":\"WebPage\",\"@id\":\"https:\/\/quabbala.com\/en\/como-crear-empresa-extranjero-derecho-mercantil-comercio\/\",\"url\":\"https:\/\/quabbala.com\/en\/como-crear-empresa-extranjero-derecho-mercantil-comercio\/\",\"name\":\"Quabbala Internacional | CREACI\u00d3N DE EMPRESAS | Asia, Europa, UK\",\"isPartOf\":{\"@id\":\"https:\/\/quabbala.com\/en\/#website\"},\"primaryImageOfPage\":{\"@id\":\"https:\/\/quabbala.com\/en\/como-crear-empresa-extranjero-derecho-mercantil-comercio\/#primaryimage\"},\"image\":{\"@id\":\"https:\/\/quabbala.com\/en\/como-crear-empresa-extranjero-derecho-mercantil-comercio\/#primaryimage\"},\"thumbnailUrl\":\"https:\/\/quabbala.com\/wp-content\/uploads\/2019\/01\/internacionalizacion-de-empresas.png\",\"datePublished\":\"2019-01-31T09:12:53+00:00\",\"dateModified\":\"2019-09-11T10:51:13+00:00\",\"description\":\"Quabbala Abogados y Economistas llevamos m\u00e1s de 20 a\u00f1os ayudando a empresarios a crear empresas en el extranjerto, tanto en Europa como en Asia, somos...\",\"breadcrumb\":{\"@id\":\"https:\/\/quabbala.com\/en\/como-crear-empresa-extranjero-derecho-mercantil-comercio\/#breadcrumb\"},\"inLanguage\":\"es\",\"potentialAction\":[{\"@type\":\"ReadAction\",\"target\":[\"https:\/\/quabbala.com\/en\/como-crear-empresa-extranjero-derecho-mercantil-comercio\/\"]}]},{\"@type\":\"ImageObject\",\"inLanguage\":\"es\",\"@id\":\"https:\/\/quabbala.com\/en\/como-crear-empresa-extranjero-derecho-mercantil-comercio\/#primaryimage\",\"url\":\"https:\/\/quabbala.com\/wp-content\/uploads\/2019\/01\/internacionalizacion-de-empresas.png\",\"contentUrl\":\"https:\/\/quabbala.com\/wp-content\/uploads\/2019\/01\/internacionalizacion-de-empresas.png\"},{\"@type\":\"BreadcrumbList\",\"@id\":\"https:\/\/quabbala.com\/en\/como-crear-empresa-extranjero-derecho-mercantil-comercio\/#breadcrumb\",\"itemListElement\":[{\"@type\":\"ListItem\",\"position\":1,\"name\":\"Portada\",\"item\":\"https:\/\/quabbala.com\/en\/\"},{\"@type\":\"ListItem\",\"position\":2,\"name\":\"CREACI\u00d3N DE EMPRESAS EN EL EXTRANJERO\"}]},{\"@type\":\"WebSite\",\"@id\":\"https:\/\/quabbala.com\/en\/#website\",\"url\":\"https:\/\/quabbala.com\/en\/\",\"name\":\"\",\"description\":\"\",\"potentialAction\":[{\"@type\":\"SearchAction\",\"target\":{\"@type\":\"EntryPoint\",\"urlTemplate\":\"https:\/\/quabbala.com\/en\/?s={search_term_string}\"},\"query-input\":{\"@type\":\"PropertyValueSpecification\",\"valueRequired\":true,\"valueName\":\"search_term_string\"}}],\"inLanguage\":\"es\"}]}<\/script>\n<!-- \/ Yoast SEO plugin. -->","yoast_head_json":{"title":"Quabbala Internacional | CREACI\u00d3N DE EMPRESAS | Asia, Europa, UK","description":"Quabbala Abogados y Economistas llevamos m\u00e1s de 20 a\u00f1os ayudando a empresarios a crear empresas en el extranjerto, tanto en Europa como en Asia, somos...","robots":{"index":"index","follow":"follow","max-snippet":"max-snippet:-1","max-image-preview":"max-image-preview:large","max-video-preview":"max-video-preview:-1"},"canonical":"https:\/\/quabbala.com\/en\/como-crear-empresa-extranjero-derecho-mercantil-comercio\/","og_locale":"es_ES","og_type":"article","og_title":"Quabbala Internacional | CREACI\u00d3N DE EMPRESAS | Asia, Europa, UK","og_description":"Quabbala Abogados y Economistas llevamos m\u00e1s de 20 a\u00f1os ayudando a empresarios a crear empresas en el extranjerto, tanto en Europa como en Asia, somos...","og_url":"https:\/\/quabbala.com\/en\/como-crear-empresa-extranjero-derecho-mercantil-comercio\/","article_publisher":"https:\/\/www.facebook.com\/quabbala\/","article_modified_time":"2019-09-11T10:51:13+00:00","og_image":[{"url":"https:\/\/quabbala.com\/wp-content\/uploads\/2019\/01\/internacionalizacion-de-empresas.png"}],"twitter_card":"summary_large_image","twitter_site":"@Quabbala","twitter_misc":{"Tiempo de lectura":"3 minutos"},"schema":{"@context":"https:\/\/schema.org","@graph":[{"@type":"WebPage","@id":"https:\/\/quabbala.com\/en\/como-crear-empresa-extranjero-derecho-mercantil-comercio\/","url":"https:\/\/quabbala.com\/en\/como-crear-empresa-extranjero-derecho-mercantil-comercio\/","name":"Quabbala Internacional | CREACI\u00d3N DE EMPRESAS | Asia, Europa, UK","isPartOf":{"@id":"https:\/\/quabbala.com\/en\/#website"},"primaryImageOfPage":{"@id":"https:\/\/quabbala.com\/en\/como-crear-empresa-extranjero-derecho-mercantil-comercio\/#primaryimage"},"image":{"@id":"https:\/\/quabbala.com\/en\/como-crear-empresa-extranjero-derecho-mercantil-comercio\/#primaryimage"},"thumbnailUrl":"https:\/\/quabbala.com\/wp-content\/uploads\/2019\/01\/internacionalizacion-de-empresas.png","datePublished":"2019-01-31T09:12:53+00:00","dateModified":"2019-09-11T10:51:13+00:00","description":"Quabbala Abogados y Economistas llevamos m\u00e1s de 20 a\u00f1os ayudando a empresarios a crear empresas en el extranjerto, tanto en Europa como en Asia, somos...","breadcrumb":{"@id":"https:\/\/quabbala.com\/en\/como-crear-empresa-extranjero-derecho-mercantil-comercio\/#breadcrumb"},"inLanguage":"es","potentialAction":[{"@type":"ReadAction","target":["https:\/\/quabbala.com\/en\/como-crear-empresa-extranjero-derecho-mercantil-comercio\/"]}]},{"@type":"ImageObject","inLanguage":"es","@id":"https:\/\/quabbala.com\/en\/como-crear-empresa-extranjero-derecho-mercantil-comercio\/#primaryimage","url":"https:\/\/quabbala.com\/wp-content\/uploads\/2019\/01\/internacionalizacion-de-empresas.png","contentUrl":"https:\/\/quabbala.com\/wp-content\/uploads\/2019\/01\/internacionalizacion-de-empresas.png"},{"@type":"BreadcrumbList","@id":"https:\/\/quabbala.com\/en\/como-crear-empresa-extranjero-derecho-mercantil-comercio\/#breadcrumb","itemListElement":[{"@type":"ListItem","position":1,"name":"Portada","item":"https:\/\/quabbala.com\/en\/"},{"@type":"ListItem","position":2,"name":"CREACI\u00d3N DE EMPRESAS EN EL EXTRANJERO"}]},{"@type":"WebSite","@id":"https:\/\/quabbala.com\/en\/#website","url":"https:\/\/quabbala.com\/en\/","name":"","description":"","potentialAction":[{"@type":"SearchAction","target":{"@type":"EntryPoint","urlTemplate":"https:\/\/quabbala.com\/en\/?s={search_term_string}"},"query-input":{"@type":"PropertyValueSpecification","valueRequired":true,"valueName":"search_term_string"}}],"inLanguage":"es"}]}},"_links":{"self":[{"href":"https:\/\/quabbala.com\/en\/wp-json\/wp\/v2\/pages\/1147"}],"collection":[{"href":"https:\/\/quabbala.com\/en\/wp-json\/wp\/v2\/pages"}],"about":[{"href":"https:\/\/quabbala.com\/en\/wp-json\/wp\/v2\/types\/page"}],"author":[{"embeddable":true,"href":"https:\/\/quabbala.com\/en\/wp-json\/wp\/v2\/users\/1"}],"replies":[{"embeddable":true,"href":"https:\/\/quabbala.com\/en\/wp-json\/wp\/v2\/comments?post=1147"}],"version-history":[{"count":35,"href":"https:\/\/quabbala.com\/en\/wp-json\/wp\/v2\/pages\/1147\/revisions"}],"predecessor-version":[{"id":3701,"href":"https:\/\/quabbala.com\/en\/wp-json\/wp\/v2\/pages\/1147\/revisions\/3701"}],"wp:attachment":[{"href":"https:\/\/quabbala.com\/en\/wp-json\/wp\/v2\/media?parent=1147"}],"curies":[{"name":"wp","href":"https:\/\/api.w.org\/{rel}","templated":true}]}}