{"id":1170,"date":"2019-01-31T10:32:03","date_gmt":"2019-01-31T10:32:03","guid":{"rendered":"https:\/\/quabbala.com\/?page_id=1170"},"modified":"2019-09-16T09:00:25","modified_gmt":"2019-09-16T09:00:25","slug":"metodos-como-calcular-valoracion-empresa-para-venta","status":"publish","type":"page","link":"https:\/\/quabbala.com\/en\/metodos-como-calcular-valoracion-empresa-para-venta\/","title":{"rendered":"VALORACI\u00d3N EMPRESAS"},"content":{"rendered":"<div class=\"justify\">\n<div class=\"title-orange-landing\">Valoraci\u00f3n y tasaci\u00f3n de empresas<\/div>\n<p>&nbsp;<\/p>\n<p>La\u00a0<strong>valoraci\u00f3n de una empresa<\/strong>\u00a0debe aportar una visi\u00f3n general y exacta de su situaci\u00f3n financiera presente, informaci\u00f3n necesaria en casos de fusi\u00f3n o adquisici\u00f3n. Los cuadernos de ventas son uno de los m\u00e9todos de valoraci\u00f3n de empresas m\u00e1s eficaces, debido a que contienen la informaci\u00f3n necesaria para evaluar el estado general financiero de una compa\u00f1\u00eda.<\/p>\n<\/div>\n<p>&nbsp;<\/p>\n<p>&nbsp;<\/p>\n<div class=\"subtitle-sentence\">\u00abLos cuadernos de ventas son uno de los m\u00e9todos de valoraci\u00f3n de empresas m\u00e1s eficaces\u00bb<\/div>\n<p>&nbsp;<\/p>\n<div class=\"justify\">\n<p>&nbsp;<\/p>\n<p>En <strong>Quabbala<\/strong>\u00a0<strong>abogados y economistas<\/strong>, proporcionamos a nuestros clientes todos los servicios necesarios para que sus operaciones, tanto nacionales como internacionales, resulten exitosas y se realicen con seguridad. Por eso formamos un equipo especializado, formado tanto por abogados como por economistas, orientado a <strong>operaciones de fusi\u00f3n y adquisici\u00f3n empresarial<\/strong>.<\/p>\n<\/div>\n<p>&nbsp;<\/p>\n<p><img loading=\"lazy\" decoding=\"async\" class=\"aligncenter wp-image-3651 size-full\" src=\"https:\/\/quabbala.com\/wp-content\/uploads\/2019\/09\/tasacion-empresas-quabbala.jpg\" alt=\"\" width=\"960\" height=\"374\" srcset=\"https:\/\/quabbala.com\/en\/wp-content\/uploads\/2019\/09\/tasacion-empresas-quabbala.jpg 960w, https:\/\/quabbala.com\/en\/wp-content\/uploads\/2019\/09\/tasacion-empresas-quabbala-150x58.jpg 150w, https:\/\/quabbala.com\/en\/wp-content\/uploads\/2019\/09\/tasacion-empresas-quabbala-300x117.jpg 300w, https:\/\/quabbala.com\/en\/wp-content\/uploads\/2019\/09\/tasacion-empresas-quabbala-768x299.jpg 768w, https:\/\/quabbala.com\/en\/wp-content\/uploads\/2019\/09\/tasacion-empresas-quabbala-624x243.jpg 624w\" sizes=\"(max-width: 960px) 100vw, 960px\" \/><\/p>\n<p>&nbsp;<\/p>\n<div class=\"justify\">\n<p>&nbsp;<\/p>\n<p>Cuando nos planteamos\u00a0<strong>c\u00f3mo valorar una empresa para su venta<\/strong>, debemos tener en cuenta todo tipo de factores que afectan a su situaci\u00f3n, de ah\u00ed la necesidad de formar equipos multidisciplinares, capaces de aportar informaci\u00f3n muy diversa, que d\u00e9 como resultado una conclusi\u00f3n integral y veraz.<\/p>\n<p>&nbsp;<\/p>\n<p>Somos <strong>expertos en valoraci\u00f3n de empresas<\/strong> <strong>y procesos de\u00a0ventas y adquisiciones internacionales<\/strong>, nuestra experiencia en todo tipo de sectores nos avala.<\/p>\n<p>&nbsp;<\/p>\n<div><\/div>\n<div><\/div>\n<div class=\"title-orange-landing\">Valoraci\u00f3n de empresas para adquisiciones y ventas<\/div>\n<p>&nbsp;<\/p>\n<p>&nbsp;<\/p>\n<p>La percepci\u00f3n de una empresa en venta, o inmersa en un proceso de fusi\u00f3n, debe ser concreta y \u00fatil. Los\u00a0<strong>cuadernos de venta<\/strong>\u00a0aportan el<strong> an\u00e1lisis necesario para establecer las condiciones de la venta o fusi\u00f3n<\/strong>, sin embargo, desarrollar cuadernos de venta y an\u00e1lisis de empresas no es sencillo, para conseguirlo se necesita la colaboraci\u00f3n de distintos profesionales capaces de evaluar cada uno de los aspectos que intervienen en el funcionamiento de la empresa.<\/p>\n<p>&nbsp;<\/p>\n<\/div>\n<p>&nbsp;<\/p>\n<div><\/div>\n<div class=\"subtitle-sentence\">\u00abLos\u00a0cuadernos de venta\u00a0aportan el an\u00e1lisis necesario para establecer las condiciones de la venta o fusi\u00f3n\u00bb<\/div>\n<div><\/div>\n<p>&nbsp;<\/p>\n<div class=\"justify\">\n<p>&nbsp;<\/p>\n<p>En <strong>Quabbala<\/strong> <strong>abogados y economistas<\/strong> hemos participado en diferentes procesos, todos ellos con caracter\u00edsticas diferentes, aportando un an\u00e1lisis certero, centrado en las cuestiones que puedan afectar a las distintas partes implicadas.<\/p>\n<p>&nbsp;<\/p>\n<p>Nuestros servicios alcanzan todo tipo de<strong>\u00a0operaciones internacionales<\/strong>, nuestras distintas sedes trabajan para aportar su visi\u00f3n acerca de las regiones en las que operan, participando en el an\u00e1lisis por medio de un exhaustivo estudio de la situaci\u00f3n del mercado en el que se integra el proceso.<\/p>\n<\/div>\n<p>&nbsp;<\/p>\n<p>&nbsp;<\/p>\n<div class=\"title-orange-landing\">\n<h2 style=\"text-align: center;\">\u00c1reas de Especializaci\u00f3n<\/h2>\n<\/div>\n<p>&nbsp;<\/p>\n<div class=\"wrapper-global\">\n<div class=\"legal-service-container\">\n<div class=\"legal-service\"><a href=\"https:\/\/quabbala.com\/metodos-como-calcular-valoracion-empresa-para-venta\/\">Valoraci\u00f3n de Empresas<\/a><\/div>\n<div class=\"legal-service\"><a href=\"https:\/\/quabbala.com\/busqueda-socio-capitalista-inversores-negocio-acuerdos-financieros\/\">Acuerdos Financieros<\/a><\/div>\n<div class=\"legal-service\"><a href=\"https:\/\/quabbala.com\/informe-due-diligence-financiero-fiscal-auditoria-juridica\/\">Due Diligence Financiera<\/a><\/div>\n<div class=\"legal-service\"><a href=\"https:\/\/quabbala.com\/abogados-elaboracion-planificacion-estrategica-empresarial\/\">Plan Estrat\u00e9gico<\/a><\/div>\n<div class=\"legal-service\"><a href=\"https:\/\/quabbala.com\/estudio-viabilidad-plan-economico-financiero-empresa\/\">Plan Econ\u00f3mico Financiero<\/a><\/div>\n<div class=\"legal-service\"><a href=\"https:\/\/quabbala.com\/empresa-investigacion-estudios-mercado-empresas-productos\/\">Estudios de Mercado<\/a><\/div>\n<div class=\"legal-service\"><a href=\"https:\/\/quabbala.com\/plan-reestructuracion-empresarial-finaciera-deudas-empresas\/\">Reestructuraci\u00f3n Empresarial<\/a><\/div>\n<div class=\"legal-service\"><a href=\"https:\/\/quabbala.com\/peritaje-juridico-peritos-judiciales-forenses-judicial-informatico\/\">Peritaje Jur\u00eddico Financiero<\/a><\/div>\n<div class=\"legal-service\"><a href=\"https:\/\/quabbala.com\/servicios-auditoria-externa-revision-estados-financieros\/\">Revisi\u00f3n Contable y Auditor\u00eda<\/a><\/div>\n<\/div>\n<\/div>\n<p>&nbsp;<\/p>\n","protected":false},"excerpt":{"rendered":"<p>Valoraci\u00f3n y tasaci\u00f3n de empresas &nbsp; La\u00a0valoraci\u00f3n de una empresa\u00a0debe aportar una visi\u00f3n general y exacta de su situaci\u00f3n financiera [&hellip;]<\/p>\n","protected":false},"author":1,"featured_media":0,"parent":0,"menu_order":0,"comment_status":"closed","ping_status":"closed","template":"page-templates\/page-comercio-exterior.php","meta":{"_acf_changed":false,"footnotes":""},"class_list":["post-1170","page","type-page","status-publish","hentry"],"acf":[],"yoast_head":"<!-- This site is optimized with the Yoast SEO plugin v23.7 - https:\/\/yoast.com\/wordpress\/plugins\/seo\/ -->\n<title>VALORACION DE EMPRESAS | Quabbala Economistas | 625 731 000<\/title>\n<meta name=\"description\" content=\"Quabbala Abogados y Economistas lleva m\u00e1s de 20 a\u00f1os realizando Valoraciones de Empresa a nivel nacional e internacional. Proporcionamos a nuestros clientes...\" \/>\n<meta name=\"robots\" content=\"index, follow, max-snippet:-1, max-image-preview:large, max-video-preview:-1\" \/>\n<link rel=\"canonical\" href=\"https:\/\/quabbala.com\/en\/metodos-como-calcular-valoracion-empresa-para-venta\/\" \/>\n<meta property=\"og:locale\" content=\"es_ES\" \/>\n<meta property=\"og:type\" content=\"article\" \/>\n<meta property=\"og:title\" content=\"VALORACION DE EMPRESAS | Quabbala Economistas | 625 731 000\" \/>\n<meta property=\"og:description\" content=\"Quabbala Abogados y Economistas lleva m\u00e1s de 20 a\u00f1os realizando Valoraciones de Empresa a nivel nacional e internacional. Proporcionamos a nuestros clientes...\" \/>\n<meta property=\"og:url\" content=\"https:\/\/quabbala.com\/en\/metodos-como-calcular-valoracion-empresa-para-venta\/\" \/>\n<meta property=\"article:publisher\" content=\"https:\/\/www.facebook.com\/quabbala\/\" \/>\n<meta property=\"article:modified_time\" content=\"2019-09-16T09:00:25+00:00\" \/>\n<meta property=\"og:image\" content=\"https:\/\/quabbala.com\/wp-content\/uploads\/2019\/09\/tasacion-empresas-quabbala.jpg\" \/>\n<meta name=\"twitter:card\" content=\"summary_large_image\" \/>\n<meta name=\"twitter:site\" content=\"@Quabbala\" \/>\n<meta name=\"twitter:label1\" content=\"Tiempo de lectura\" \/>\n\t<meta name=\"twitter:data1\" content=\"2 minutos\" \/>\n<script type=\"application\/ld+json\" class=\"yoast-schema-graph\">{\"@context\":\"https:\/\/schema.org\",\"@graph\":[{\"@type\":\"WebPage\",\"@id\":\"https:\/\/quabbala.com\/en\/metodos-como-calcular-valoracion-empresa-para-venta\/\",\"url\":\"https:\/\/quabbala.com\/en\/metodos-como-calcular-valoracion-empresa-para-venta\/\",\"name\":\"VALORACION DE EMPRESAS | Quabbala Economistas | 625 731 000\",\"isPartOf\":{\"@id\":\"https:\/\/quabbala.com\/en\/#website\"},\"primaryImageOfPage\":{\"@id\":\"https:\/\/quabbala.com\/en\/metodos-como-calcular-valoracion-empresa-para-venta\/#primaryimage\"},\"image\":{\"@id\":\"https:\/\/quabbala.com\/en\/metodos-como-calcular-valoracion-empresa-para-venta\/#primaryimage\"},\"thumbnailUrl\":\"https:\/\/quabbala.com\/wp-content\/uploads\/2019\/09\/tasacion-empresas-quabbala.jpg\",\"datePublished\":\"2019-01-31T10:32:03+00:00\",\"dateModified\":\"2019-09-16T09:00:25+00:00\",\"description\":\"Quabbala Abogados y Economistas lleva m\u00e1s de 20 a\u00f1os realizando Valoraciones de Empresa a nivel nacional e internacional. Proporcionamos a nuestros clientes...\",\"breadcrumb\":{\"@id\":\"https:\/\/quabbala.com\/en\/metodos-como-calcular-valoracion-empresa-para-venta\/#breadcrumb\"},\"inLanguage\":\"es\",\"potentialAction\":[{\"@type\":\"ReadAction\",\"target\":[\"https:\/\/quabbala.com\/en\/metodos-como-calcular-valoracion-empresa-para-venta\/\"]}]},{\"@type\":\"ImageObject\",\"inLanguage\":\"es\",\"@id\":\"https:\/\/quabbala.com\/en\/metodos-como-calcular-valoracion-empresa-para-venta\/#primaryimage\",\"url\":\"https:\/\/quabbala.com\/wp-content\/uploads\/2019\/09\/tasacion-empresas-quabbala.jpg\",\"contentUrl\":\"https:\/\/quabbala.com\/wp-content\/uploads\/2019\/09\/tasacion-empresas-quabbala.jpg\"},{\"@type\":\"BreadcrumbList\",\"@id\":\"https:\/\/quabbala.com\/en\/metodos-como-calcular-valoracion-empresa-para-venta\/#breadcrumb\",\"itemListElement\":[{\"@type\":\"ListItem\",\"position\":1,\"name\":\"Portada\",\"item\":\"https:\/\/quabbala.com\/en\/\"},{\"@type\":\"ListItem\",\"position\":2,\"name\":\"VALORACI\u00d3N EMPRESAS\"}]},{\"@type\":\"WebSite\",\"@id\":\"https:\/\/quabbala.com\/en\/#website\",\"url\":\"https:\/\/quabbala.com\/en\/\",\"name\":\"\",\"description\":\"\",\"potentialAction\":[{\"@type\":\"SearchAction\",\"target\":{\"@type\":\"EntryPoint\",\"urlTemplate\":\"https:\/\/quabbala.com\/en\/?s={search_term_string}\"},\"query-input\":{\"@type\":\"PropertyValueSpecification\",\"valueRequired\":true,\"valueName\":\"search_term_string\"}}],\"inLanguage\":\"es\"}]}<\/script>\n<!-- \/ Yoast SEO plugin. -->","yoast_head_json":{"title":"VALORACION DE EMPRESAS | Quabbala Economistas | 625 731 000","description":"Quabbala Abogados y Economistas lleva m\u00e1s de 20 a\u00f1os realizando Valoraciones de Empresa a nivel nacional e internacional. Proporcionamos a nuestros clientes...","robots":{"index":"index","follow":"follow","max-snippet":"max-snippet:-1","max-image-preview":"max-image-preview:large","max-video-preview":"max-video-preview:-1"},"canonical":"https:\/\/quabbala.com\/en\/metodos-como-calcular-valoracion-empresa-para-venta\/","og_locale":"es_ES","og_type":"article","og_title":"VALORACION DE EMPRESAS | Quabbala Economistas | 625 731 000","og_description":"Quabbala Abogados y Economistas lleva m\u00e1s de 20 a\u00f1os realizando Valoraciones de Empresa a nivel nacional e internacional. Proporcionamos a nuestros clientes...","og_url":"https:\/\/quabbala.com\/en\/metodos-como-calcular-valoracion-empresa-para-venta\/","article_publisher":"https:\/\/www.facebook.com\/quabbala\/","article_modified_time":"2019-09-16T09:00:25+00:00","og_image":[{"url":"https:\/\/quabbala.com\/wp-content\/uploads\/2019\/09\/tasacion-empresas-quabbala.jpg"}],"twitter_card":"summary_large_image","twitter_site":"@Quabbala","twitter_misc":{"Tiempo de lectura":"2 minutos"},"schema":{"@context":"https:\/\/schema.org","@graph":[{"@type":"WebPage","@id":"https:\/\/quabbala.com\/en\/metodos-como-calcular-valoracion-empresa-para-venta\/","url":"https:\/\/quabbala.com\/en\/metodos-como-calcular-valoracion-empresa-para-venta\/","name":"VALORACION DE EMPRESAS | Quabbala Economistas | 625 731 000","isPartOf":{"@id":"https:\/\/quabbala.com\/en\/#website"},"primaryImageOfPage":{"@id":"https:\/\/quabbala.com\/en\/metodos-como-calcular-valoracion-empresa-para-venta\/#primaryimage"},"image":{"@id":"https:\/\/quabbala.com\/en\/metodos-como-calcular-valoracion-empresa-para-venta\/#primaryimage"},"thumbnailUrl":"https:\/\/quabbala.com\/wp-content\/uploads\/2019\/09\/tasacion-empresas-quabbala.jpg","datePublished":"2019-01-31T10:32:03+00:00","dateModified":"2019-09-16T09:00:25+00:00","description":"Quabbala Abogados y Economistas lleva m\u00e1s de 20 a\u00f1os realizando Valoraciones de Empresa a nivel nacional e internacional. Proporcionamos a nuestros clientes...","breadcrumb":{"@id":"https:\/\/quabbala.com\/en\/metodos-como-calcular-valoracion-empresa-para-venta\/#breadcrumb"},"inLanguage":"es","potentialAction":[{"@type":"ReadAction","target":["https:\/\/quabbala.com\/en\/metodos-como-calcular-valoracion-empresa-para-venta\/"]}]},{"@type":"ImageObject","inLanguage":"es","@id":"https:\/\/quabbala.com\/en\/metodos-como-calcular-valoracion-empresa-para-venta\/#primaryimage","url":"https:\/\/quabbala.com\/wp-content\/uploads\/2019\/09\/tasacion-empresas-quabbala.jpg","contentUrl":"https:\/\/quabbala.com\/wp-content\/uploads\/2019\/09\/tasacion-empresas-quabbala.jpg"},{"@type":"BreadcrumbList","@id":"https:\/\/quabbala.com\/en\/metodos-como-calcular-valoracion-empresa-para-venta\/#breadcrumb","itemListElement":[{"@type":"ListItem","position":1,"name":"Portada","item":"https:\/\/quabbala.com\/en\/"},{"@type":"ListItem","position":2,"name":"VALORACI\u00d3N EMPRESAS"}]},{"@type":"WebSite","@id":"https:\/\/quabbala.com\/en\/#website","url":"https:\/\/quabbala.com\/en\/","name":"","description":"","potentialAction":[{"@type":"SearchAction","target":{"@type":"EntryPoint","urlTemplate":"https:\/\/quabbala.com\/en\/?s={search_term_string}"},"query-input":{"@type":"PropertyValueSpecification","valueRequired":true,"valueName":"search_term_string"}}],"inLanguage":"es"}]}},"_links":{"self":[{"href":"https:\/\/quabbala.com\/en\/wp-json\/wp\/v2\/pages\/1170"}],"collection":[{"href":"https:\/\/quabbala.com\/en\/wp-json\/wp\/v2\/pages"}],"about":[{"href":"https:\/\/quabbala.com\/en\/wp-json\/wp\/v2\/types\/page"}],"author":[{"embeddable":true,"href":"https:\/\/quabbala.com\/en\/wp-json\/wp\/v2\/users\/1"}],"replies":[{"embeddable":true,"href":"https:\/\/quabbala.com\/en\/wp-json\/wp\/v2\/comments?post=1170"}],"version-history":[{"count":25,"href":"https:\/\/quabbala.com\/en\/wp-json\/wp\/v2\/pages\/1170\/revisions"}],"predecessor-version":[{"id":3819,"href":"https:\/\/quabbala.com\/en\/wp-json\/wp\/v2\/pages\/1170\/revisions\/3819"}],"wp:attachment":[{"href":"https:\/\/quabbala.com\/en\/wp-json\/wp\/v2\/media?parent=1170"}],"curies":[{"name":"wp","href":"https:\/\/api.w.org\/{rel}","templated":true}]}}