{"id":1178,"date":"2019-01-31T10:58:51","date_gmt":"2019-01-31T10:58:51","guid":{"rendered":"https:\/\/quabbala.com\/?page_id=1178"},"modified":"2019-09-16T10:12:57","modified_gmt":"2019-09-16T10:12:57","slug":"informe-due-diligence-financiera-fiscal-auditoria-juridica","status":"publish","type":"page","link":"https:\/\/quabbala.com\/en\/informe-due-diligence-financiera-fiscal-auditoria-juridica\/","title":{"rendered":"DUE DILIGENCE: JUR\u00cdDICA, FINANCIERA, FISCAL"},"content":{"rendered":"<div class=\"justify\">\n<div class=\"title-orange-landing\">Due Diligence financiera<\/div>\n<p>&nbsp;<\/p>\n<p>Una <strong>Due Diligence<\/strong> permite conocer el<strong> estado general de una empresa<\/strong>. Se trata de un proceso que puede resultar <strong>muy \u00fatil en diversas situaciones financieras<\/strong>, especialmente durante fases previas de investigaci\u00f3n.<\/p>\n<\/div>\n<p>&nbsp;<\/p>\n<p>&nbsp;<\/p>\n<div class=\"subtitle-sentence\">\u00abUna Due Diligence debe ser capaz de arrojar un resultado que refleje cada uno de los aspectos que intervienen en el estado de una empresa\u00bb.<\/div>\n<p>&nbsp;<\/p>\n<div class=\"justify\">\n<p>&nbsp;<\/p>\n<p>El objetivo principal de este tipo de trabajos es <strong>elaborar una evaluaci\u00f3n concreta y ver\u00eddica del estado real de una empresa<\/strong>, sin embargo, este trabajo no tiene por qu\u00e9 circunscribirse al \u00e1mbito financiero o los balances de la compa\u00f1\u00eda.<\/p>\n<div class=\"title-orange-landing\">\n<h2><\/h2>\n<h2 style=\"text-align: center;\">\u00c1reas de Especializaci\u00f3n<\/h2>\n<\/div>\n<p>&nbsp;<\/p>\n<div class=\"wrapper-global\">\n<div class=\"legal-service-container\">\n<div class=\"legal-service\"><a href=\"https:\/\/quabbala.com\/metodos-como-calcular-valoracion-empresa-para-venta\/\">Valoraci\u00f3n de Empresas<\/a><\/div>\n<div class=\"legal-service\"><a href=\"https:\/\/quabbala.com\/busqueda-socio-capitalista-inversores-negocio-acuerdos-financieros\/\">Acuerdos Financieros<\/a><\/div>\n<div class=\"legal-service\"><a href=\"https:\/\/quabbala.com\/informe-due-diligence-financiero-fiscal-auditoria-juridica\/\">Due Diligence Financiera<\/a><\/div>\n<div class=\"legal-service\"><a href=\"https:\/\/quabbala.com\/abogados-elaboracion-planificacion-estrategica-empresarial\/\">Plan Estrat\u00e9gico<\/a><\/div>\n<div class=\"legal-service\"><a href=\"https:\/\/quabbala.com\/estudio-viabilidad-plan-economico-financiero-empresa\/\">Plan Econ\u00f3mico Financiero<\/a><\/div>\n<div class=\"legal-service\"><a href=\"https:\/\/quabbala.com\/empresa-investigacion-estudios-mercado-empresas-productos\/\">Estudios de Mercado<\/a><\/div>\n<div class=\"legal-service\"><a href=\"https:\/\/quabbala.com\/plan-reestructuracion-empresarial-finaciera-deudas-empresas\/\">Reestructuraci\u00f3n Empresarial<\/a><\/div>\n<div class=\"legal-service\"><a href=\"https:\/\/quabbala.com\/peritaje-juridico-peritos-judiciales-forenses-judicial-informatico\/\">Peritaje Jur\u00eddico Financiero<\/a><\/div>\n<div class=\"legal-service\"><a href=\"https:\/\/quabbala.com\/servicios-auditoria-externa-revision-estados-financieros\/\">Revisi\u00f3n Contable y Auditor\u00eda<\/a><\/div>\n<\/div>\n<\/div>\n<p>&nbsp;<\/p>\n<\/div>\n","protected":false},"excerpt":{"rendered":"<p>Due Diligence financiera &nbsp; Una Due Diligence permite conocer el estado general de una empresa. Se trata de un proceso [&hellip;]<\/p>\n","protected":false},"author":1,"featured_media":0,"parent":0,"menu_order":0,"comment_status":"closed","ping_status":"closed","template":"page-templates\/page-comercio-exterior.php","meta":{"_acf_changed":false,"footnotes":""},"class_list":["post-1178","page","type-page","status-publish","hentry"],"acf":[],"yoast_head":"<!-- This site is optimized with the Yoast SEO plugin v23.7 - https:\/\/yoast.com\/wordpress\/plugins\/seo\/ -->\n<title>DUE DILIGENCE: Jur\u00eddica, Financiera, Fiscal | Internacional | 625 713 000<\/title>\n<meta name=\"description\" content=\"Quabbala Abogados y Economistas, especialistas en Due Diligence Jur\u00eddica, Financiera y Fiscal | M\u00e1s de 20 a\u00f1os | Ll\u00e1manos al 625 713 000 | info@quabbala.com\" \/>\n<meta name=\"robots\" content=\"index, follow, max-snippet:-1, max-image-preview:large, max-video-preview:-1\" \/>\n<link rel=\"canonical\" href=\"https:\/\/quabbala.com\/en\/informe-due-diligence-financiera-fiscal-auditoria-juridica\/\" \/>\n<meta property=\"og:locale\" content=\"es_ES\" \/>\n<meta property=\"og:type\" content=\"article\" \/>\n<meta property=\"og:title\" content=\"DUE DILIGENCE: Jur\u00eddica, Financiera, Fiscal | Internacional | 625 713 000\" \/>\n<meta property=\"og:description\" content=\"Quabbala Abogados y Economistas, especialistas en Due Diligence Jur\u00eddica, Financiera y Fiscal | M\u00e1s de 20 a\u00f1os | Ll\u00e1manos al 625 713 000 | info@quabbala.com\" \/>\n<meta property=\"og:url\" content=\"https:\/\/quabbala.com\/en\/informe-due-diligence-financiera-fiscal-auditoria-juridica\/\" \/>\n<meta property=\"article:publisher\" content=\"https:\/\/www.facebook.com\/quabbala\/\" \/>\n<meta property=\"article:modified_time\" content=\"2019-09-16T10:12:57+00:00\" \/>\n<meta name=\"twitter:card\" content=\"summary_large_image\" \/>\n<meta name=\"twitter:site\" content=\"@Quabbala\" \/>\n<meta name=\"twitter:label1\" content=\"Tiempo de lectura\" \/>\n\t<meta name=\"twitter:data1\" content=\"1 minuto\" \/>\n<script type=\"application\/ld+json\" class=\"yoast-schema-graph\">{\"@context\":\"https:\/\/schema.org\",\"@graph\":[{\"@type\":\"WebPage\",\"@id\":\"https:\/\/quabbala.com\/en\/informe-due-diligence-financiera-fiscal-auditoria-juridica\/\",\"url\":\"https:\/\/quabbala.com\/en\/informe-due-diligence-financiera-fiscal-auditoria-juridica\/\",\"name\":\"DUE DILIGENCE: Jur\u00eddica, Financiera, Fiscal | Internacional | 625 713 000\",\"isPartOf\":{\"@id\":\"https:\/\/quabbala.com\/en\/#website\"},\"datePublished\":\"2019-01-31T10:58:51+00:00\",\"dateModified\":\"2019-09-16T10:12:57+00:00\",\"description\":\"Quabbala Abogados y Economistas, especialistas en Due Diligence Jur\u00eddica, Financiera y Fiscal | M\u00e1s de 20 a\u00f1os | Ll\u00e1manos al 625 713 000 | info@quabbala.com\",\"breadcrumb\":{\"@id\":\"https:\/\/quabbala.com\/en\/informe-due-diligence-financiera-fiscal-auditoria-juridica\/#breadcrumb\"},\"inLanguage\":\"es\",\"potentialAction\":[{\"@type\":\"ReadAction\",\"target\":[\"https:\/\/quabbala.com\/en\/informe-due-diligence-financiera-fiscal-auditoria-juridica\/\"]}]},{\"@type\":\"BreadcrumbList\",\"@id\":\"https:\/\/quabbala.com\/en\/informe-due-diligence-financiera-fiscal-auditoria-juridica\/#breadcrumb\",\"itemListElement\":[{\"@type\":\"ListItem\",\"position\":1,\"name\":\"Portada\",\"item\":\"https:\/\/quabbala.com\/en\/\"},{\"@type\":\"ListItem\",\"position\":2,\"name\":\"DUE DILIGENCE: JUR\u00cdDICA, FINANCIERA, FISCAL\"}]},{\"@type\":\"WebSite\",\"@id\":\"https:\/\/quabbala.com\/en\/#website\",\"url\":\"https:\/\/quabbala.com\/en\/\",\"name\":\"\",\"description\":\"\",\"potentialAction\":[{\"@type\":\"SearchAction\",\"target\":{\"@type\":\"EntryPoint\",\"urlTemplate\":\"https:\/\/quabbala.com\/en\/?s={search_term_string}\"},\"query-input\":{\"@type\":\"PropertyValueSpecification\",\"valueRequired\":true,\"valueName\":\"search_term_string\"}}],\"inLanguage\":\"es\"}]}<\/script>\n<!-- \/ Yoast SEO plugin. -->","yoast_head_json":{"title":"DUE DILIGENCE: Jur\u00eddica, Financiera, Fiscal | Internacional | 625 713 000","description":"Quabbala Abogados y Economistas, especialistas en Due Diligence Jur\u00eddica, Financiera y Fiscal | M\u00e1s de 20 a\u00f1os | Ll\u00e1manos al 625 713 000 | info@quabbala.com","robots":{"index":"index","follow":"follow","max-snippet":"max-snippet:-1","max-image-preview":"max-image-preview:large","max-video-preview":"max-video-preview:-1"},"canonical":"https:\/\/quabbala.com\/en\/informe-due-diligence-financiera-fiscal-auditoria-juridica\/","og_locale":"es_ES","og_type":"article","og_title":"DUE DILIGENCE: Jur\u00eddica, Financiera, Fiscal | Internacional | 625 713 000","og_description":"Quabbala Abogados y Economistas, especialistas en Due Diligence Jur\u00eddica, Financiera y Fiscal | M\u00e1s de 20 a\u00f1os | Ll\u00e1manos al 625 713 000 | info@quabbala.com","og_url":"https:\/\/quabbala.com\/en\/informe-due-diligence-financiera-fiscal-auditoria-juridica\/","article_publisher":"https:\/\/www.facebook.com\/quabbala\/","article_modified_time":"2019-09-16T10:12:57+00:00","twitter_card":"summary_large_image","twitter_site":"@Quabbala","twitter_misc":{"Tiempo de lectura":"1 minuto"},"schema":{"@context":"https:\/\/schema.org","@graph":[{"@type":"WebPage","@id":"https:\/\/quabbala.com\/en\/informe-due-diligence-financiera-fiscal-auditoria-juridica\/","url":"https:\/\/quabbala.com\/en\/informe-due-diligence-financiera-fiscal-auditoria-juridica\/","name":"DUE DILIGENCE: Jur\u00eddica, Financiera, Fiscal | Internacional | 625 713 000","isPartOf":{"@id":"https:\/\/quabbala.com\/en\/#website"},"datePublished":"2019-01-31T10:58:51+00:00","dateModified":"2019-09-16T10:12:57+00:00","description":"Quabbala Abogados y Economistas, especialistas en Due Diligence Jur\u00eddica, Financiera y Fiscal | M\u00e1s de 20 a\u00f1os | Ll\u00e1manos al 625 713 000 | info@quabbala.com","breadcrumb":{"@id":"https:\/\/quabbala.com\/en\/informe-due-diligence-financiera-fiscal-auditoria-juridica\/#breadcrumb"},"inLanguage":"es","potentialAction":[{"@type":"ReadAction","target":["https:\/\/quabbala.com\/en\/informe-due-diligence-financiera-fiscal-auditoria-juridica\/"]}]},{"@type":"BreadcrumbList","@id":"https:\/\/quabbala.com\/en\/informe-due-diligence-financiera-fiscal-auditoria-juridica\/#breadcrumb","itemListElement":[{"@type":"ListItem","position":1,"name":"Portada","item":"https:\/\/quabbala.com\/en\/"},{"@type":"ListItem","position":2,"name":"DUE DILIGENCE: JUR\u00cdDICA, FINANCIERA, FISCAL"}]},{"@type":"WebSite","@id":"https:\/\/quabbala.com\/en\/#website","url":"https:\/\/quabbala.com\/en\/","name":"","description":"","potentialAction":[{"@type":"SearchAction","target":{"@type":"EntryPoint","urlTemplate":"https:\/\/quabbala.com\/en\/?s={search_term_string}"},"query-input":{"@type":"PropertyValueSpecification","valueRequired":true,"valueName":"search_term_string"}}],"inLanguage":"es"}]}},"_links":{"self":[{"href":"https:\/\/quabbala.com\/en\/wp-json\/wp\/v2\/pages\/1178"}],"collection":[{"href":"https:\/\/quabbala.com\/en\/wp-json\/wp\/v2\/pages"}],"about":[{"href":"https:\/\/quabbala.com\/en\/wp-json\/wp\/v2\/types\/page"}],"author":[{"embeddable":true,"href":"https:\/\/quabbala.com\/en\/wp-json\/wp\/v2\/users\/1"}],"replies":[{"embeddable":true,"href":"https:\/\/quabbala.com\/en\/wp-json\/wp\/v2\/comments?post=1178"}],"version-history":[{"count":20,"href":"https:\/\/quabbala.com\/en\/wp-json\/wp\/v2\/pages\/1178\/revisions"}],"predecessor-version":[{"id":3822,"href":"https:\/\/quabbala.com\/en\/wp-json\/wp\/v2\/pages\/1178\/revisions\/3822"}],"wp:attachment":[{"href":"https:\/\/quabbala.com\/en\/wp-json\/wp\/v2\/media?parent=1178"}],"curies":[{"name":"wp","href":"https:\/\/api.w.org\/{rel}","templated":true}]}}