{"id":1182,"date":"2019-01-31T13:31:17","date_gmt":"2019-01-31T13:31:17","guid":{"rendered":"https:\/\/quabbala.com\/?page_id=1182"},"modified":"2019-09-16T10:22:04","modified_gmt":"2019-09-16T10:22:04","slug":"abogados-elaboracion-planificacion-estrategica-empresarial","status":"publish","type":"page","link":"https:\/\/quabbala.com\/en\/abogados-elaboracion-planificacion-estrategica-empresarial\/","title":{"rendered":"ELABORACI\u00d3N DEL PLAN DE NEGOCIO Y ESTRAT\u00c9GICO"},"content":{"rendered":"<div class=\"justify\">\n<div class=\"title-orange-landing\">Elaboraci\u00f3n de plan estrat\u00e9gico empresarial del negocio<\/div>\n<p>&nbsp;<\/p>\n<p>&nbsp;<\/p>\n<p>La <strong>elaboraci\u00f3n de un plan de negocio o plan estrat\u00e9gico<\/strong> se centra en los planes de una empresa a medio y largo plazo, estableciendo las estrategias generales, as\u00ed como las t\u00e1cticas que se llevar\u00e1n a cabo con el fin de lograr los objetivos marcados.<\/p>\n<\/div>\n<p>&nbsp;<\/p>\n<p>&nbsp;<\/p>\n<div class=\"subtitle-sentence\">\u00abEl plan de negocio de una empresa debe arrojar una visi\u00f3n global de las intenciones corporativas\u00bb.<\/div>\n<p>&nbsp;<\/p>\n<p>&nbsp;<\/p>\n<div class=\"justify\">\n<p>Toda corporaci\u00f3n necesita de una <strong>planificaci\u00f3n estrat\u00e9gica empresarial<\/strong> que aporte informaci\u00f3n acerca de futuros objetivos, sin embargo, para que este documento resulte verdaderamente \u00fatil, el <strong>plan de negocios de una empresa<\/strong> debe arrojar una <strong>visi\u00f3n global de las intenciones corporativas<\/strong>.<\/p>\n<p>&nbsp;<\/p>\n<p>Para completar la informaci\u00f3n, <em><strong>el plan estrat\u00e9gico incluye fechas y m\u00e9todos de evaluaci\u00f3n<\/strong><\/em>, con los que poder calibrar la efectividad del plan estrat\u00e9gico en un tiempo determinado.<\/p>\n<p>&nbsp;<\/p>\n<p>Los <strong>planes estrat\u00e9gicos<\/strong> no solo deben incluir datos cuantitativos, adem\u00e1s deben hacer referencia a pol\u00edticas internas, hechos concretos y actuaciones futuras. En Quabbala realizamos <strong>planes de negocio<\/strong> adaptados a cada empresa, con objetivos medibles y adecuados a la coyuntura propia de la empresa.<\/p>\n<\/div>\n<p>&nbsp;<\/p>\n<p>&nbsp;<\/p>\n<div class=\"justify\">\n<div class=\"title-orange-landing\">Plan de negocio internacional<\/div>\n<p>&nbsp;<\/p>\n<p>&nbsp;<\/p>\n<p>Las actuaciones de internacionalizaci\u00f3n necesitan de un elaborado <strong>plan estrat\u00e9gico<\/strong> que establezca las bases del proceso a seguir, en Quabbala somos <strong>expertos en internacionalizaci\u00f3n de empresas<\/strong>, nuestros clientes disfrutan de un servicio personalizado de <strong>elaboraci\u00f3n de planes estrat\u00e9gicos<\/strong> orientados a la internacionalizaci\u00f3n y exportaci\u00f3n de modelos de negocio.<\/p>\n<\/div>\n<p>&nbsp;<\/p>\n<p>&nbsp;<\/p>\n<p><img loading=\"lazy\" decoding=\"async\" class=\"aligncenter wp-image-158 size-medium\" src=\"https:\/\/quabbala.com\/wp-content\/uploads\/2018\/11\/quabbala-international-map-300x148.jpg\" alt=\"quabbala-despachos-de-abogados-economistas-internacional\" width=\"300\" height=\"148\" srcset=\"https:\/\/quabbala.com\/en\/wp-content\/uploads\/2018\/11\/quabbala-international-map-300x148.jpg 300w, https:\/\/quabbala.com\/en\/wp-content\/uploads\/2018\/11\/quabbala-international-map.jpg 584w\" sizes=\"(max-width: 300px) 100vw, 300px\" \/><\/p>\n<p>&nbsp;<\/p>\n<div class=\"justify\">\n<p>&nbsp;<\/p>\n<p>En <strong>Quabbala<\/strong> <strong>abogados y economistas<\/strong>, formamos un equipo multidisciplinar de expertos en diferentes \u00e1mbitos, tanto legales como financieros, para elaborar un <strong>plan de negocio de empresa<\/strong> ajustado a tus objetivos, eficaz y capaz de establecer con claridad las actuaciones a medio y largo plazo de su empresa, as\u00ed como su proceso completo de internacionalizaci\u00f3n e implantaci\u00f3n en mercados extranjeros.<\/p>\n<\/div>\n<p>&nbsp;<\/p>\n<p>&nbsp;<\/p>\n<div class=\"title-orange-landing\">\n<h2 style=\"text-align: center;\">\u00c1reas de Especializaci\u00f3n<\/h2>\n<\/div>\n<p>&nbsp;<\/p>\n<div class=\"wrapper-global\">\n<div class=\"legal-service-container\">\n<div class=\"legal-service\"><a href=\"https:\/\/quabbala.com\/metodos-como-calcular-valoracion-empresa-para-venta\/\">Valoraci\u00f3n de Empresas<\/a><\/div>\n<div class=\"legal-service\"><a href=\"https:\/\/quabbala.com\/busqueda-socio-capitalista-inversores-negocio-acuerdos-financieros\/\">Acuerdos Financieros<\/a><\/div>\n<div class=\"legal-service\"><a href=\"https:\/\/quabbala.com\/informe-due-diligence-financiero-fiscal-auditoria-juridica\/\">Due Diligence Financiera<\/a><\/div>\n<div class=\"legal-service\"><a href=\"https:\/\/quabbala.com\/abogados-elaboracion-planificacion-estrategica-empresarial\/\">Plan Estrat\u00e9gico<\/a><\/div>\n<div class=\"legal-service\"><a href=\"https:\/\/quabbala.com\/estudio-viabilidad-plan-economico-financiero-empresa\/\">Plan Econ\u00f3mico Financiero<\/a><\/div>\n<div class=\"legal-service\"><a href=\"https:\/\/quabbala.com\/empresa-investigacion-estudios-mercado-empresas-productos\/\">Estudios de Mercado<\/a><\/div>\n<div class=\"legal-service\"><a href=\"https:\/\/quabbala.com\/plan-reestructuracion-empresarial-finaciera-deudas-empresas\/\">Reestructuraci\u00f3n Empresarial<\/a><\/div>\n<div class=\"legal-service\"><a href=\"https:\/\/quabbala.com\/peritaje-juridico-peritos-judiciales-forenses-judicial-informatico\/\">Peritaje Jur\u00eddico Financiero<\/a><\/div>\n<div class=\"legal-service\"><a href=\"https:\/\/quabbala.com\/servicios-auditoria-externa-revision-estados-financieros\/\">Revisi\u00f3n Contable y Auditor\u00eda<\/a><\/div>\n<\/div>\n<\/div>\n<p>&nbsp;<\/p>\n<p>&nbsp;<\/p>\n<p><img loading=\"lazy\" decoding=\"async\" class=\"aligncenter wp-image-3651 size-full\" src=\"https:\/\/quabbala.com\/wp-content\/uploads\/2019\/09\/tasacion-empresas-quabbala.jpg\" alt=\"\" width=\"960\" height=\"374\" srcset=\"https:\/\/quabbala.com\/en\/wp-content\/uploads\/2019\/09\/tasacion-empresas-quabbala.jpg 960w, https:\/\/quabbala.com\/en\/wp-content\/uploads\/2019\/09\/tasacion-empresas-quabbala-150x58.jpg 150w, https:\/\/quabbala.com\/en\/wp-content\/uploads\/2019\/09\/tasacion-empresas-quabbala-300x117.jpg 300w, https:\/\/quabbala.com\/en\/wp-content\/uploads\/2019\/09\/tasacion-empresas-quabbala-768x299.jpg 768w, https:\/\/quabbala.com\/en\/wp-content\/uploads\/2019\/09\/tasacion-empresas-quabbala-624x243.jpg 624w\" sizes=\"(max-width: 960px) 100vw, 960px\" \/><\/p>\n","protected":false},"excerpt":{"rendered":"<p>Elaboraci\u00f3n de plan estrat\u00e9gico empresarial del negocio &nbsp; &nbsp; La elaboraci\u00f3n de un plan de negocio o plan estrat\u00e9gico se [&hellip;]<\/p>\n","protected":false},"author":1,"featured_media":0,"parent":0,"menu_order":0,"comment_status":"closed","ping_status":"closed","template":"page-templates\/page-comercio-exterior.php","meta":{"_acf_changed":false,"footnotes":""},"class_list":["post-1182","page","type-page","status-publish","hentry"],"acf":[],"yoast_head":"<!-- This site is optimized with the Yoast SEO plugin v23.7 - https:\/\/yoast.com\/wordpress\/plugins\/seo\/ -->\n<title>Plan Estrat\u00e9gico para Empresas | Quabbala Economistas | 625 713 000<\/title>\n<meta name=\"description\" content=\"Elaboraci\u00f3n de planes Estrat\u00e9gicos para Empresas a nivel Nacional e Internacional. M\u00e1s de 20 a\u00f1os de experiencia | Abogados y Economistas | info@quabbala.com\" \/>\n<meta name=\"robots\" content=\"index, follow, max-snippet:-1, max-image-preview:large, max-video-preview:-1\" \/>\n<link rel=\"canonical\" href=\"https:\/\/quabbala.com\/en\/abogados-elaboracion-planificacion-estrategica-empresarial\/\" \/>\n<meta property=\"og:locale\" content=\"es_ES\" \/>\n<meta property=\"og:type\" content=\"article\" \/>\n<meta property=\"og:title\" content=\"Plan Estrat\u00e9gico para Empresas | Quabbala Economistas | 625 713 000\" \/>\n<meta property=\"og:description\" content=\"Elaboraci\u00f3n de planes Estrat\u00e9gicos para Empresas a nivel Nacional e Internacional. M\u00e1s de 20 a\u00f1os de experiencia | Abogados y Economistas | info@quabbala.com\" \/>\n<meta property=\"og:url\" content=\"https:\/\/quabbala.com\/en\/abogados-elaboracion-planificacion-estrategica-empresarial\/\" \/>\n<meta property=\"article:publisher\" content=\"https:\/\/www.facebook.com\/quabbala\/\" \/>\n<meta property=\"article:modified_time\" content=\"2019-09-16T10:22:04+00:00\" \/>\n<meta property=\"og:image\" content=\"https:\/\/quabbala.com\/wp-content\/uploads\/2018\/11\/quabbala-international-map-300x148.jpg\" \/>\n<meta name=\"twitter:card\" content=\"summary_large_image\" \/>\n<meta name=\"twitter:site\" content=\"@Quabbala\" \/>\n<meta name=\"twitter:label1\" content=\"Tiempo de lectura\" \/>\n\t<meta name=\"twitter:data1\" content=\"2 minutos\" \/>\n<script type=\"application\/ld+json\" class=\"yoast-schema-graph\">{\"@context\":\"https:\/\/schema.org\",\"@graph\":[{\"@type\":\"WebPage\",\"@id\":\"https:\/\/quabbala.com\/en\/abogados-elaboracion-planificacion-estrategica-empresarial\/\",\"url\":\"https:\/\/quabbala.com\/en\/abogados-elaboracion-planificacion-estrategica-empresarial\/\",\"name\":\"Plan Estrat\u00e9gico para Empresas | Quabbala Economistas | 625 713 000\",\"isPartOf\":{\"@id\":\"https:\/\/quabbala.com\/en\/#website\"},\"primaryImageOfPage\":{\"@id\":\"https:\/\/quabbala.com\/en\/abogados-elaboracion-planificacion-estrategica-empresarial\/#primaryimage\"},\"image\":{\"@id\":\"https:\/\/quabbala.com\/en\/abogados-elaboracion-planificacion-estrategica-empresarial\/#primaryimage\"},\"thumbnailUrl\":\"https:\/\/quabbala.com\/wp-content\/uploads\/2018\/11\/quabbala-international-map-300x148.jpg\",\"datePublished\":\"2019-01-31T13:31:17+00:00\",\"dateModified\":\"2019-09-16T10:22:04+00:00\",\"description\":\"Elaboraci\u00f3n de planes Estrat\u00e9gicos para Empresas a nivel Nacional e Internacional. M\u00e1s de 20 a\u00f1os de experiencia | Abogados y Economistas | info@quabbala.com\",\"breadcrumb\":{\"@id\":\"https:\/\/quabbala.com\/en\/abogados-elaboracion-planificacion-estrategica-empresarial\/#breadcrumb\"},\"inLanguage\":\"es\",\"potentialAction\":[{\"@type\":\"ReadAction\",\"target\":[\"https:\/\/quabbala.com\/en\/abogados-elaboracion-planificacion-estrategica-empresarial\/\"]}]},{\"@type\":\"ImageObject\",\"inLanguage\":\"es\",\"@id\":\"https:\/\/quabbala.com\/en\/abogados-elaboracion-planificacion-estrategica-empresarial\/#primaryimage\",\"url\":\"https:\/\/quabbala.com\/wp-content\/uploads\/2018\/11\/quabbala-international-map-300x148.jpg\",\"contentUrl\":\"https:\/\/quabbala.com\/wp-content\/uploads\/2018\/11\/quabbala-international-map-300x148.jpg\"},{\"@type\":\"BreadcrumbList\",\"@id\":\"https:\/\/quabbala.com\/en\/abogados-elaboracion-planificacion-estrategica-empresarial\/#breadcrumb\",\"itemListElement\":[{\"@type\":\"ListItem\",\"position\":1,\"name\":\"Portada\",\"item\":\"https:\/\/quabbala.com\/en\/\"},{\"@type\":\"ListItem\",\"position\":2,\"name\":\"ELABORACI\u00d3N DEL PLAN DE NEGOCIO Y ESTRAT\u00c9GICO\"}]},{\"@type\":\"WebSite\",\"@id\":\"https:\/\/quabbala.com\/en\/#website\",\"url\":\"https:\/\/quabbala.com\/en\/\",\"name\":\"\",\"description\":\"\",\"potentialAction\":[{\"@type\":\"SearchAction\",\"target\":{\"@type\":\"EntryPoint\",\"urlTemplate\":\"https:\/\/quabbala.com\/en\/?s={search_term_string}\"},\"query-input\":{\"@type\":\"PropertyValueSpecification\",\"valueRequired\":true,\"valueName\":\"search_term_string\"}}],\"inLanguage\":\"es\"}]}<\/script>\n<!-- \/ Yoast SEO plugin. -->","yoast_head_json":{"title":"Plan Estrat\u00e9gico para Empresas | Quabbala Economistas | 625 713 000","description":"Elaboraci\u00f3n de planes Estrat\u00e9gicos para Empresas a nivel Nacional e Internacional. M\u00e1s de 20 a\u00f1os de experiencia | Abogados y Economistas | info@quabbala.com","robots":{"index":"index","follow":"follow","max-snippet":"max-snippet:-1","max-image-preview":"max-image-preview:large","max-video-preview":"max-video-preview:-1"},"canonical":"https:\/\/quabbala.com\/en\/abogados-elaboracion-planificacion-estrategica-empresarial\/","og_locale":"es_ES","og_type":"article","og_title":"Plan Estrat\u00e9gico para Empresas | Quabbala Economistas | 625 713 000","og_description":"Elaboraci\u00f3n de planes Estrat\u00e9gicos para Empresas a nivel Nacional e Internacional. M\u00e1s de 20 a\u00f1os de experiencia | Abogados y Economistas | info@quabbala.com","og_url":"https:\/\/quabbala.com\/en\/abogados-elaboracion-planificacion-estrategica-empresarial\/","article_publisher":"https:\/\/www.facebook.com\/quabbala\/","article_modified_time":"2019-09-16T10:22:04+00:00","og_image":[{"url":"https:\/\/quabbala.com\/wp-content\/uploads\/2018\/11\/quabbala-international-map-300x148.jpg"}],"twitter_card":"summary_large_image","twitter_site":"@Quabbala","twitter_misc":{"Tiempo de lectura":"2 minutos"},"schema":{"@context":"https:\/\/schema.org","@graph":[{"@type":"WebPage","@id":"https:\/\/quabbala.com\/en\/abogados-elaboracion-planificacion-estrategica-empresarial\/","url":"https:\/\/quabbala.com\/en\/abogados-elaboracion-planificacion-estrategica-empresarial\/","name":"Plan Estrat\u00e9gico para Empresas | Quabbala Economistas | 625 713 000","isPartOf":{"@id":"https:\/\/quabbala.com\/en\/#website"},"primaryImageOfPage":{"@id":"https:\/\/quabbala.com\/en\/abogados-elaboracion-planificacion-estrategica-empresarial\/#primaryimage"},"image":{"@id":"https:\/\/quabbala.com\/en\/abogados-elaboracion-planificacion-estrategica-empresarial\/#primaryimage"},"thumbnailUrl":"https:\/\/quabbala.com\/wp-content\/uploads\/2018\/11\/quabbala-international-map-300x148.jpg","datePublished":"2019-01-31T13:31:17+00:00","dateModified":"2019-09-16T10:22:04+00:00","description":"Elaboraci\u00f3n de planes Estrat\u00e9gicos para Empresas a nivel Nacional e Internacional. M\u00e1s de 20 a\u00f1os de experiencia | Abogados y Economistas | info@quabbala.com","breadcrumb":{"@id":"https:\/\/quabbala.com\/en\/abogados-elaboracion-planificacion-estrategica-empresarial\/#breadcrumb"},"inLanguage":"es","potentialAction":[{"@type":"ReadAction","target":["https:\/\/quabbala.com\/en\/abogados-elaboracion-planificacion-estrategica-empresarial\/"]}]},{"@type":"ImageObject","inLanguage":"es","@id":"https:\/\/quabbala.com\/en\/abogados-elaboracion-planificacion-estrategica-empresarial\/#primaryimage","url":"https:\/\/quabbala.com\/wp-content\/uploads\/2018\/11\/quabbala-international-map-300x148.jpg","contentUrl":"https:\/\/quabbala.com\/wp-content\/uploads\/2018\/11\/quabbala-international-map-300x148.jpg"},{"@type":"BreadcrumbList","@id":"https:\/\/quabbala.com\/en\/abogados-elaboracion-planificacion-estrategica-empresarial\/#breadcrumb","itemListElement":[{"@type":"ListItem","position":1,"name":"Portada","item":"https:\/\/quabbala.com\/en\/"},{"@type":"ListItem","position":2,"name":"ELABORACI\u00d3N DEL PLAN DE NEGOCIO Y ESTRAT\u00c9GICO"}]},{"@type":"WebSite","@id":"https:\/\/quabbala.com\/en\/#website","url":"https:\/\/quabbala.com\/en\/","name":"","description":"","potentialAction":[{"@type":"SearchAction","target":{"@type":"EntryPoint","urlTemplate":"https:\/\/quabbala.com\/en\/?s={search_term_string}"},"query-input":{"@type":"PropertyValueSpecification","valueRequired":true,"valueName":"search_term_string"}}],"inLanguage":"es"}]}},"_links":{"self":[{"href":"https:\/\/quabbala.com\/en\/wp-json\/wp\/v2\/pages\/1182"}],"collection":[{"href":"https:\/\/quabbala.com\/en\/wp-json\/wp\/v2\/pages"}],"about":[{"href":"https:\/\/quabbala.com\/en\/wp-json\/wp\/v2\/types\/page"}],"author":[{"embeddable":true,"href":"https:\/\/quabbala.com\/en\/wp-json\/wp\/v2\/users\/1"}],"replies":[{"embeddable":true,"href":"https:\/\/quabbala.com\/en\/wp-json\/wp\/v2\/comments?post=1182"}],"version-history":[{"count":14,"href":"https:\/\/quabbala.com\/en\/wp-json\/wp\/v2\/pages\/1182\/revisions"}],"predecessor-version":[{"id":3769,"href":"https:\/\/quabbala.com\/en\/wp-json\/wp\/v2\/pages\/1182\/revisions\/3769"}],"wp:attachment":[{"href":"https:\/\/quabbala.com\/en\/wp-json\/wp\/v2\/media?parent=1182"}],"curies":[{"name":"wp","href":"https:\/\/api.w.org\/{rel}","templated":true}]}}