{"id":119,"date":"2018-11-23T09:03:54","date_gmt":"2018-11-23T09:03:54","guid":{"rendered":"https:\/\/new.quabbala.com\/?page_id=119"},"modified":"2019-09-16T08:27:47","modified_gmt":"2019-09-16T08:27:47","slug":"comercio-exterior","status":"publish","type":"page","link":"https:\/\/quabbala.com\/en\/comercio-exterior\/","title":{"rendered":"Comercio Exterior"},"content":{"rendered":"<p>Soluciones integrales para la internacionalizaci\u00f3n de empresas y sus productos y servicios.<\/p>\n<p>&nbsp;<\/p>\n<p>Asesoramiento en comercio exterior: estudios de mercado, elaboraci\u00f3n de ofertas internacionales, comunicaci\u00f3n y marketing internacional, participaci\u00f3n en ferias internacionales, b\u00fasqueda de mercados emergentes, gesti\u00f3n de documentaci\u00f3n y log\u00edstica para la exportaci\u00f3n, entre otros.<\/p>\n<p>&nbsp;<\/p>\n<p>Nuestro objetivo: la consecuci\u00f3n de una estrategia exitosa para posicionar a una compa\u00f1\u00eda en un puesto destacado en el marco internacional frente a su competencia.<\/p>\n<p>&nbsp;<\/p>\n<p>&nbsp;<\/p>\n<p>&nbsp;<\/p>\n<div class=\"title-orange-landing\">\n<h2 style=\"text-align: center;\">\u00c1reas de Especializaci\u00f3n<\/h2>\n<\/div>\n<p>&nbsp;<\/p>\n<div class=\"wrapper-global\">\n<div class=\"legal-service-container\">\n<div class=\"legal-service\"><a href=\"https:\/\/quabbala.com\/comercio-internacional-exterior-exportar-abogados\/\">Internacionalizaci\u00f3n de Empresas<\/a><\/div>\n<div class=\"legal-service\"><a href=\"https:\/\/quabbala.com\/comercio-exterior-consultoria-abogados-internacionales\/\">Abogados Expertos en Comercio Internacional<\/a><\/div>\n<div class=\"legal-service\"><a href=\"https:\/\/quabbala.com\/como-crear-empresa-extranjero-derecho-mercantil-comercio\/\">Creaci\u00f3n de Empresas en el Extranjero<\/a><\/div>\n<\/div>\n<\/div>\n<p>&nbsp;<\/p>\n<p>&nbsp;<\/p>\n<p>&nbsp;<\/p>\n<div class=\"title-orange-landing\">\n<h2 style=\"text-align: center;\">An\u00e1lisis de comercio exterior<\/h2>\n<\/div>\n<p>&nbsp;<\/p>\n<p>&nbsp;<\/p>\n<p>En Quabbala desarrollamos una estrategia adaptada por medio de equipos multidisciplinares formados por\u00a0<strong>abogados expertos en comercio internacional<\/strong>, economistas nativos, con el fin de eliminar todo riesgo durante el proceso de implantaci\u00f3n y posterior desarrollo. Trabajamos con proyectos a largo plazo y clientes que quieren crecer en mercados internacionales. En la actualidad la posibilidad de exportar un modelo de negocio o una marca es mucho m\u00e1s segura que en el pasado, debido a que son ya muchas las empresas, la mayor\u00eda de ellas peque\u00f1as y medianas, que han optado por establecerse m\u00e1s all\u00e1 de sus propias fronteras, adem\u00e1s tanto los Estados como otros mecanismos econ\u00f3micos privados fomentan este tipo de comportamiento, al favorecer la exportaci\u00f3n de negocios a distintas regiones del mundo.<\/p>\n<p>&nbsp;<\/p>\n<p>&nbsp;<\/p>\n<p><img loading=\"lazy\" decoding=\"async\" class=\"alignnone size-full wp-image-3216\" src=\"https:\/\/quabbala.com\/wp-content\/uploads\/2019\/07\/quabbala-internacional.jpg\" alt=\"\" width=\"1400\" height=\"600\" srcset=\"https:\/\/quabbala.com\/en\/wp-content\/uploads\/2019\/07\/quabbala-internacional.jpg 1400w, https:\/\/quabbala.com\/en\/wp-content\/uploads\/2019\/07\/quabbala-internacional-150x64.jpg 150w, https:\/\/quabbala.com\/en\/wp-content\/uploads\/2019\/07\/quabbala-internacional-300x129.jpg 300w, https:\/\/quabbala.com\/en\/wp-content\/uploads\/2019\/07\/quabbala-internacional-768x329.jpg 768w, https:\/\/quabbala.com\/en\/wp-content\/uploads\/2019\/07\/quabbala-internacional-1200x514.jpg 1200w, https:\/\/quabbala.com\/en\/wp-content\/uploads\/2019\/07\/quabbala-internacional-624x267.jpg 624w\" sizes=\"(max-width: 1400px) 100vw, 1400px\" \/><\/p>\n<p>&nbsp;<\/p>\n<p>&nbsp;<\/p>\n<p>En Quabbala analizamos el comercio exterior como una oportunidad, nuestras sedes est\u00e1n presentes en los principales mercado emergentes para poder ofrecer a nuestros clientes nuestra propia experiencia, gracias a un equipo de abogados y economistas preparados para realizar un trabajo en comercio exterior adaptado a cada empresa.Soluciones integrales para la internacionalizaci\u00f3n de empresas y sus productos y servicios.<\/p>\n<p>&nbsp;<\/p>\n<p>&nbsp;<\/p>\n<p>Asesoramiento en comercio exterior: estudios de mercado, elaboraci\u00f3n de ofertas internacionales, comunicaci\u00f3n y marketing internacional, participaci\u00f3n en ferias internacionales, b\u00fasqueda de mercados emergentes, gesti\u00f3n de documentaci\u00f3n y log\u00edstica para la exportaci\u00f3n, entre otros.<\/p>\n<p>&nbsp;<\/p>\n<p>&nbsp;<\/p>\n<p>Nuestro objetivo: la consecuci\u00f3n de una estrategia exitosa para posicionar a una compa\u00f1\u00eda en un puesto destacado en el marco internacional frente a su competencia.<\/p>\n","protected":false},"excerpt":{"rendered":"<p>Soluciones integrales para la internacionalizaci\u00f3n de empresas y sus productos y servicios. &nbsp; Asesoramiento en comercio exterior: estudios de mercado, [&hellip;]<\/p>\n","protected":false},"author":1,"featured_media":0,"parent":0,"menu_order":0,"comment_status":"closed","ping_status":"closed","template":"page-templates\/page-areas-single.php","meta":{"_acf_changed":false,"footnotes":""},"class_list":["post-119","page","type-page","status-publish","hentry"],"acf":[],"yoast_head":"<!-- This site is optimized with the Yoast SEO plugin v23.7 - https:\/\/yoast.com\/wordpress\/plugins\/seo\/ -->\n<title>Expertos en Comercio Exterior | Quabbala Economistas | Tel: 625 713 000<\/title>\n<meta name=\"description\" content=\"Quabbala es un despacho de Abogados y Economistas especialistas en Comercio Exterior y Creaci\u00f3n de Empresas en el Extranjero. Desde nuestras oficinas de Asia...\" \/>\n<meta name=\"robots\" content=\"index, follow, max-snippet:-1, max-image-preview:large, max-video-preview:-1\" \/>\n<link rel=\"canonical\" href=\"https:\/\/quabbala.com\/en\/comercio-exterior\/\" \/>\n<meta property=\"og:locale\" content=\"es_ES\" \/>\n<meta property=\"og:type\" content=\"article\" \/>\n<meta property=\"og:title\" content=\"Expertos en Comercio Exterior | Quabbala Economistas | Tel: 625 713 000\" \/>\n<meta property=\"og:description\" content=\"Quabbala es un despacho de Abogados y Economistas especialistas en Comercio Exterior y Creaci\u00f3n de Empresas en el Extranjero. Desde nuestras oficinas de Asia...\" \/>\n<meta property=\"og:url\" content=\"https:\/\/quabbala.com\/en\/comercio-exterior\/\" \/>\n<meta property=\"article:publisher\" content=\"https:\/\/www.facebook.com\/quabbala\/\" \/>\n<meta property=\"article:modified_time\" content=\"2019-09-16T08:27:47+00:00\" \/>\n<meta property=\"og:image\" content=\"https:\/\/quabbala.com\/wp-content\/uploads\/2019\/07\/quabbala-internacional.jpg\" \/>\n<meta name=\"twitter:card\" content=\"summary_large_image\" \/>\n<meta name=\"twitter:site\" content=\"@Quabbala\" \/>\n<meta name=\"twitter:label1\" content=\"Tiempo de lectura\" \/>\n\t<meta name=\"twitter:data1\" content=\"2 minutos\" \/>\n<script type=\"application\/ld+json\" class=\"yoast-schema-graph\">{\"@context\":\"https:\/\/schema.org\",\"@graph\":[{\"@type\":\"WebPage\",\"@id\":\"https:\/\/quabbala.com\/en\/comercio-exterior\/\",\"url\":\"https:\/\/quabbala.com\/en\/comercio-exterior\/\",\"name\":\"Expertos en Comercio Exterior | Quabbala Economistas | Tel: 625 713 000\",\"isPartOf\":{\"@id\":\"https:\/\/quabbala.com\/en\/#website\"},\"primaryImageOfPage\":{\"@id\":\"https:\/\/quabbala.com\/en\/comercio-exterior\/#primaryimage\"},\"image\":{\"@id\":\"https:\/\/quabbala.com\/en\/comercio-exterior\/#primaryimage\"},\"thumbnailUrl\":\"https:\/\/quabbala.com\/wp-content\/uploads\/2019\/07\/quabbala-internacional.jpg\",\"datePublished\":\"2018-11-23T09:03:54+00:00\",\"dateModified\":\"2019-09-16T08:27:47+00:00\",\"description\":\"Quabbala es un despacho de Abogados y Economistas especialistas en Comercio Exterior y Creaci\u00f3n de Empresas en el Extranjero. Desde nuestras oficinas de Asia...\",\"breadcrumb\":{\"@id\":\"https:\/\/quabbala.com\/en\/comercio-exterior\/#breadcrumb\"},\"inLanguage\":\"es\",\"potentialAction\":[{\"@type\":\"ReadAction\",\"target\":[\"https:\/\/quabbala.com\/en\/comercio-exterior\/\"]}]},{\"@type\":\"ImageObject\",\"inLanguage\":\"es\",\"@id\":\"https:\/\/quabbala.com\/en\/comercio-exterior\/#primaryimage\",\"url\":\"https:\/\/quabbala.com\/wp-content\/uploads\/2019\/07\/quabbala-internacional.jpg\",\"contentUrl\":\"https:\/\/quabbala.com\/wp-content\/uploads\/2019\/07\/quabbala-internacional.jpg\"},{\"@type\":\"BreadcrumbList\",\"@id\":\"https:\/\/quabbala.com\/en\/comercio-exterior\/#breadcrumb\",\"itemListElement\":[{\"@type\":\"ListItem\",\"position\":1,\"name\":\"Portada\",\"item\":\"https:\/\/quabbala.com\/en\/\"},{\"@type\":\"ListItem\",\"position\":2,\"name\":\"Comercio Exterior\"}]},{\"@type\":\"WebSite\",\"@id\":\"https:\/\/quabbala.com\/en\/#website\",\"url\":\"https:\/\/quabbala.com\/en\/\",\"name\":\"\",\"description\":\"\",\"potentialAction\":[{\"@type\":\"SearchAction\",\"target\":{\"@type\":\"EntryPoint\",\"urlTemplate\":\"https:\/\/quabbala.com\/en\/?s={search_term_string}\"},\"query-input\":{\"@type\":\"PropertyValueSpecification\",\"valueRequired\":true,\"valueName\":\"search_term_string\"}}],\"inLanguage\":\"es\"}]}<\/script>\n<!-- \/ Yoast SEO plugin. -->","yoast_head_json":{"title":"Expertos en Comercio Exterior | Quabbala Economistas | Tel: 625 713 000","description":"Quabbala es un despacho de Abogados y Economistas especialistas en Comercio Exterior y Creaci\u00f3n de Empresas en el Extranjero. Desde nuestras oficinas de Asia...","robots":{"index":"index","follow":"follow","max-snippet":"max-snippet:-1","max-image-preview":"max-image-preview:large","max-video-preview":"max-video-preview:-1"},"canonical":"https:\/\/quabbala.com\/en\/comercio-exterior\/","og_locale":"es_ES","og_type":"article","og_title":"Expertos en Comercio Exterior | Quabbala Economistas | Tel: 625 713 000","og_description":"Quabbala es un despacho de Abogados y Economistas especialistas en Comercio Exterior y Creaci\u00f3n de Empresas en el Extranjero. Desde nuestras oficinas de Asia...","og_url":"https:\/\/quabbala.com\/en\/comercio-exterior\/","article_publisher":"https:\/\/www.facebook.com\/quabbala\/","article_modified_time":"2019-09-16T08:27:47+00:00","og_image":[{"url":"https:\/\/quabbala.com\/wp-content\/uploads\/2019\/07\/quabbala-internacional.jpg"}],"twitter_card":"summary_large_image","twitter_site":"@Quabbala","twitter_misc":{"Tiempo de lectura":"2 minutos"},"schema":{"@context":"https:\/\/schema.org","@graph":[{"@type":"WebPage","@id":"https:\/\/quabbala.com\/en\/comercio-exterior\/","url":"https:\/\/quabbala.com\/en\/comercio-exterior\/","name":"Expertos en Comercio Exterior | Quabbala Economistas | Tel: 625 713 000","isPartOf":{"@id":"https:\/\/quabbala.com\/en\/#website"},"primaryImageOfPage":{"@id":"https:\/\/quabbala.com\/en\/comercio-exterior\/#primaryimage"},"image":{"@id":"https:\/\/quabbala.com\/en\/comercio-exterior\/#primaryimage"},"thumbnailUrl":"https:\/\/quabbala.com\/wp-content\/uploads\/2019\/07\/quabbala-internacional.jpg","datePublished":"2018-11-23T09:03:54+00:00","dateModified":"2019-09-16T08:27:47+00:00","description":"Quabbala es un despacho de Abogados y Economistas especialistas en Comercio Exterior y Creaci\u00f3n de Empresas en el Extranjero. Desde nuestras oficinas de Asia...","breadcrumb":{"@id":"https:\/\/quabbala.com\/en\/comercio-exterior\/#breadcrumb"},"inLanguage":"es","potentialAction":[{"@type":"ReadAction","target":["https:\/\/quabbala.com\/en\/comercio-exterior\/"]}]},{"@type":"ImageObject","inLanguage":"es","@id":"https:\/\/quabbala.com\/en\/comercio-exterior\/#primaryimage","url":"https:\/\/quabbala.com\/wp-content\/uploads\/2019\/07\/quabbala-internacional.jpg","contentUrl":"https:\/\/quabbala.com\/wp-content\/uploads\/2019\/07\/quabbala-internacional.jpg"},{"@type":"BreadcrumbList","@id":"https:\/\/quabbala.com\/en\/comercio-exterior\/#breadcrumb","itemListElement":[{"@type":"ListItem","position":1,"name":"Portada","item":"https:\/\/quabbala.com\/en\/"},{"@type":"ListItem","position":2,"name":"Comercio Exterior"}]},{"@type":"WebSite","@id":"https:\/\/quabbala.com\/en\/#website","url":"https:\/\/quabbala.com\/en\/","name":"","description":"","potentialAction":[{"@type":"SearchAction","target":{"@type":"EntryPoint","urlTemplate":"https:\/\/quabbala.com\/en\/?s={search_term_string}"},"query-input":{"@type":"PropertyValueSpecification","valueRequired":true,"valueName":"search_term_string"}}],"inLanguage":"es"}]}},"_links":{"self":[{"href":"https:\/\/quabbala.com\/en\/wp-json\/wp\/v2\/pages\/119"}],"collection":[{"href":"https:\/\/quabbala.com\/en\/wp-json\/wp\/v2\/pages"}],"about":[{"href":"https:\/\/quabbala.com\/en\/wp-json\/wp\/v2\/types\/page"}],"author":[{"embeddable":true,"href":"https:\/\/quabbala.com\/en\/wp-json\/wp\/v2\/users\/1"}],"replies":[{"embeddable":true,"href":"https:\/\/quabbala.com\/en\/wp-json\/wp\/v2\/comments?post=119"}],"version-history":[{"count":25,"href":"https:\/\/quabbala.com\/en\/wp-json\/wp\/v2\/pages\/119\/revisions"}],"predecessor-version":[{"id":3636,"href":"https:\/\/quabbala.com\/en\/wp-json\/wp\/v2\/pages\/119\/revisions\/3636"}],"wp:attachment":[{"href":"https:\/\/quabbala.com\/en\/wp-json\/wp\/v2\/media?parent=119"}],"curies":[{"name":"wp","href":"https:\/\/api.w.org\/{rel}","templated":true}]}}