{"id":1190,"date":"2019-01-31T13:51:27","date_gmt":"2019-01-31T13:51:27","guid":{"rendered":"https:\/\/quabbala.com\/?page_id=1190"},"modified":"2019-09-17T09:25:11","modified_gmt":"2019-09-17T09:25:11","slug":"empresa-estudios-mercado-empresas-productos","status":"publish","type":"page","link":"https:\/\/quabbala.com\/en\/empresa-estudios-mercado-empresas-productos\/","title":{"rendered":"ESTUDIOS DE MERCADO"},"content":{"rendered":"<div class=\"justify\">\n<div class=\"title-orange-landing\">Estudio de mercado internacional<\/div>\n<p>&nbsp;<\/p>\n<p>El <strong>estudio de mercado de una empresa<\/strong> determinada aporta informaci\u00f3n acerca del estado financiero de un sector de un mercado determinado. Como empresa experta en estudios de mercado, en <strong>Quabbala<\/strong> <strong>abogados y economistas<\/strong>, realizamos tanto an\u00e1lisis verticales como horizontales, con el fin de aportar una visi\u00f3n precisa de un mercado financiero, tanto nacional como internacional.<\/p>\n<p>&nbsp;<\/p>\n<p>Los <strong>estudios horizontales<\/strong> buscan determinar la variaci\u00f3n absoluta o relativa de cada una de las partidas de los estados financieros entre dos per\u00edodos determinados. El objetivo de los an\u00e1lisis horizontales es analizar si el per\u00edodo seleccionado ha sido positivo, negativo o neutro, con el fin de determinar posibles estrategias futuras.<\/p>\n<\/div>\n<p>&nbsp;<\/p>\n<p>&nbsp;<\/p>\n<p>&nbsp;<\/p>\n<div class=\"subtitle-sentence\">\u00abRealizamos tanto an\u00e1lisis verticales como horizontales, con el fin de aportar una visi\u00f3n precisa de un mercado financiero\u00bb<\/div>\n<p>&nbsp;<\/p>\n<p>&nbsp;<\/p>\n<p>&nbsp;<\/p>\n<div class=\"justify\">\n<p>En el caso de los <strong>an\u00e1lisis verticales<\/strong>, el objetivo es determinar la distribuci\u00f3n de activos de una empresa, de manera que sean proporcionales y operen de acuerdo a las necesidades tanto financieras como operativas de la propia empresa.<\/p>\n<p>&nbsp;<\/p>\n<p>Las <strong>empresas de investigaci\u00f3n de mercados<\/strong> deben disponer de herramientas tanto para <strong>analizar mercados internacionales<\/strong> como para aportar una visi\u00f3n completa del estado de la empresa interesada, en Quabbala trabajamos para realizar estudios de mercado funcionales adaptados a nuestros clientes y a los mercados en los que desean proyectarse.<\/p>\n<p>&nbsp;<\/p>\n<div class=\"title-orange-landing\">An\u00e1lisis de mercado adaptado a empresas y productos<\/div>\n<p>&nbsp;<\/p>\n<p>&nbsp;<\/p>\n<p>Un <strong>estudio de mercado de un producto o empresa<\/strong> no solo aporta informaci\u00f3n de un mercado financiero determinado. Adem\u00e1s debe analizar tanto a la propia empresa como a sus productos y servicios, con el fin de prever la situaci\u00f3n a la que se van a enfrentar en un futuro, algo especialmente \u00fatil en procesos de internacionalizaci\u00f3n.<\/p>\n<p>&nbsp;<\/p>\n<p>En <strong>Quabbala<\/strong> <strong>abogados y economistas<\/strong> somos expertos en realizar <strong>estudios de mercado internacional<\/strong>, aportando conclusiones tanto de la propia empresa como de la competencia y del mercado en el que va a estar presente.<\/p>\n<\/div>\n<p>&nbsp;<\/p>\n<p>&nbsp;<\/p>\n<p>&nbsp;<\/p>\n<div class=\"subtitle-sentence\">\u00abUn estudio de mercado debe analizar tanto a la propia empresa como a sus productos y servicios\u00bb.<\/div>\n<p>&nbsp;<\/p>\n<p>&nbsp;<\/p>\n<p>&nbsp;<\/p>\n<div class=\"justify\">\n<p><strong>Nuestros equipos trabajan tanto la parte legal como la financiera<\/strong>, de manera que en el momento de comenzar a trabajar, nuestros clientes puedan hacerlo manejando informaci\u00f3n precisa y adaptada a sus necesidades.<\/p>\n<p>&nbsp;<\/p>\n<p>Nuestra experiencia nos permite manejar datos relevantes obtenidos de manera directa realizando un trabajo activo y permanente, gracias a este proceso en Quabbala elaboramos planes de mercado y <strong>an\u00e1lisis horizontales y verticales<\/strong> que se ajustan a los proyectos de nuestros clientes, creando una red de informaci\u00f3n tanto interna como externa fiable y ventajosa.<\/p>\n<\/div>\n<p>&nbsp;<\/p>\n<div class=\"title-orange-landing\">\n<h2 style=\"text-align: center;\">\u00c1reas de Especializaci\u00f3n<\/h2>\n<\/div>\n<p>&nbsp;<\/p>\n<div class=\"wrapper-global\">\n<div class=\"legal-service-container\">\n<div class=\"legal-service\"><a href=\"https:\/\/quabbala.com\/metodos-como-calcular-valoracion-empresa-para-venta\/\">Valoraci\u00f3n de Empresas<\/a><\/div>\n<div class=\"legal-service\"><a href=\"https:\/\/quabbala.com\/busqueda-socio-capitalista-inversores-negocio-acuerdos-financieros\/\">Acuerdos Financieros<\/a><\/div>\n<div class=\"legal-service\"><a href=\"https:\/\/quabbala.com\/informe-due-diligence-financiero-fiscal-auditoria-juridica\/\">Due Diligence Financiera<\/a><\/div>\n<div class=\"legal-service\"><a href=\"https:\/\/quabbala.com\/abogados-elaboracion-planificacion-estrategica-empresarial\/\">Plan Estrat\u00e9gico<\/a><\/div>\n<div class=\"legal-service\"><a href=\"https:\/\/quabbala.com\/estudio-viabilidad-plan-economico-financiero-empresa\/\">Plan Econ\u00f3mico Financiero<\/a><\/div>\n<div class=\"legal-service\"><a href=\"https:\/\/quabbala.com\/empresa-investigacion-estudios-mercado-empresas-productos\/\">Estudios de Mercado<\/a><\/div>\n<div class=\"legal-service\"><a href=\"https:\/\/quabbala.com\/plan-reestructuracion-empresarial-finaciera-deudas-empresas\/\">Reestructuraci\u00f3n Empresarial<\/a><\/div>\n<div class=\"legal-service\"><a href=\"https:\/\/quabbala.com\/peritaje-juridico-peritos-judiciales-forenses-judicial-informatico\/\">Peritaje Jur\u00eddico Financiero<\/a><\/div>\n<div class=\"legal-service\"><a href=\"https:\/\/quabbala.com\/servicios-auditoria-externa-revision-estados-financieros\/\">Revisi\u00f3n Contable y Auditor\u00eda<\/a><\/div>\n<\/div>\n<\/div>\n<p>&nbsp;<\/p>\n","protected":false},"excerpt":{"rendered":"<p>Estudio de mercado internacional &nbsp; El estudio de mercado de una empresa determinada aporta informaci\u00f3n acerca del estado financiero de [&hellip;]<\/p>\n","protected":false},"author":1,"featured_media":0,"parent":0,"menu_order":0,"comment_status":"closed","ping_status":"closed","template":"page-templates\/page-comercio-exterior.php","meta":{"_acf_changed":false,"footnotes":""},"class_list":["post-1190","page","type-page","status-publish","hentry"],"acf":[],"yoast_head":"<!-- This site is optimized with the Yoast SEO plugin v23.7 - https:\/\/yoast.com\/wordpress\/plugins\/seo\/ -->\n<title>Empresa Estudios de Mercado | Abogados y Economistas | 625 713 000<\/title>\n<meta name=\"description\" content=\"Quabbala Abogados y Economistas | Estudios de Mercado para Empresas | Nacional e Internacional | M\u00e1s de 20 a\u00f1os de Experiencia | info@quabbala.com\" \/>\n<meta name=\"robots\" content=\"index, follow, max-snippet:-1, max-image-preview:large, max-video-preview:-1\" \/>\n<link rel=\"canonical\" href=\"https:\/\/quabbala.com\/en\/empresa-estudios-mercado-empresas-productos\/\" \/>\n<meta property=\"og:locale\" content=\"es_ES\" \/>\n<meta property=\"og:type\" content=\"article\" \/>\n<meta property=\"og:title\" content=\"Empresa Estudios de Mercado | Abogados y Economistas | 625 713 000\" \/>\n<meta property=\"og:description\" content=\"Quabbala Abogados y Economistas | Estudios de Mercado para Empresas | Nacional e Internacional | M\u00e1s de 20 a\u00f1os de Experiencia | info@quabbala.com\" \/>\n<meta property=\"og:url\" content=\"https:\/\/quabbala.com\/en\/empresa-estudios-mercado-empresas-productos\/\" \/>\n<meta property=\"article:publisher\" content=\"https:\/\/www.facebook.com\/quabbala\/\" \/>\n<meta property=\"article:modified_time\" content=\"2019-09-17T09:25:11+00:00\" \/>\n<meta name=\"twitter:card\" content=\"summary_large_image\" \/>\n<meta name=\"twitter:site\" content=\"@Quabbala\" \/>\n<meta name=\"twitter:label1\" content=\"Tiempo de lectura\" \/>\n\t<meta name=\"twitter:data1\" content=\"2 minutos\" \/>\n<script type=\"application\/ld+json\" class=\"yoast-schema-graph\">{\"@context\":\"https:\/\/schema.org\",\"@graph\":[{\"@type\":\"WebPage\",\"@id\":\"https:\/\/quabbala.com\/en\/empresa-estudios-mercado-empresas-productos\/\",\"url\":\"https:\/\/quabbala.com\/en\/empresa-estudios-mercado-empresas-productos\/\",\"name\":\"Empresa Estudios de Mercado | Abogados y Economistas | 625 713 000\",\"isPartOf\":{\"@id\":\"https:\/\/quabbala.com\/en\/#website\"},\"datePublished\":\"2019-01-31T13:51:27+00:00\",\"dateModified\":\"2019-09-17T09:25:11+00:00\",\"description\":\"Quabbala Abogados y Economistas | Estudios de Mercado para Empresas | Nacional e Internacional | M\u00e1s de 20 a\u00f1os de Experiencia | info@quabbala.com\",\"breadcrumb\":{\"@id\":\"https:\/\/quabbala.com\/en\/empresa-estudios-mercado-empresas-productos\/#breadcrumb\"},\"inLanguage\":\"es\",\"potentialAction\":[{\"@type\":\"ReadAction\",\"target\":[\"https:\/\/quabbala.com\/en\/empresa-estudios-mercado-empresas-productos\/\"]}]},{\"@type\":\"BreadcrumbList\",\"@id\":\"https:\/\/quabbala.com\/en\/empresa-estudios-mercado-empresas-productos\/#breadcrumb\",\"itemListElement\":[{\"@type\":\"ListItem\",\"position\":1,\"name\":\"Portada\",\"item\":\"https:\/\/quabbala.com\/en\/\"},{\"@type\":\"ListItem\",\"position\":2,\"name\":\"ESTUDIOS DE MERCADO\"}]},{\"@type\":\"WebSite\",\"@id\":\"https:\/\/quabbala.com\/en\/#website\",\"url\":\"https:\/\/quabbala.com\/en\/\",\"name\":\"\",\"description\":\"\",\"potentialAction\":[{\"@type\":\"SearchAction\",\"target\":{\"@type\":\"EntryPoint\",\"urlTemplate\":\"https:\/\/quabbala.com\/en\/?s={search_term_string}\"},\"query-input\":{\"@type\":\"PropertyValueSpecification\",\"valueRequired\":true,\"valueName\":\"search_term_string\"}}],\"inLanguage\":\"es\"}]}<\/script>\n<!-- \/ Yoast SEO plugin. -->","yoast_head_json":{"title":"Empresa Estudios de Mercado | Abogados y Economistas | 625 713 000","description":"Quabbala Abogados y Economistas | Estudios de Mercado para Empresas | Nacional e Internacional | M\u00e1s de 20 a\u00f1os de Experiencia | info@quabbala.com","robots":{"index":"index","follow":"follow","max-snippet":"max-snippet:-1","max-image-preview":"max-image-preview:large","max-video-preview":"max-video-preview:-1"},"canonical":"https:\/\/quabbala.com\/en\/empresa-estudios-mercado-empresas-productos\/","og_locale":"es_ES","og_type":"article","og_title":"Empresa Estudios de Mercado | Abogados y Economistas | 625 713 000","og_description":"Quabbala Abogados y Economistas | Estudios de Mercado para Empresas | Nacional e Internacional | M\u00e1s de 20 a\u00f1os de Experiencia | info@quabbala.com","og_url":"https:\/\/quabbala.com\/en\/empresa-estudios-mercado-empresas-productos\/","article_publisher":"https:\/\/www.facebook.com\/quabbala\/","article_modified_time":"2019-09-17T09:25:11+00:00","twitter_card":"summary_large_image","twitter_site":"@Quabbala","twitter_misc":{"Tiempo de lectura":"2 minutos"},"schema":{"@context":"https:\/\/schema.org","@graph":[{"@type":"WebPage","@id":"https:\/\/quabbala.com\/en\/empresa-estudios-mercado-empresas-productos\/","url":"https:\/\/quabbala.com\/en\/empresa-estudios-mercado-empresas-productos\/","name":"Empresa Estudios de Mercado | Abogados y Economistas | 625 713 000","isPartOf":{"@id":"https:\/\/quabbala.com\/en\/#website"},"datePublished":"2019-01-31T13:51:27+00:00","dateModified":"2019-09-17T09:25:11+00:00","description":"Quabbala Abogados y Economistas | Estudios de Mercado para Empresas | Nacional e Internacional | M\u00e1s de 20 a\u00f1os de Experiencia | info@quabbala.com","breadcrumb":{"@id":"https:\/\/quabbala.com\/en\/empresa-estudios-mercado-empresas-productos\/#breadcrumb"},"inLanguage":"es","potentialAction":[{"@type":"ReadAction","target":["https:\/\/quabbala.com\/en\/empresa-estudios-mercado-empresas-productos\/"]}]},{"@type":"BreadcrumbList","@id":"https:\/\/quabbala.com\/en\/empresa-estudios-mercado-empresas-productos\/#breadcrumb","itemListElement":[{"@type":"ListItem","position":1,"name":"Portada","item":"https:\/\/quabbala.com\/en\/"},{"@type":"ListItem","position":2,"name":"ESTUDIOS DE MERCADO"}]},{"@type":"WebSite","@id":"https:\/\/quabbala.com\/en\/#website","url":"https:\/\/quabbala.com\/en\/","name":"","description":"","potentialAction":[{"@type":"SearchAction","target":{"@type":"EntryPoint","urlTemplate":"https:\/\/quabbala.com\/en\/?s={search_term_string}"},"query-input":{"@type":"PropertyValueSpecification","valueRequired":true,"valueName":"search_term_string"}}],"inLanguage":"es"}]}},"_links":{"self":[{"href":"https:\/\/quabbala.com\/en\/wp-json\/wp\/v2\/pages\/1190"}],"collection":[{"href":"https:\/\/quabbala.com\/en\/wp-json\/wp\/v2\/pages"}],"about":[{"href":"https:\/\/quabbala.com\/en\/wp-json\/wp\/v2\/types\/page"}],"author":[{"embeddable":true,"href":"https:\/\/quabbala.com\/en\/wp-json\/wp\/v2\/users\/1"}],"replies":[{"embeddable":true,"href":"https:\/\/quabbala.com\/en\/wp-json\/wp\/v2\/comments?post=1190"}],"version-history":[{"count":11,"href":"https:\/\/quabbala.com\/en\/wp-json\/wp\/v2\/pages\/1190\/revisions"}],"predecessor-version":[{"id":3780,"href":"https:\/\/quabbala.com\/en\/wp-json\/wp\/v2\/pages\/1190\/revisions\/3780"}],"wp:attachment":[{"href":"https:\/\/quabbala.com\/en\/wp-json\/wp\/v2\/media?parent=1190"}],"curies":[{"name":"wp","href":"https:\/\/api.w.org\/{rel}","templated":true}]}}