{"id":1198,"date":"2019-01-31T14:02:40","date_gmt":"2019-01-31T14:02:40","guid":{"rendered":"https:\/\/quabbala.com\/?page_id=1198"},"modified":"2022-07-18T12:13:35","modified_gmt":"2022-07-18T12:13:35","slug":"plan-reestructuracion-empresarial-finaciera-deudas-empresas","status":"publish","type":"page","link":"https:\/\/quabbala.com\/en\/plan-reestructuracion-empresarial-finaciera-deudas-empresas\/","title":{"rendered":"REESTRUCTURACI\u00d3N EMPRESARIAL"},"content":{"rendered":"<div class=\"justify\">\n<div class=\"subtitulo\">Planes de reestructuraci\u00f3n empresarial y financiera<\/div>\n<p>&nbsp;<\/p>\n<p>Existen diferentes tipos de<strong> reestructuraci\u00f3n de empresas<\/strong>, desde <strong>reestructuraci\u00f3n financiera<\/strong> hasta reestructuraci\u00f3nes de personal, con el fin de permitir a las empresas modelar sus estrategias en funci\u00f3n de sus necesidades o de las demandas exteriores. En Quabbala dise\u00f1amos planes econ\u00f3mico-financieros relativos a reestructuraciones empresariales, adem\u00e1s de otros servicios tanto operativos como financieros.<\/p>\n<p>&nbsp;<\/p>\n<div><\/div>\n<div><\/div>\n<div class=\"subtitulo\">Proceso concursal y reunificaci\u00f3n de deudas<\/div>\n<div><\/div>\n<p>&nbsp;<\/p>\n<p>Este tipo de procedimiento busca una soluci\u00f3n para las obligaciones pendientes de una empresa por medio de la reestructuraci\u00f3n de la deuda.<\/p>\n<p>&nbsp;<\/p>\n<p>En <strong>Quabbala<\/strong>\u00a0<strong>abogados y economistas<\/strong>, somos expertos en <strong>procesos concursales y refinanciaci\u00f3n de deudas<\/strong>, dise\u00f1amos <strong>planes de reestructuraci\u00f3n econ\u00f3mico-financiera<\/strong> en procesos tanto concursales como en otras situaciones que exigen una soluci\u00f3n r\u00e1pida.<\/p>\n<p>&nbsp;<\/p>\n<p>Nuestros clientes cuentan en todo momento con an\u00e1lisis de situaci\u00f3n y estrategias de adaptaci\u00f3n tanto a corto como a largo plazo, preparadas para afrontar todo tipo de reestructuraciones empresariales.<\/p>\n<\/div>\n<p>&nbsp;<\/p>\n<p>&nbsp;<\/p>\n<div class=\"title-orange-landing\">\n<h2 style=\"text-align: center;\">\u00c1reas de Especializaci\u00f3n<\/h2>\n<\/div>\n<div class=\"wrapper-global\">\n<div class=\"legal-service-container\">\n<div class=\"legal-service\"><a href=\"https:\/\/quabbala.com\/metodos-como-calcular-valoracion-empresa-para-venta\/\">Valoraci\u00f3n de Empresas<\/a><\/div>\n<div class=\"legal-service\"><a href=\"https:\/\/quabbala.com\/busqueda-socio-capitalista-inversores-negocio-acuerdos-financieros\/\">Acuerdos Financieros<\/a><\/div>\n<div class=\"legal-service\"><a href=\"https:\/\/quabbala.com\/informe-due-diligence-financiero-fiscal-auditoria-juridica\/\">Due Diligence Financiera<\/a><\/div>\n<div class=\"legal-service\"><a href=\"https:\/\/quabbala.com\/abogados-elaboracion-planificacion-estrategica-empresarial\/\">Plan Estrat\u00e9gico<\/a><\/div>\n<div class=\"legal-service\"><a href=\"https:\/\/quabbala.com\/estudio-viabilidad-plan-economico-financiero-empresa\/\">Plan Econ\u00f3mico Financiero<\/a><\/div>\n<div class=\"legal-service\"><a href=\"https:\/\/quabbala.com\/empresa-investigacion-estudios-mercado-empresas-productos\/\">Estudios de Mercado<\/a><\/div>\n<div class=\"legal-service\"><a href=\"https:\/\/quabbala.com\/plan-reestructuracion-empresarial-finaciera-deudas-empresas\/\">Reestructuraci\u00f3n Empresarial<\/a><\/div>\n<div class=\"legal-service\"><a href=\"https:\/\/quabbala.com\/peritaje-juridico-peritos-judiciales-forenses-judicial-informatico\/\">Peritaje Jur\u00eddico Financiero<\/a><\/div>\n<div class=\"legal-service\"><a href=\"https:\/\/quabbala.com\/servicios-auditoria-externa-revision-estados-financieros\/\">Revisi\u00f3n Contable y Auditor\u00eda<\/a><\/div>\n<\/div>\n<\/div>\n<p>&nbsp;<\/p>\n","protected":false},"excerpt":{"rendered":"<p>Planes de reestructuraci\u00f3n empresarial y financiera &nbsp; Existen diferentes tipos de reestructuraci\u00f3n de empresas, desde reestructuraci\u00f3n financiera hasta reestructuraci\u00f3nes de [&hellip;]<\/p>\n","protected":false},"author":1,"featured_media":0,"parent":0,"menu_order":0,"comment_status":"closed","ping_status":"closed","template":"page-templates\/page-comercio-exterior.php","meta":{"_acf_changed":false,"footnotes":""},"class_list":["post-1198","page","type-page","status-publish","hentry"],"acf":[],"yoast_head":"<!-- This site is optimized with the Yoast SEO plugin v23.7 - https:\/\/yoast.com\/wordpress\/plugins\/seo\/ -->\n<title>Expertos de Reestructuraci\u00f3n Empresarial | Consultor\u00eda | 625 713 000<\/title>\n<meta name=\"description\" content=\"Quabbala abogados &amp; economistas | Le ayudamos a reestructurar su empresa | Consultor\u00eda | 20 a\u00f1os de experiencia | Para m\u00e1s info: info@quabbala.com\" \/>\n<meta name=\"robots\" content=\"index, follow, max-snippet:-1, max-image-preview:large, max-video-preview:-1\" \/>\n<link rel=\"canonical\" href=\"https:\/\/quabbala.com\/en\/plan-reestructuracion-empresarial-finaciera-deudas-empresas\/\" \/>\n<meta property=\"og:locale\" content=\"es_ES\" \/>\n<meta property=\"og:type\" content=\"article\" \/>\n<meta property=\"og:title\" content=\"Expertos de Reestructuraci\u00f3n Empresarial | Consultor\u00eda | 625 713 000\" \/>\n<meta property=\"og:description\" content=\"Quabbala abogados &amp; economistas | Le ayudamos a reestructurar su empresa | Consultor\u00eda | 20 a\u00f1os de experiencia | Para m\u00e1s info: info@quabbala.com\" \/>\n<meta property=\"og:url\" content=\"https:\/\/quabbala.com\/en\/plan-reestructuracion-empresarial-finaciera-deudas-empresas\/\" \/>\n<meta property=\"article:publisher\" content=\"https:\/\/www.facebook.com\/quabbala\/\" \/>\n<meta property=\"article:modified_time\" content=\"2022-07-18T12:13:35+00:00\" \/>\n<meta name=\"twitter:card\" content=\"summary_large_image\" \/>\n<meta name=\"twitter:site\" content=\"@Quabbala\" \/>\n<meta name=\"twitter:label1\" content=\"Tiempo de lectura\" \/>\n\t<meta name=\"twitter:data1\" content=\"1 minuto\" \/>\n<script type=\"application\/ld+json\" class=\"yoast-schema-graph\">{\"@context\":\"https:\/\/schema.org\",\"@graph\":[{\"@type\":\"WebPage\",\"@id\":\"https:\/\/quabbala.com\/en\/plan-reestructuracion-empresarial-finaciera-deudas-empresas\/\",\"url\":\"https:\/\/quabbala.com\/en\/plan-reestructuracion-empresarial-finaciera-deudas-empresas\/\",\"name\":\"Expertos de Reestructuraci\u00f3n Empresarial | Consultor\u00eda | 625 713 000\",\"isPartOf\":{\"@id\":\"https:\/\/quabbala.com\/en\/#website\"},\"datePublished\":\"2019-01-31T14:02:40+00:00\",\"dateModified\":\"2022-07-18T12:13:35+00:00\",\"description\":\"Quabbala abogados & economistas | Le ayudamos a reestructurar su empresa | Consultor\u00eda | 20 a\u00f1os de experiencia | Para m\u00e1s info: info@quabbala.com\",\"breadcrumb\":{\"@id\":\"https:\/\/quabbala.com\/en\/plan-reestructuracion-empresarial-finaciera-deudas-empresas\/#breadcrumb\"},\"inLanguage\":\"es\",\"potentialAction\":[{\"@type\":\"ReadAction\",\"target\":[\"https:\/\/quabbala.com\/en\/plan-reestructuracion-empresarial-finaciera-deudas-empresas\/\"]}]},{\"@type\":\"BreadcrumbList\",\"@id\":\"https:\/\/quabbala.com\/en\/plan-reestructuracion-empresarial-finaciera-deudas-empresas\/#breadcrumb\",\"itemListElement\":[{\"@type\":\"ListItem\",\"position\":1,\"name\":\"Portada\",\"item\":\"https:\/\/quabbala.com\/en\/\"},{\"@type\":\"ListItem\",\"position\":2,\"name\":\"REESTRUCTURACI\u00d3N EMPRESARIAL\"}]},{\"@type\":\"WebSite\",\"@id\":\"https:\/\/quabbala.com\/en\/#website\",\"url\":\"https:\/\/quabbala.com\/en\/\",\"name\":\"\",\"description\":\"\",\"potentialAction\":[{\"@type\":\"SearchAction\",\"target\":{\"@type\":\"EntryPoint\",\"urlTemplate\":\"https:\/\/quabbala.com\/en\/?s={search_term_string}\"},\"query-input\":{\"@type\":\"PropertyValueSpecification\",\"valueRequired\":true,\"valueName\":\"search_term_string\"}}],\"inLanguage\":\"es\"}]}<\/script>\n<!-- \/ Yoast SEO plugin. -->","yoast_head_json":{"title":"Expertos de Reestructuraci\u00f3n Empresarial | Consultor\u00eda | 625 713 000","description":"Quabbala abogados & economistas | Le ayudamos a reestructurar su empresa | Consultor\u00eda | 20 a\u00f1os de experiencia | Para m\u00e1s info: info@quabbala.com","robots":{"index":"index","follow":"follow","max-snippet":"max-snippet:-1","max-image-preview":"max-image-preview:large","max-video-preview":"max-video-preview:-1"},"canonical":"https:\/\/quabbala.com\/en\/plan-reestructuracion-empresarial-finaciera-deudas-empresas\/","og_locale":"es_ES","og_type":"article","og_title":"Expertos de Reestructuraci\u00f3n Empresarial | Consultor\u00eda | 625 713 000","og_description":"Quabbala abogados & economistas | Le ayudamos a reestructurar su empresa | Consultor\u00eda | 20 a\u00f1os de experiencia | Para m\u00e1s info: info@quabbala.com","og_url":"https:\/\/quabbala.com\/en\/plan-reestructuracion-empresarial-finaciera-deudas-empresas\/","article_publisher":"https:\/\/www.facebook.com\/quabbala\/","article_modified_time":"2022-07-18T12:13:35+00:00","twitter_card":"summary_large_image","twitter_site":"@Quabbala","twitter_misc":{"Tiempo de lectura":"1 minuto"},"schema":{"@context":"https:\/\/schema.org","@graph":[{"@type":"WebPage","@id":"https:\/\/quabbala.com\/en\/plan-reestructuracion-empresarial-finaciera-deudas-empresas\/","url":"https:\/\/quabbala.com\/en\/plan-reestructuracion-empresarial-finaciera-deudas-empresas\/","name":"Expertos de Reestructuraci\u00f3n Empresarial | Consultor\u00eda | 625 713 000","isPartOf":{"@id":"https:\/\/quabbala.com\/en\/#website"},"datePublished":"2019-01-31T14:02:40+00:00","dateModified":"2022-07-18T12:13:35+00:00","description":"Quabbala abogados & economistas | Le ayudamos a reestructurar su empresa | Consultor\u00eda | 20 a\u00f1os de experiencia | Para m\u00e1s info: info@quabbala.com","breadcrumb":{"@id":"https:\/\/quabbala.com\/en\/plan-reestructuracion-empresarial-finaciera-deudas-empresas\/#breadcrumb"},"inLanguage":"es","potentialAction":[{"@type":"ReadAction","target":["https:\/\/quabbala.com\/en\/plan-reestructuracion-empresarial-finaciera-deudas-empresas\/"]}]},{"@type":"BreadcrumbList","@id":"https:\/\/quabbala.com\/en\/plan-reestructuracion-empresarial-finaciera-deudas-empresas\/#breadcrumb","itemListElement":[{"@type":"ListItem","position":1,"name":"Portada","item":"https:\/\/quabbala.com\/en\/"},{"@type":"ListItem","position":2,"name":"REESTRUCTURACI\u00d3N EMPRESARIAL"}]},{"@type":"WebSite","@id":"https:\/\/quabbala.com\/en\/#website","url":"https:\/\/quabbala.com\/en\/","name":"","description":"","potentialAction":[{"@type":"SearchAction","target":{"@type":"EntryPoint","urlTemplate":"https:\/\/quabbala.com\/en\/?s={search_term_string}"},"query-input":{"@type":"PropertyValueSpecification","valueRequired":true,"valueName":"search_term_string"}}],"inLanguage":"es"}]}},"_links":{"self":[{"href":"https:\/\/quabbala.com\/en\/wp-json\/wp\/v2\/pages\/1198"}],"collection":[{"href":"https:\/\/quabbala.com\/en\/wp-json\/wp\/v2\/pages"}],"about":[{"href":"https:\/\/quabbala.com\/en\/wp-json\/wp\/v2\/types\/page"}],"author":[{"embeddable":true,"href":"https:\/\/quabbala.com\/en\/wp-json\/wp\/v2\/users\/1"}],"replies":[{"embeddable":true,"href":"https:\/\/quabbala.com\/en\/wp-json\/wp\/v2\/comments?post=1198"}],"version-history":[{"count":12,"href":"https:\/\/quabbala.com\/en\/wp-json\/wp\/v2\/pages\/1198\/revisions"}],"predecessor-version":[{"id":3782,"href":"https:\/\/quabbala.com\/en\/wp-json\/wp\/v2\/pages\/1198\/revisions\/3782"}],"wp:attachment":[{"href":"https:\/\/quabbala.com\/en\/wp-json\/wp\/v2\/media?parent=1198"}],"curies":[{"name":"wp","href":"https:\/\/api.w.org\/{rel}","templated":true}]}}