{"id":122,"date":"2018-11-23T09:05:09","date_gmt":"2018-11-23T09:05:09","guid":{"rendered":"https:\/\/new.quabbala.com\/?page_id=122"},"modified":"2019-09-16T08:50:06","modified_gmt":"2019-09-16T08:50:06","slug":"economico-financiero","status":"publish","type":"page","link":"https:\/\/quabbala.com\/en\/economico-financiero\/","title":{"rendered":"Econ\u00f3mico Financiero"},"content":{"rendered":"<p>Como paso previo hacia el proceso de internacionalizaci\u00f3n de una empresa es necesario llevar a cabo un exhaustivo estudio econ\u00f3mico financiero centrado tanto en la empresa como en el sector econ\u00f3mico en el que se va a integrar.<\/p>\n<p>&nbsp;<\/p>\n<p>Adem\u00e1s del\u00a0<strong>an\u00e1lisis econ\u00f3mico financiero de una empresa<\/strong>, tambi\u00e9n es necesario realizar otros an\u00e1lisis t\u00e9cnicos como un cuaderno de ventas en procesos de fusi\u00f3n y adquisici\u00f3n o un\u00a0<strong>an\u00e1lisis contable de la empresa<\/strong>, con el objetivo de evaluar la situaci\u00f3n real presente de la empresa como paso previo a la decisi\u00f3n de objetivos en el terreno internacional.<\/p>\n<p>&nbsp;<\/p>\n<p>&nbsp;<\/p>\n<div class=\"title-orange-landing\">\n<h2 style=\"text-align: center;\">\u00c1reas de Especializaci\u00f3n<\/h2>\n<\/div>\n<p>&nbsp;<\/p>\n<div class=\"wrapper-global\">\n<div class=\"legal-service-container\">\n<div class=\"legal-service\"><a href=\"https:\/\/quabbala.com\/metodos-como-calcular-valoracion-empresa-para-venta\/\">Valoraci\u00f3n de Empresas<\/a><\/div>\n<div class=\"legal-service\"><a href=\"https:\/\/quabbala.com\/busqueda-socio-capitalista-inversores-negocio-acuerdos-financieros\/\">Acuerdos Financieros<\/a><\/div>\n<div class=\"legal-service\"><a href=\"https:\/\/quabbala.com\/informe-due-diligence-financiero-fiscal-auditoria-juridica\/\">Due Diligence Financiera<\/a><\/div>\n<div class=\"legal-service\"><a href=\"https:\/\/quabbala.com\/abogados-elaboracion-planificacion-estrategica-empresarial\/\">Plan Estrat\u00e9gico<\/a><\/div>\n<div class=\"legal-service\"><a href=\"https:\/\/quabbala.com\/estudio-viabilidad-plan-economico-financiero-empresa\/\">Plan Econ\u00f3mico Financiero<\/a><\/div>\n<div class=\"legal-service\"><a href=\"https:\/\/quabbala.com\/empresa-investigacion-estudios-mercado-empresas-productos\/\">Estudios de Mercado<\/a><\/div>\n<div class=\"legal-service\"><a href=\"https:\/\/quabbala.com\/plan-reestructuracion-empresarial-finaciera-deudas-empresas\/\">Reestructuraci\u00f3n Empresarial<\/a><\/div>\n<div class=\"legal-service\"><a href=\"https:\/\/quabbala.com\/peritaje-juridico-peritos-judiciales-forenses-judicial-informatico\/\">Peritaje Jur\u00eddico Financiero<\/a><\/div>\n<div class=\"legal-service\"><a href=\"https:\/\/quabbala.com\/servicios-auditoria-externa-revision-estados-financieros\/\">Revisi\u00f3n Contable y Auditor\u00eda<\/a><\/div>\n<\/div>\n<\/div>\n<p>&nbsp;<\/p>\n<p>&nbsp;<\/p>\n<div class=\"title-orange-landing\">\n<h2 style=\"text-align: center;\">Estudio Econ\u00f3mico Financiero de una Empresa<\/h2>\n<\/div>\n<p>&nbsp;<\/p>\n<p>El\u00a0<strong>estudio econ\u00f3mico financiero de una empresa<\/strong>\u00a0es parte de la investigaci\u00f3n previa anterior a la internacionalizaci\u00f3n de una empresa, debemos conocer la situaci\u00f3n en la que nos encontramos para poder comenzar a evaluar el mercado, teniendo como referencia nuestra propia situaci\u00f3n.<\/p>\n<p>&nbsp;<\/p>\n<p>Para tomar decisiones correctas utilizamos diferentes equipos de<strong> expertos economistas<\/strong>, capaces de proporcionarle una visi\u00f3n completa del mercado al que se va a enfrentar.<\/p>\n<p>&nbsp;<\/p>\n<p>La <strong>b\u00fasqueda de socios financieros<\/strong>, as\u00ed como <strong>partners<\/strong> ya presentes en la regi\u00f3n, es imprescindible si buscamos resultados a largo plazo.<\/p>\n<p>&nbsp;<\/p>\n<p><img loading=\"lazy\" decoding=\"async\" class=\"alignnone size-full wp-image-3346\" src=\"https:\/\/quabbala.com\/wp-content\/uploads\/2019\/07\/economico-financiero.jpg\" alt=\"\" width=\"1200\" height=\"527\" srcset=\"https:\/\/quabbala.com\/en\/wp-content\/uploads\/2019\/07\/economico-financiero.jpg 1200w, https:\/\/quabbala.com\/en\/wp-content\/uploads\/2019\/07\/economico-financiero-150x66.jpg 150w, https:\/\/quabbala.com\/en\/wp-content\/uploads\/2019\/07\/economico-financiero-300x132.jpg 300w, https:\/\/quabbala.com\/en\/wp-content\/uploads\/2019\/07\/economico-financiero-768x337.jpg 768w, https:\/\/quabbala.com\/en\/wp-content\/uploads\/2019\/07\/economico-financiero-624x274.jpg 624w\" sizes=\"(max-width: 1200px) 100vw, 1200px\" \/><\/p>\n<p>&nbsp;<\/p>\n<p>En nuestro plan econ\u00f3mico financiero tambi\u00e9n se incluyen tareas como <strong>an\u00e1lisis horizontales y verticales<\/strong>, coordinaci\u00f3n de procesos de <strong>Due Diligence<\/strong>, revisiones contables, situaci\u00f3n financiera de la empresa, etc., con el fin de <strong>manejar todo tipo de datos econ\u00f3mico-financieros<\/strong> que den como resultado una <strong>base de datos fiable<\/strong> y sostenida en el tiempo, es imprescindible si buscamos resultados a largo plazo.<\/p>\n<p>&nbsp;<\/p>\n<p>En nuestro\u00a0<strong>plan econ\u00f3mico financiero<\/strong>\u00a0tambi\u00e9n se incluyen tareas como an\u00e1lisis horizontales y verticales, <strong>coordinaci\u00f3n de procesos de Due Diligence<\/strong>, revisiones contables, situaci\u00f3n financiera de la empresa, etc., con el fin de manejar todo tipo de datos econ\u00f3mico-financieros que den como resultado una base de datos fiable y sostenida en el tiempo.<\/p>\n<p>&nbsp;<\/p>\n<div class=\"title-orange-landing\">\n<h2><\/h2>\n<h2 style=\"text-align: center;\">An\u00e1lisis Financiero Econ\u00f3mico Internacional<\/h2>\n<\/div>\n<p>&nbsp;<\/p>\n<p>El <strong>an\u00e1lisis econ\u00f3mico financiero<\/strong> en un proceso de internacionalizaci\u00f3n es, junto a la investigaci\u00f3n jur\u00eddica, la parte m\u00e1s importante del trabajo previo, as\u00ed como en los posteriores procesos de evaluaci\u00f3n. Lo que <strong>nos interesa<\/strong> conocer son tanto los <strong>datos internos como externos<\/strong>, incluyendo el plan financiero de la empresa y el an\u00e1lisis del sector econ\u00f3mico local.<\/p>\n<p>&nbsp;<\/p>\n<p>En Quabbala trabajamos con equipos multidisciplinares para realizar un trabajo com\u00fan que d\u00e9 como resultado un examen \u00edntegro de la situaci\u00f3n.<\/p>\n","protected":false},"excerpt":{"rendered":"<p>Como paso previo hacia el proceso de internacionalizaci\u00f3n de una empresa es necesario llevar a cabo un exhaustivo estudio econ\u00f3mico [&hellip;]<\/p>\n","protected":false},"author":1,"featured_media":0,"parent":0,"menu_order":0,"comment_status":"closed","ping_status":"closed","template":"page-templates\/page-areas-single.php","meta":{"_acf_changed":false,"footnotes":""},"class_list":["post-122","page","type-page","status-publish","hentry"],"acf":[],"yoast_head":"<!-- This site is optimized with the Yoast SEO plugin v23.7 - https:\/\/yoast.com\/wordpress\/plugins\/seo\/ -->\n<title>Estudios Econ\u00f3mico Financieros | Quabbala Economistas | 625 731 000<\/title>\n<meta name=\"description\" content=\"Quabbala Abogados y Economistas somos experto en realizar Estudios Economico Financieros a Empresas. M\u00e1s de 20 a\u00f1os, tanto a nivel nacional como internaiconal...\" \/>\n<meta name=\"robots\" content=\"index, follow, max-snippet:-1, max-image-preview:large, max-video-preview:-1\" \/>\n<link rel=\"canonical\" href=\"https:\/\/quabbala.com\/en\/economico-financiero\/\" \/>\n<meta property=\"og:locale\" content=\"es_ES\" \/>\n<meta property=\"og:type\" content=\"article\" \/>\n<meta property=\"og:title\" content=\"Estudios Econ\u00f3mico Financieros | Quabbala Economistas | 625 731 000\" \/>\n<meta property=\"og:description\" content=\"Quabbala Abogados y Economistas somos experto en realizar Estudios Economico Financieros a Empresas. M\u00e1s de 20 a\u00f1os, tanto a nivel nacional como internaiconal...\" \/>\n<meta property=\"og:url\" content=\"https:\/\/quabbala.com\/en\/economico-financiero\/\" \/>\n<meta property=\"article:publisher\" content=\"https:\/\/www.facebook.com\/quabbala\/\" \/>\n<meta property=\"article:modified_time\" content=\"2019-09-16T08:50:06+00:00\" \/>\n<meta property=\"og:image\" content=\"https:\/\/quabbala.com\/wp-content\/uploads\/2019\/07\/economico-financiero.jpg\" \/>\n<meta name=\"twitter:card\" content=\"summary_large_image\" \/>\n<meta name=\"twitter:site\" content=\"@Quabbala\" \/>\n<meta name=\"twitter:label1\" content=\"Tiempo de lectura\" \/>\n\t<meta name=\"twitter:data1\" content=\"2 minutos\" \/>\n<script type=\"application\/ld+json\" class=\"yoast-schema-graph\">{\"@context\":\"https:\/\/schema.org\",\"@graph\":[{\"@type\":\"WebPage\",\"@id\":\"https:\/\/quabbala.com\/en\/economico-financiero\/\",\"url\":\"https:\/\/quabbala.com\/en\/economico-financiero\/\",\"name\":\"Estudios Econ\u00f3mico Financieros | Quabbala Economistas | 625 731 000\",\"isPartOf\":{\"@id\":\"https:\/\/quabbala.com\/en\/#website\"},\"primaryImageOfPage\":{\"@id\":\"https:\/\/quabbala.com\/en\/economico-financiero\/#primaryimage\"},\"image\":{\"@id\":\"https:\/\/quabbala.com\/en\/economico-financiero\/#primaryimage\"},\"thumbnailUrl\":\"https:\/\/quabbala.com\/wp-content\/uploads\/2019\/07\/economico-financiero.jpg\",\"datePublished\":\"2018-11-23T09:05:09+00:00\",\"dateModified\":\"2019-09-16T08:50:06+00:00\",\"description\":\"Quabbala Abogados y Economistas somos experto en realizar Estudios Economico Financieros a Empresas. M\u00e1s de 20 a\u00f1os, tanto a nivel nacional como internaiconal...\",\"breadcrumb\":{\"@id\":\"https:\/\/quabbala.com\/en\/economico-financiero\/#breadcrumb\"},\"inLanguage\":\"es\",\"potentialAction\":[{\"@type\":\"ReadAction\",\"target\":[\"https:\/\/quabbala.com\/en\/economico-financiero\/\"]}]},{\"@type\":\"ImageObject\",\"inLanguage\":\"es\",\"@id\":\"https:\/\/quabbala.com\/en\/economico-financiero\/#primaryimage\",\"url\":\"https:\/\/quabbala.com\/wp-content\/uploads\/2019\/07\/economico-financiero.jpg\",\"contentUrl\":\"https:\/\/quabbala.com\/wp-content\/uploads\/2019\/07\/economico-financiero.jpg\"},{\"@type\":\"BreadcrumbList\",\"@id\":\"https:\/\/quabbala.com\/en\/economico-financiero\/#breadcrumb\",\"itemListElement\":[{\"@type\":\"ListItem\",\"position\":1,\"name\":\"Portada\",\"item\":\"https:\/\/quabbala.com\/en\/\"},{\"@type\":\"ListItem\",\"position\":2,\"name\":\"Econ\u00f3mico Financiero\"}]},{\"@type\":\"WebSite\",\"@id\":\"https:\/\/quabbala.com\/en\/#website\",\"url\":\"https:\/\/quabbala.com\/en\/\",\"name\":\"\",\"description\":\"\",\"potentialAction\":[{\"@type\":\"SearchAction\",\"target\":{\"@type\":\"EntryPoint\",\"urlTemplate\":\"https:\/\/quabbala.com\/en\/?s={search_term_string}\"},\"query-input\":{\"@type\":\"PropertyValueSpecification\",\"valueRequired\":true,\"valueName\":\"search_term_string\"}}],\"inLanguage\":\"es\"}]}<\/script>\n<!-- \/ Yoast SEO plugin. -->","yoast_head_json":{"title":"Estudios Econ\u00f3mico Financieros | Quabbala Economistas | 625 731 000","description":"Quabbala Abogados y Economistas somos experto en realizar Estudios Economico Financieros a Empresas. M\u00e1s de 20 a\u00f1os, tanto a nivel nacional como internaiconal...","robots":{"index":"index","follow":"follow","max-snippet":"max-snippet:-1","max-image-preview":"max-image-preview:large","max-video-preview":"max-video-preview:-1"},"canonical":"https:\/\/quabbala.com\/en\/economico-financiero\/","og_locale":"es_ES","og_type":"article","og_title":"Estudios Econ\u00f3mico Financieros | Quabbala Economistas | 625 731 000","og_description":"Quabbala Abogados y Economistas somos experto en realizar Estudios Economico Financieros a Empresas. M\u00e1s de 20 a\u00f1os, tanto a nivel nacional como internaiconal...","og_url":"https:\/\/quabbala.com\/en\/economico-financiero\/","article_publisher":"https:\/\/www.facebook.com\/quabbala\/","article_modified_time":"2019-09-16T08:50:06+00:00","og_image":[{"url":"https:\/\/quabbala.com\/wp-content\/uploads\/2019\/07\/economico-financiero.jpg"}],"twitter_card":"summary_large_image","twitter_site":"@Quabbala","twitter_misc":{"Tiempo de lectura":"2 minutos"},"schema":{"@context":"https:\/\/schema.org","@graph":[{"@type":"WebPage","@id":"https:\/\/quabbala.com\/en\/economico-financiero\/","url":"https:\/\/quabbala.com\/en\/economico-financiero\/","name":"Estudios Econ\u00f3mico Financieros | Quabbala Economistas | 625 731 000","isPartOf":{"@id":"https:\/\/quabbala.com\/en\/#website"},"primaryImageOfPage":{"@id":"https:\/\/quabbala.com\/en\/economico-financiero\/#primaryimage"},"image":{"@id":"https:\/\/quabbala.com\/en\/economico-financiero\/#primaryimage"},"thumbnailUrl":"https:\/\/quabbala.com\/wp-content\/uploads\/2019\/07\/economico-financiero.jpg","datePublished":"2018-11-23T09:05:09+00:00","dateModified":"2019-09-16T08:50:06+00:00","description":"Quabbala Abogados y Economistas somos experto en realizar Estudios Economico Financieros a Empresas. M\u00e1s de 20 a\u00f1os, tanto a nivel nacional como internaiconal...","breadcrumb":{"@id":"https:\/\/quabbala.com\/en\/economico-financiero\/#breadcrumb"},"inLanguage":"es","potentialAction":[{"@type":"ReadAction","target":["https:\/\/quabbala.com\/en\/economico-financiero\/"]}]},{"@type":"ImageObject","inLanguage":"es","@id":"https:\/\/quabbala.com\/en\/economico-financiero\/#primaryimage","url":"https:\/\/quabbala.com\/wp-content\/uploads\/2019\/07\/economico-financiero.jpg","contentUrl":"https:\/\/quabbala.com\/wp-content\/uploads\/2019\/07\/economico-financiero.jpg"},{"@type":"BreadcrumbList","@id":"https:\/\/quabbala.com\/en\/economico-financiero\/#breadcrumb","itemListElement":[{"@type":"ListItem","position":1,"name":"Portada","item":"https:\/\/quabbala.com\/en\/"},{"@type":"ListItem","position":2,"name":"Econ\u00f3mico Financiero"}]},{"@type":"WebSite","@id":"https:\/\/quabbala.com\/en\/#website","url":"https:\/\/quabbala.com\/en\/","name":"","description":"","potentialAction":[{"@type":"SearchAction","target":{"@type":"EntryPoint","urlTemplate":"https:\/\/quabbala.com\/en\/?s={search_term_string}"},"query-input":{"@type":"PropertyValueSpecification","valueRequired":true,"valueName":"search_term_string"}}],"inLanguage":"es"}]}},"_links":{"self":[{"href":"https:\/\/quabbala.com\/en\/wp-json\/wp\/v2\/pages\/122"}],"collection":[{"href":"https:\/\/quabbala.com\/en\/wp-json\/wp\/v2\/pages"}],"about":[{"href":"https:\/\/quabbala.com\/en\/wp-json\/wp\/v2\/types\/page"}],"author":[{"embeddable":true,"href":"https:\/\/quabbala.com\/en\/wp-json\/wp\/v2\/users\/1"}],"replies":[{"embeddable":true,"href":"https:\/\/quabbala.com\/en\/wp-json\/wp\/v2\/comments?post=122"}],"version-history":[{"count":23,"href":"https:\/\/quabbala.com\/en\/wp-json\/wp\/v2\/pages\/122\/revisions"}],"predecessor-version":[{"id":3817,"href":"https:\/\/quabbala.com\/en\/wp-json\/wp\/v2\/pages\/122\/revisions\/3817"}],"wp:attachment":[{"href":"https:\/\/quabbala.com\/en\/wp-json\/wp\/v2\/media?parent=122"}],"curies":[{"name":"wp","href":"https:\/\/api.w.org\/{rel}","templated":true}]}}