{"id":126,"date":"2018-11-23T09:11:26","date_gmt":"2018-11-23T09:11:26","guid":{"rendered":"https:\/\/new.quabbala.com\/?page_id=126"},"modified":"2024-08-31T10:07:35","modified_gmt":"2024-08-31T10:07:35","slug":"uk-desk","status":"publish","type":"page","link":"https:\/\/quabbala.com\/en\/uk-desk\/","title":{"rendered":"UK Desk"},"content":{"rendered":"<p>Quabbala&#8217;s UK Desk is staffed by a specialized team of lawyers and economists who provide advice to our clients from the United Kingdom or other countries with established businesses or aspirations to establish them in the UK.<\/p>\n<p>&nbsp;<\/p>\n<p>In addition to legal specialization in various areas, the lawyers and economists who form part of the UK Desk and our London office have extensive experience in advising on Spanish-British economic transactions, having carried out operations across a wide range of sectors.<\/p>\n<p>&nbsp;<\/p>\n<ul>\n<li class=\"Circulo\"><strong>Mergers and Acquisitions<\/strong>.<\/li>\n<li class=\"Circulo\"><strong>Joint ventures.<\/strong><\/li>\n<li class=\"Circulo\"><strong>International Corporate<\/strong> and <strong>Commercial Law<\/strong>.<\/li>\n<li class=\"Circulo\">Insolvency administration across different types of insolvency proceedings in the UK:\n<ul>\n<li class=\"Circulo\"><strong>Administration<\/strong><\/li>\n<li class=\"Circulo\"><strong>Creditors\u2019 Voluntary Liquidation (CVL)<\/strong><\/li>\n<li class=\"Circulo\"><strong>Company Voluntary Arrangement (CVA)<\/strong><\/li>\n<li class=\"Circulo\"><strong>Members\u2019 Voluntary Liquidation (MVL)<\/strong><\/li>\n<\/ul>\n<p>&nbsp;<\/li>\n<\/ul>\n<ul>\n<li class=\"Circulo\"><strong>Cross-border insolvency proceedings<\/strong>.<\/li>\n<li class=\"Circulo\"><strong>Restructurings<\/strong>.<\/li>\n<li class=\"Circulo\">European recognition and enforcement of judgments.<\/li>\n<li class=\"Circulo\">European Payment Order, <strong>Debt Recovery<\/strong>.<\/li>\n<li class=\"Circulo\"><strong>Contracts<\/strong>.<\/li>\n<li class=\"Circulo\"><strong>International Arbitration<\/strong>.<\/li>\n<li class=\"Circulo\"><strong>Restructuring and reorganization<\/strong> of corporate groups.<\/li>\n<li class=\"Circulo\"><strong>Inheritance Law<\/strong>.<\/li>\n<li><strong>Trademark registration<\/strong>, intellectual and <strong>industrial property protection<\/strong>.<\/li>\n<\/ul>\n<p>&nbsp;<\/p>\n<div class=\"title-orange-landing\">\n<h2>UK Desk<\/h2>\n<\/div>\n<p>&nbsp;<\/p>\n<p>Legal advice is always provided under Spanish law. The members of the UK Desk have extensive professional experience in their areas of expertise, with our goal being to facilitate legal and tax advice to clients of the firm who, due to their business activities, maintain frequent contacts with the UK. This includes both English-speaking clients needing advice on Spanish law and clients requiring legal-tax services under English law.<\/p>\n<p>&nbsp;<\/p>\n<p>The UK Desk provides English-speaking clients with a specialized communication channel to address their questions regarding legal and tax aspects of Spanish law. Our knowledge of the language, and particularly of both legal systems and business cultures, enables us to offer our clients a specialized service, in close collaboration with our colleagues in other departments and offices of the firm.<\/p>\n<p>&nbsp;<\/p>\n<p>&nbsp;<\/p>\n<p>&nbsp;<\/p>\n<p><img loading=\"lazy\" decoding=\"async\" class=\"aligncenter wp-image-3377 size-full\" src=\"https:\/\/quabbala.com\/wp-content\/uploads\/2019\/07\/quabbala-uk-desk.jpg\" alt=\"\" width=\"1200\" height=\"380\" srcset=\"https:\/\/quabbala.com\/en\/wp-content\/uploads\/2019\/07\/quabbala-uk-desk.jpg 1200w, https:\/\/quabbala.com\/en\/wp-content\/uploads\/2019\/07\/quabbala-uk-desk-150x48.jpg 150w, https:\/\/quabbala.com\/en\/wp-content\/uploads\/2019\/07\/quabbala-uk-desk-300x95.jpg 300w, https:\/\/quabbala.com\/en\/wp-content\/uploads\/2019\/07\/quabbala-uk-desk-768x243.jpg 768w, https:\/\/quabbala.com\/en\/wp-content\/uploads\/2019\/07\/quabbala-uk-desk-624x198.jpg 624w\" sizes=\"(max-width: 1200px) 100vw, 1200px\" \/><\/p>\n<p>&nbsp;<\/p>\n<p>&nbsp;<\/p>\n<p>&nbsp;<\/p>\n<p>For Spanish clients, the UK Desk provides advice on English law through its professionals or, as needed, facilitates access to and contact with top-tier law firms located in the United Kingdom and other English-speaking countries.<\/p>\n<p>&nbsp;<\/p>\n<p>In summary, the UK Desk allows us to apply our service culture to English-speaking clients and Spanish clients with business activities in the United Kingdom.<\/p>\n","protected":false},"excerpt":{"rendered":"<p>Quabbala&#8217;s UK Desk is staffed by a specialized team of lawyers and economists who provide advice to our clients from [&hellip;]<\/p>\n","protected":false},"author":1,"featured_media":0,"parent":0,"menu_order":0,"comment_status":"closed","ping_status":"closed","template":"page-templates\/page-areas-single.php","meta":{"_acf_changed":false,"footnotes":""},"class_list":["post-126","page","type-page","status-publish","hentry"],"acf":[],"yoast_head":"<!-- This site is optimized with the Yoast SEO plugin v23.7 - https:\/\/yoast.com\/wordpress\/plugins\/seo\/ -->\n<title>Abogados Espa\u00f1oles en Londres | Insolvency Practitioners | Spanish Desk<\/title>\n<meta name=\"description\" content=\"Somos un despacho de abogados espa\u00f1ol en Londres. Expertos en Insolvency Pratitioners y las distintas \u00e1reas del Derecho Espa\u00f1ol | M\u00e1s en info@quabbala.com\" \/>\n<meta name=\"robots\" content=\"index, follow, max-snippet:-1, max-image-preview:large, max-video-preview:-1\" \/>\n<link rel=\"canonical\" href=\"https:\/\/quabbala.com\/en\/uk-desk\/\" \/>\n<meta property=\"og:locale\" content=\"es_ES\" \/>\n<meta property=\"og:type\" content=\"article\" \/>\n<meta property=\"og:title\" content=\"Abogados Espa\u00f1oles en Londres | Insolvency Practitioners | Spanish Desk\" \/>\n<meta property=\"og:description\" content=\"Somos un despacho de abogados espa\u00f1ol en Londres. Expertos en Insolvency Pratitioners y las distintas \u00e1reas del Derecho Espa\u00f1ol | M\u00e1s en info@quabbala.com\" \/>\n<meta property=\"og:url\" content=\"https:\/\/quabbala.com\/en\/uk-desk\/\" \/>\n<meta property=\"article:publisher\" content=\"https:\/\/www.facebook.com\/quabbala\/\" \/>\n<meta property=\"article:modified_time\" content=\"2024-08-31T10:07:35+00:00\" \/>\n<meta property=\"og:image\" content=\"https:\/\/quabbala.com\/wp-content\/uploads\/2019\/07\/quabbala-uk-desk.jpg\" \/>\n<meta name=\"twitter:card\" content=\"summary_large_image\" \/>\n<meta name=\"twitter:site\" content=\"@Quabbala\" \/>\n<meta name=\"twitter:label1\" content=\"Tiempo de lectura\" \/>\n\t<meta name=\"twitter:data1\" content=\"2 minutos\" \/>\n<script type=\"application\/ld+json\" class=\"yoast-schema-graph\">{\"@context\":\"https:\/\/schema.org\",\"@graph\":[{\"@type\":\"WebPage\",\"@id\":\"https:\/\/quabbala.com\/en\/uk-desk\/\",\"url\":\"https:\/\/quabbala.com\/en\/uk-desk\/\",\"name\":\"Abogados Espa\u00f1oles en Londres | Insolvency Practitioners | Spanish Desk\",\"isPartOf\":{\"@id\":\"https:\/\/quabbala.com\/en\/#website\"},\"primaryImageOfPage\":{\"@id\":\"https:\/\/quabbala.com\/en\/uk-desk\/#primaryimage\"},\"image\":{\"@id\":\"https:\/\/quabbala.com\/en\/uk-desk\/#primaryimage\"},\"thumbnailUrl\":\"https:\/\/quabbala.com\/wp-content\/uploads\/2019\/07\/quabbala-uk-desk.jpg\",\"datePublished\":\"2018-11-23T09:11:26+00:00\",\"dateModified\":\"2024-08-31T10:07:35+00:00\",\"description\":\"Somos un despacho de abogados espa\u00f1ol en Londres. Expertos en Insolvency Pratitioners y las distintas \u00e1reas del Derecho Espa\u00f1ol | M\u00e1s en info@quabbala.com\",\"breadcrumb\":{\"@id\":\"https:\/\/quabbala.com\/en\/uk-desk\/#breadcrumb\"},\"inLanguage\":\"es\",\"potentialAction\":[{\"@type\":\"ReadAction\",\"target\":[\"https:\/\/quabbala.com\/en\/uk-desk\/\"]}]},{\"@type\":\"ImageObject\",\"inLanguage\":\"es\",\"@id\":\"https:\/\/quabbala.com\/en\/uk-desk\/#primaryimage\",\"url\":\"https:\/\/quabbala.com\/wp-content\/uploads\/2019\/07\/quabbala-uk-desk.jpg\",\"contentUrl\":\"https:\/\/quabbala.com\/wp-content\/uploads\/2019\/07\/quabbala-uk-desk.jpg\"},{\"@type\":\"BreadcrumbList\",\"@id\":\"https:\/\/quabbala.com\/en\/uk-desk\/#breadcrumb\",\"itemListElement\":[{\"@type\":\"ListItem\",\"position\":1,\"name\":\"Portada\",\"item\":\"https:\/\/quabbala.com\/en\/\"},{\"@type\":\"ListItem\",\"position\":2,\"name\":\"UK Desk\"}]},{\"@type\":\"WebSite\",\"@id\":\"https:\/\/quabbala.com\/en\/#website\",\"url\":\"https:\/\/quabbala.com\/en\/\",\"name\":\"\",\"description\":\"\",\"potentialAction\":[{\"@type\":\"SearchAction\",\"target\":{\"@type\":\"EntryPoint\",\"urlTemplate\":\"https:\/\/quabbala.com\/en\/?s={search_term_string}\"},\"query-input\":{\"@type\":\"PropertyValueSpecification\",\"valueRequired\":true,\"valueName\":\"search_term_string\"}}],\"inLanguage\":\"es\"}]}<\/script>\n<!-- \/ Yoast SEO plugin. -->","yoast_head_json":{"title":"Abogados Espa\u00f1oles en Londres | Insolvency Practitioners | Spanish Desk","description":"Somos un despacho de abogados espa\u00f1ol en Londres. Expertos en Insolvency Pratitioners y las distintas \u00e1reas del Derecho Espa\u00f1ol | M\u00e1s en info@quabbala.com","robots":{"index":"index","follow":"follow","max-snippet":"max-snippet:-1","max-image-preview":"max-image-preview:large","max-video-preview":"max-video-preview:-1"},"canonical":"https:\/\/quabbala.com\/en\/uk-desk\/","og_locale":"es_ES","og_type":"article","og_title":"Abogados Espa\u00f1oles en Londres | Insolvency Practitioners | Spanish Desk","og_description":"Somos un despacho de abogados espa\u00f1ol en Londres. Expertos en Insolvency Pratitioners y las distintas \u00e1reas del Derecho Espa\u00f1ol | M\u00e1s en info@quabbala.com","og_url":"https:\/\/quabbala.com\/en\/uk-desk\/","article_publisher":"https:\/\/www.facebook.com\/quabbala\/","article_modified_time":"2024-08-31T10:07:35+00:00","og_image":[{"url":"https:\/\/quabbala.com\/wp-content\/uploads\/2019\/07\/quabbala-uk-desk.jpg"}],"twitter_card":"summary_large_image","twitter_site":"@Quabbala","twitter_misc":{"Tiempo de lectura":"2 minutos"},"schema":{"@context":"https:\/\/schema.org","@graph":[{"@type":"WebPage","@id":"https:\/\/quabbala.com\/en\/uk-desk\/","url":"https:\/\/quabbala.com\/en\/uk-desk\/","name":"Abogados Espa\u00f1oles en Londres | Insolvency Practitioners | Spanish Desk","isPartOf":{"@id":"https:\/\/quabbala.com\/en\/#website"},"primaryImageOfPage":{"@id":"https:\/\/quabbala.com\/en\/uk-desk\/#primaryimage"},"image":{"@id":"https:\/\/quabbala.com\/en\/uk-desk\/#primaryimage"},"thumbnailUrl":"https:\/\/quabbala.com\/wp-content\/uploads\/2019\/07\/quabbala-uk-desk.jpg","datePublished":"2018-11-23T09:11:26+00:00","dateModified":"2024-08-31T10:07:35+00:00","description":"Somos un despacho de abogados espa\u00f1ol en Londres. Expertos en Insolvency Pratitioners y las distintas \u00e1reas del Derecho Espa\u00f1ol | M\u00e1s en info@quabbala.com","breadcrumb":{"@id":"https:\/\/quabbala.com\/en\/uk-desk\/#breadcrumb"},"inLanguage":"es","potentialAction":[{"@type":"ReadAction","target":["https:\/\/quabbala.com\/en\/uk-desk\/"]}]},{"@type":"ImageObject","inLanguage":"es","@id":"https:\/\/quabbala.com\/en\/uk-desk\/#primaryimage","url":"https:\/\/quabbala.com\/wp-content\/uploads\/2019\/07\/quabbala-uk-desk.jpg","contentUrl":"https:\/\/quabbala.com\/wp-content\/uploads\/2019\/07\/quabbala-uk-desk.jpg"},{"@type":"BreadcrumbList","@id":"https:\/\/quabbala.com\/en\/uk-desk\/#breadcrumb","itemListElement":[{"@type":"ListItem","position":1,"name":"Portada","item":"https:\/\/quabbala.com\/en\/"},{"@type":"ListItem","position":2,"name":"UK Desk"}]},{"@type":"WebSite","@id":"https:\/\/quabbala.com\/en\/#website","url":"https:\/\/quabbala.com\/en\/","name":"","description":"","potentialAction":[{"@type":"SearchAction","target":{"@type":"EntryPoint","urlTemplate":"https:\/\/quabbala.com\/en\/?s={search_term_string}"},"query-input":{"@type":"PropertyValueSpecification","valueRequired":true,"valueName":"search_term_string"}}],"inLanguage":"es"}]}},"_links":{"self":[{"href":"https:\/\/quabbala.com\/en\/wp-json\/wp\/v2\/pages\/126"}],"collection":[{"href":"https:\/\/quabbala.com\/en\/wp-json\/wp\/v2\/pages"}],"about":[{"href":"https:\/\/quabbala.com\/en\/wp-json\/wp\/v2\/types\/page"}],"author":[{"embeddable":true,"href":"https:\/\/quabbala.com\/en\/wp-json\/wp\/v2\/users\/1"}],"replies":[{"embeddable":true,"href":"https:\/\/quabbala.com\/en\/wp-json\/wp\/v2\/comments?post=126"}],"version-history":[{"count":17,"href":"https:\/\/quabbala.com\/en\/wp-json\/wp\/v2\/pages\/126\/revisions"}],"predecessor-version":[{"id":7157,"href":"https:\/\/quabbala.com\/en\/wp-json\/wp\/v2\/pages\/126\/revisions\/7157"}],"wp:attachment":[{"href":"https:\/\/quabbala.com\/en\/wp-json\/wp\/v2\/media?parent=126"}],"curies":[{"name":"wp","href":"https:\/\/api.w.org\/{rel}","templated":true}]}}