{"id":132,"date":"2018-11-23T09:15:04","date_gmt":"2018-11-23T09:15:04","guid":{"rendered":"https:\/\/new.quabbala.com\/?page_id=132"},"modified":"2019-09-30T12:06:23","modified_gmt":"2019-09-30T12:06:23","slug":"despachos-de-abogados-economistas-espanoles-en-reino-unido-londres","status":"publish","type":"page","link":"https:\/\/quabbala.com\/en\/despachos-de-abogados-economistas-espanoles-en-reino-unido-londres\/","title":{"rendered":"ABOGADOS ESPA\u00d1OLES EN LONDRES"},"content":{"rendered":"<p>Quabbala Limited abre su sede brit\u00e1nica en la City de Londres en abril de 2014, en la actualidad somos una referencia entre los despachos de abogados espa\u00f1oles en Londres.<\/p>\n<p>&nbsp;<\/p>\n<p>La oficina de Londres es la segunda que la Firma inaugura fuera de Espa\u00f1a, tras la de <a href=\"https:\/\/quabbala.com\/asian-desk\/\"><strong>Hong Kong<\/strong><\/a>.<\/p>\n<p>&nbsp;<\/p>\n<p>Nuestro\u00a0<strong>despacho de abogados en Inglaterra<\/strong>\u00a0es capaz de ofrecer un servicio personalizado, tanto a empresas y entidades de diferentes sectores, como a particulares que busquen abogados en Londres.<\/p>\n","protected":false},"excerpt":{"rendered":"<p>Quabbala Limited abre su sede brit\u00e1nica en la City de Londres en abril de 2014, en la actualidad somos una [&hellip;]<\/p>\n","protected":false},"author":1,"featured_media":0,"parent":0,"menu_order":0,"comment_status":"closed","ping_status":"closed","template":"page-templates\/page-internacional.php","meta":{"_acf_changed":false,"footnotes":""},"class_list":["post-132","page","type-page","status-publish","hentry"],"acf":[],"yoast_head":"<!-- This site is optimized with the Yoast SEO plugin v23.7 - https:\/\/yoast.com\/wordpress\/plugins\/seo\/ -->\n<title>Abogados Espa\u00f1oles en UK | Expertos UK Desk | Derecho Internacional<\/title>\n<meta name=\"description\" content=\"Somos abogados espa\u00f1oles expertos en UK Desk | Insolvency Practitioners | Servicios de Spanish Desk en UK | Herencias , Constituci\u00f3n de Empresas, Acreedores Concursales,...\" \/>\n<meta name=\"robots\" content=\"index, follow, max-snippet:-1, max-image-preview:large, max-video-preview:-1\" \/>\n<link rel=\"canonical\" href=\"https:\/\/quabbala.com\/en\/despachos-de-abogados-economistas-espanoles-en-reino-unido-londres\/\" \/>\n<meta property=\"og:locale\" content=\"es_ES\" \/>\n<meta property=\"og:type\" content=\"article\" \/>\n<meta property=\"og:title\" content=\"Abogados Espa\u00f1oles en UK | Expertos UK Desk | Derecho Internacional\" \/>\n<meta property=\"og:description\" content=\"Somos abogados espa\u00f1oles expertos en UK Desk | Insolvency Practitioners | Servicios de Spanish Desk en UK | Herencias , Constituci\u00f3n de Empresas, Acreedores Concursales,...\" \/>\n<meta property=\"og:url\" content=\"https:\/\/quabbala.com\/en\/despachos-de-abogados-economistas-espanoles-en-reino-unido-londres\/\" \/>\n<meta property=\"article:publisher\" content=\"https:\/\/www.facebook.com\/quabbala\/\" \/>\n<meta property=\"article:modified_time\" content=\"2019-09-30T12:06:23+00:00\" \/>\n<meta name=\"twitter:card\" content=\"summary_large_image\" \/>\n<meta name=\"twitter:site\" content=\"@Quabbala\" \/>\n<script type=\"application\/ld+json\" class=\"yoast-schema-graph\">{\"@context\":\"https:\/\/schema.org\",\"@graph\":[{\"@type\":\"WebPage\",\"@id\":\"https:\/\/quabbala.com\/en\/despachos-de-abogados-economistas-espanoles-en-reino-unido-londres\/\",\"url\":\"https:\/\/quabbala.com\/en\/despachos-de-abogados-economistas-espanoles-en-reino-unido-londres\/\",\"name\":\"Abogados Espa\u00f1oles en UK | Expertos UK Desk | Derecho Internacional\",\"isPartOf\":{\"@id\":\"https:\/\/quabbala.com\/en\/#website\"},\"datePublished\":\"2018-11-23T09:15:04+00:00\",\"dateModified\":\"2019-09-30T12:06:23+00:00\",\"description\":\"Somos abogados espa\u00f1oles expertos en UK Desk | Insolvency Practitioners | Servicios de Spanish Desk en UK | Herencias , Constituci\u00f3n de Empresas, Acreedores Concursales,...\",\"breadcrumb\":{\"@id\":\"https:\/\/quabbala.com\/en\/despachos-de-abogados-economistas-espanoles-en-reino-unido-londres\/#breadcrumb\"},\"inLanguage\":\"es\",\"potentialAction\":[{\"@type\":\"ReadAction\",\"target\":[\"https:\/\/quabbala.com\/en\/despachos-de-abogados-economistas-espanoles-en-reino-unido-londres\/\"]}]},{\"@type\":\"BreadcrumbList\",\"@id\":\"https:\/\/quabbala.com\/en\/despachos-de-abogados-economistas-espanoles-en-reino-unido-londres\/#breadcrumb\",\"itemListElement\":[{\"@type\":\"ListItem\",\"position\":1,\"name\":\"Portada\",\"item\":\"https:\/\/quabbala.com\/en\/\"},{\"@type\":\"ListItem\",\"position\":2,\"name\":\"ABOGADOS ESPA\u00d1OLES EN LONDRES\"}]},{\"@type\":\"WebSite\",\"@id\":\"https:\/\/quabbala.com\/en\/#website\",\"url\":\"https:\/\/quabbala.com\/en\/\",\"name\":\"\",\"description\":\"\",\"potentialAction\":[{\"@type\":\"SearchAction\",\"target\":{\"@type\":\"EntryPoint\",\"urlTemplate\":\"https:\/\/quabbala.com\/en\/?s={search_term_string}\"},\"query-input\":{\"@type\":\"PropertyValueSpecification\",\"valueRequired\":true,\"valueName\":\"search_term_string\"}}],\"inLanguage\":\"es\"}]}<\/script>\n<!-- \/ Yoast SEO plugin. -->","yoast_head_json":{"title":"Abogados Espa\u00f1oles en UK | Expertos UK Desk | Derecho Internacional","description":"Somos abogados espa\u00f1oles expertos en UK Desk | Insolvency Practitioners | Servicios de Spanish Desk en UK | Herencias , Constituci\u00f3n de Empresas, Acreedores Concursales,...","robots":{"index":"index","follow":"follow","max-snippet":"max-snippet:-1","max-image-preview":"max-image-preview:large","max-video-preview":"max-video-preview:-1"},"canonical":"https:\/\/quabbala.com\/en\/despachos-de-abogados-economistas-espanoles-en-reino-unido-londres\/","og_locale":"es_ES","og_type":"article","og_title":"Abogados Espa\u00f1oles en UK | Expertos UK Desk | Derecho Internacional","og_description":"Somos abogados espa\u00f1oles expertos en UK Desk | Insolvency Practitioners | Servicios de Spanish Desk en UK | Herencias , Constituci\u00f3n de Empresas, Acreedores Concursales,...","og_url":"https:\/\/quabbala.com\/en\/despachos-de-abogados-economistas-espanoles-en-reino-unido-londres\/","article_publisher":"https:\/\/www.facebook.com\/quabbala\/","article_modified_time":"2019-09-30T12:06:23+00:00","twitter_card":"summary_large_image","twitter_site":"@Quabbala","schema":{"@context":"https:\/\/schema.org","@graph":[{"@type":"WebPage","@id":"https:\/\/quabbala.com\/en\/despachos-de-abogados-economistas-espanoles-en-reino-unido-londres\/","url":"https:\/\/quabbala.com\/en\/despachos-de-abogados-economistas-espanoles-en-reino-unido-londres\/","name":"Abogados Espa\u00f1oles en UK | Expertos UK Desk | Derecho Internacional","isPartOf":{"@id":"https:\/\/quabbala.com\/en\/#website"},"datePublished":"2018-11-23T09:15:04+00:00","dateModified":"2019-09-30T12:06:23+00:00","description":"Somos abogados espa\u00f1oles expertos en UK Desk | Insolvency Practitioners | Servicios de Spanish Desk en UK | Herencias , Constituci\u00f3n de Empresas, Acreedores Concursales,...","breadcrumb":{"@id":"https:\/\/quabbala.com\/en\/despachos-de-abogados-economistas-espanoles-en-reino-unido-londres\/#breadcrumb"},"inLanguage":"es","potentialAction":[{"@type":"ReadAction","target":["https:\/\/quabbala.com\/en\/despachos-de-abogados-economistas-espanoles-en-reino-unido-londres\/"]}]},{"@type":"BreadcrumbList","@id":"https:\/\/quabbala.com\/en\/despachos-de-abogados-economistas-espanoles-en-reino-unido-londres\/#breadcrumb","itemListElement":[{"@type":"ListItem","position":1,"name":"Portada","item":"https:\/\/quabbala.com\/en\/"},{"@type":"ListItem","position":2,"name":"ABOGADOS ESPA\u00d1OLES EN LONDRES"}]},{"@type":"WebSite","@id":"https:\/\/quabbala.com\/en\/#website","url":"https:\/\/quabbala.com\/en\/","name":"","description":"","potentialAction":[{"@type":"SearchAction","target":{"@type":"EntryPoint","urlTemplate":"https:\/\/quabbala.com\/en\/?s={search_term_string}"},"query-input":{"@type":"PropertyValueSpecification","valueRequired":true,"valueName":"search_term_string"}}],"inLanguage":"es"}]}},"_links":{"self":[{"href":"https:\/\/quabbala.com\/en\/wp-json\/wp\/v2\/pages\/132"}],"collection":[{"href":"https:\/\/quabbala.com\/en\/wp-json\/wp\/v2\/pages"}],"about":[{"href":"https:\/\/quabbala.com\/en\/wp-json\/wp\/v2\/types\/page"}],"author":[{"embeddable":true,"href":"https:\/\/quabbala.com\/en\/wp-json\/wp\/v2\/users\/1"}],"replies":[{"embeddable":true,"href":"https:\/\/quabbala.com\/en\/wp-json\/wp\/v2\/comments?post=132"}],"version-history":[{"count":29,"href":"https:\/\/quabbala.com\/en\/wp-json\/wp\/v2\/pages\/132\/revisions"}],"predecessor-version":[{"id":3409,"href":"https:\/\/quabbala.com\/en\/wp-json\/wp\/v2\/pages\/132\/revisions\/3409"}],"wp:attachment":[{"href":"https:\/\/quabbala.com\/en\/wp-json\/wp\/v2\/media?parent=132"}],"curies":[{"name":"wp","href":"https:\/\/api.w.org\/{rel}","templated":true}]}}