{"id":134,"date":"2018-11-23T09:15:23","date_gmt":"2018-11-23T09:15:23","guid":{"rendered":"https:\/\/new.quabbala.com\/?page_id=134"},"modified":"2024-05-27T09:46:54","modified_gmt":"2024-05-27T09:46:54","slug":"despachos-de-abogados-economistas-espanoles-en-china-hongkong","status":"publish","type":"page","link":"https:\/\/quabbala.com\/en\/despachos-de-abogados-economistas-espanoles-en-china-hongkong\/","title":{"rendered":"BUSINESS CONSULTANTS | ASIA PACIFICO"},"content":{"rendered":"<p>Para poder atender el crecimiento de su negocio, <strong>Quabbala Lawyers &amp; Economists Ltd<\/strong>. en 2016 ha trasladado su sede al reci\u00e9n inaugurado <strong>edificio KP en Hong Kong<\/strong>. Nuestra sede de Hong Kong fue la primera que la Firma inaugura fuera de Espa\u00f1a. Procuramos beneficiar a nuestros clientes de un mercado en expansi\u00f3n como el asi\u00e1tico y del pa\u00eds emergente por excelencia, China, cuyas tasas de crecimiento casi quintuplican las de la Uni\u00f3n Europea. Nuestro trabajo se basa en un <strong>exhaustivo conocimiento<\/strong> del\u00a0<strong>derecho chino<\/strong>, especialmente de las <strong>normas que rigen en Hong Kong<\/strong>, para todos aquellos clientes que buscan un abogado en chino eficaz.<\/p>\n","protected":false},"excerpt":{"rendered":"<p>Para poder atender el crecimiento de su negocio, Quabbala Lawyers &amp; Economists Ltd. en 2016 ha trasladado su sede al [&hellip;]<\/p>\n","protected":false},"author":1,"featured_media":0,"parent":0,"menu_order":0,"comment_status":"closed","ping_status":"closed","template":"page-templates\/page-internacional.php","meta":{"_acf_changed":false,"footnotes":""},"class_list":["post-134","page","type-page","status-publish","hentry"],"acf":[],"yoast_head":"<!-- This site is optimized with the Yoast SEO plugin v23.7 - https:\/\/yoast.com\/wordpress\/plugins\/seo\/ -->\n<title>Abogados Espa\u00f1oles en China | Expertos Asian Desk | Llama 625 713 000<\/title>\n<meta name=\"description\" content=\"Somos abogados espa\u00f1oles con oficina Asia - China y somos especialista en Derecho Internacional. Llamanos al 625 713 000 | info@quabbala.com. Te ayudaremos!\" \/>\n<meta name=\"robots\" content=\"index, follow, max-snippet:-1, max-image-preview:large, max-video-preview:-1\" \/>\n<link rel=\"canonical\" href=\"https:\/\/quabbala.com\/en\/despachos-de-abogados-economistas-espanoles-en-china-hongkong\/\" \/>\n<meta property=\"og:locale\" content=\"es_ES\" \/>\n<meta property=\"og:type\" content=\"article\" \/>\n<meta property=\"og:title\" content=\"Abogados Espa\u00f1oles en China | Expertos Asian Desk | Llama 625 713 000\" \/>\n<meta property=\"og:description\" content=\"Somos abogados espa\u00f1oles con oficina Asia - China y somos especialista en Derecho Internacional. Llamanos al 625 713 000 | info@quabbala.com. Te ayudaremos!\" \/>\n<meta property=\"og:url\" content=\"https:\/\/quabbala.com\/en\/despachos-de-abogados-economistas-espanoles-en-china-hongkong\/\" \/>\n<meta property=\"article:publisher\" content=\"https:\/\/www.facebook.com\/quabbala\/\" \/>\n<meta property=\"article:modified_time\" content=\"2024-05-27T09:46:54+00:00\" \/>\n<meta name=\"twitter:card\" content=\"summary_large_image\" \/>\n<meta name=\"twitter:site\" content=\"@Quabbala\" \/>\n<meta name=\"twitter:label1\" content=\"Tiempo de lectura\" \/>\n\t<meta name=\"twitter:data1\" content=\"2 minutos\" \/>\n<script type=\"application\/ld+json\" class=\"yoast-schema-graph\">{\"@context\":\"https:\/\/schema.org\",\"@graph\":[{\"@type\":\"WebPage\",\"@id\":\"https:\/\/quabbala.com\/en\/despachos-de-abogados-economistas-espanoles-en-china-hongkong\/\",\"url\":\"https:\/\/quabbala.com\/en\/despachos-de-abogados-economistas-espanoles-en-china-hongkong\/\",\"name\":\"Abogados Espa\u00f1oles en China | Expertos Asian Desk | Llama 625 713 000\",\"isPartOf\":{\"@id\":\"https:\/\/quabbala.com\/en\/#website\"},\"datePublished\":\"2018-11-23T09:15:23+00:00\",\"dateModified\":\"2024-05-27T09:46:54+00:00\",\"description\":\"Somos abogados espa\u00f1oles con oficina Asia - China y somos especialista en Derecho Internacional. Llamanos al 625 713 000 | info@quabbala.com. Te ayudaremos!\",\"breadcrumb\":{\"@id\":\"https:\/\/quabbala.com\/en\/despachos-de-abogados-economistas-espanoles-en-china-hongkong\/#breadcrumb\"},\"inLanguage\":\"es\",\"potentialAction\":[{\"@type\":\"ReadAction\",\"target\":[\"https:\/\/quabbala.com\/en\/despachos-de-abogados-economistas-espanoles-en-china-hongkong\/\"]}]},{\"@type\":\"BreadcrumbList\",\"@id\":\"https:\/\/quabbala.com\/en\/despachos-de-abogados-economistas-espanoles-en-china-hongkong\/#breadcrumb\",\"itemListElement\":[{\"@type\":\"ListItem\",\"position\":1,\"name\":\"Portada\",\"item\":\"https:\/\/quabbala.com\/en\/\"},{\"@type\":\"ListItem\",\"position\":2,\"name\":\"BUSINESS CONSULTANTS | ASIA PACIFICO\"}]},{\"@type\":\"WebSite\",\"@id\":\"https:\/\/quabbala.com\/en\/#website\",\"url\":\"https:\/\/quabbala.com\/en\/\",\"name\":\"\",\"description\":\"\",\"potentialAction\":[{\"@type\":\"SearchAction\",\"target\":{\"@type\":\"EntryPoint\",\"urlTemplate\":\"https:\/\/quabbala.com\/en\/?s={search_term_string}\"},\"query-input\":{\"@type\":\"PropertyValueSpecification\",\"valueRequired\":true,\"valueName\":\"search_term_string\"}}],\"inLanguage\":\"es\"}]}<\/script>\n<!-- \/ Yoast SEO plugin. -->","yoast_head_json":{"title":"Abogados Espa\u00f1oles en China | Expertos Asian Desk | Llama 625 713 000","description":"Somos abogados espa\u00f1oles con oficina Asia - China y somos especialista en Derecho Internacional. Llamanos al 625 713 000 | info@quabbala.com. Te ayudaremos!","robots":{"index":"index","follow":"follow","max-snippet":"max-snippet:-1","max-image-preview":"max-image-preview:large","max-video-preview":"max-video-preview:-1"},"canonical":"https:\/\/quabbala.com\/en\/despachos-de-abogados-economistas-espanoles-en-china-hongkong\/","og_locale":"es_ES","og_type":"article","og_title":"Abogados Espa\u00f1oles en China | Expertos Asian Desk | Llama 625 713 000","og_description":"Somos abogados espa\u00f1oles con oficina Asia - China y somos especialista en Derecho Internacional. Llamanos al 625 713 000 | info@quabbala.com. Te ayudaremos!","og_url":"https:\/\/quabbala.com\/en\/despachos-de-abogados-economistas-espanoles-en-china-hongkong\/","article_publisher":"https:\/\/www.facebook.com\/quabbala\/","article_modified_time":"2024-05-27T09:46:54+00:00","twitter_card":"summary_large_image","twitter_site":"@Quabbala","twitter_misc":{"Tiempo de lectura":"2 minutos"},"schema":{"@context":"https:\/\/schema.org","@graph":[{"@type":"WebPage","@id":"https:\/\/quabbala.com\/en\/despachos-de-abogados-economistas-espanoles-en-china-hongkong\/","url":"https:\/\/quabbala.com\/en\/despachos-de-abogados-economistas-espanoles-en-china-hongkong\/","name":"Abogados Espa\u00f1oles en China | Expertos Asian Desk | Llama 625 713 000","isPartOf":{"@id":"https:\/\/quabbala.com\/en\/#website"},"datePublished":"2018-11-23T09:15:23+00:00","dateModified":"2024-05-27T09:46:54+00:00","description":"Somos abogados espa\u00f1oles con oficina Asia - China y somos especialista en Derecho Internacional. Llamanos al 625 713 000 | info@quabbala.com. Te ayudaremos!","breadcrumb":{"@id":"https:\/\/quabbala.com\/en\/despachos-de-abogados-economistas-espanoles-en-china-hongkong\/#breadcrumb"},"inLanguage":"es","potentialAction":[{"@type":"ReadAction","target":["https:\/\/quabbala.com\/en\/despachos-de-abogados-economistas-espanoles-en-china-hongkong\/"]}]},{"@type":"BreadcrumbList","@id":"https:\/\/quabbala.com\/en\/despachos-de-abogados-economistas-espanoles-en-china-hongkong\/#breadcrumb","itemListElement":[{"@type":"ListItem","position":1,"name":"Portada","item":"https:\/\/quabbala.com\/en\/"},{"@type":"ListItem","position":2,"name":"BUSINESS CONSULTANTS | ASIA PACIFICO"}]},{"@type":"WebSite","@id":"https:\/\/quabbala.com\/en\/#website","url":"https:\/\/quabbala.com\/en\/","name":"","description":"","potentialAction":[{"@type":"SearchAction","target":{"@type":"EntryPoint","urlTemplate":"https:\/\/quabbala.com\/en\/?s={search_term_string}"},"query-input":{"@type":"PropertyValueSpecification","valueRequired":true,"valueName":"search_term_string"}}],"inLanguage":"es"}]}},"_links":{"self":[{"href":"https:\/\/quabbala.com\/en\/wp-json\/wp\/v2\/pages\/134"}],"collection":[{"href":"https:\/\/quabbala.com\/en\/wp-json\/wp\/v2\/pages"}],"about":[{"href":"https:\/\/quabbala.com\/en\/wp-json\/wp\/v2\/types\/page"}],"author":[{"embeddable":true,"href":"https:\/\/quabbala.com\/en\/wp-json\/wp\/v2\/users\/1"}],"replies":[{"embeddable":true,"href":"https:\/\/quabbala.com\/en\/wp-json\/wp\/v2\/comments?post=134"}],"version-history":[{"count":29,"href":"https:\/\/quabbala.com\/en\/wp-json\/wp\/v2\/pages\/134\/revisions"}],"predecessor-version":[{"id":6972,"href":"https:\/\/quabbala.com\/en\/wp-json\/wp\/v2\/pages\/134\/revisions\/6972"}],"wp:attachment":[{"href":"https:\/\/quabbala.com\/en\/wp-json\/wp\/v2\/media?parent=134"}],"curies":[{"name":"wp","href":"https:\/\/api.w.org\/{rel}","templated":true}]}}