{"id":2762,"date":"2019-07-04T08:27:17","date_gmt":"2019-07-04T08:27:17","guid":{"rendered":"https:\/\/quabbala.com\/?page_id=2762"},"modified":"2019-09-24T10:01:38","modified_gmt":"2019-09-24T10:01:38","slug":"abogados-derecho-concursal-madrid","status":"publish","type":"page","link":"https:\/\/quabbala.com\/en\/abogados-derecho-concursal-madrid\/","title":{"rendered":"Abogados Derecho Concursal Madrid"},"content":{"rendered":"<p><strong>Quabbala<\/strong>\u00a0<strong>abogados y economistas\u00a0 <\/strong>est\u00e1 presente en Madrid desde el a\u00f1o 1989. Nuestra oficina de economistas y\u00a0<strong>abogados internacionales en Madrid<\/strong>, es junto con Barcelona, <a href=\"https:\/\/quabbala.com\/despachos-de-abogados-economistas-espanoles-en-reino-unido-londres\/\">Londres<\/a> y <a href=\"https:\/\/quabbala.com\/despachos-de-abogados-economistas-espanoles-en-china-hongkong\/\">Hong Kong<\/a> nuestra sede central.<\/p>\n<p>&nbsp;<\/p>\n<p>Nuestro\u00a0despacho de abogados en Madrid destaca por dos actividades que se focalizan en nuestro dinamismo en operaciones internacionales que se canalizan a trav\u00e9s de nuestras oficinas en Asia y UK y, en nuestra especializaci\u00f3n en derecho mercantil, trabajando con empresas y particulares y, en concreto, en <strong>derecho concursal<\/strong>.<\/p>\n<p>&nbsp;<\/p>\n<ul>\n<li>Asesoramiento para deudores<\/li>\n<li>Asesoramiento a deudores<\/li>\n<li>Reestructuraci\u00f3n de empresas\u00a0y patrimonios<\/li>\n<li>Reestructuracion adquisiciones y fusion de empresas<\/li>\n<li>Reestructuraci\u00f3n de la deuda de empresas con problemas<\/li>\n<li>Reestructuracion y liquidacion de empresas<\/li>\n<li>Reestructuraci\u00f3n corporativa<\/li>\n<\/ul>\n<p>&nbsp;<\/p>\n<p>Cierto es que, nuestro\u00a0<strong>despacho de abogados en Madrid<\/strong>\u00a0nos permite llegar de manera directa a todos nuestros clientes de esta zona y dar apoyo al resto de la Pen\u00ednsula como despacho experto en Derecho Concursal, Derecho Civil, Derecho Mercantil y otras \u00e1reas del derecho Espa\u00f1ol e internacional<\/p>\n","protected":false},"excerpt":{"rendered":"<p>Quabbala\u00a0abogados y economistas\u00a0 est\u00e1 presente en Madrid desde el a\u00f1o 1989. Nuestra oficina de economistas y\u00a0abogados internacionales en Madrid, es [&hellip;]<\/p>\n","protected":false},"author":1,"featured_media":0,"parent":0,"menu_order":0,"comment_status":"closed","ping_status":"closed","template":"landing\/page-landing-footer-concursal.php","meta":{"_acf_changed":false,"footnotes":""},"class_list":["post-2762","page","type-page","status-publish","hentry"],"acf":[],"yoast_head":"<!-- This site is optimized with the Yoast SEO plugin v23.7 - https:\/\/yoast.com\/wordpress\/plugins\/seo\/ -->\n<title>Abogado Derecho Concursal Madrid - Ll\u00e1manos 91 578 13 53<\/title>\n<meta name=\"description\" content=\"Abogados Expertos en Derecho Concursal Madrid. Abogados especialistas en concurso de acreedores. Ll\u00e1manos al 91 578 13 53 | Escribenos a info@quabbala.com\" \/>\n<meta name=\"robots\" content=\"index, follow, max-snippet:-1, max-image-preview:large, max-video-preview:-1\" \/>\n<link rel=\"canonical\" href=\"https:\/\/quabbala.com\/en\/abogados-derecho-concursal-madrid\/\" \/>\n<meta property=\"og:locale\" content=\"es_ES\" \/>\n<meta property=\"og:type\" content=\"article\" \/>\n<meta property=\"og:title\" content=\"Abogado Derecho Concursal Madrid - Ll\u00e1manos 91 578 13 53\" \/>\n<meta property=\"og:description\" content=\"Abogados Expertos en Derecho Concursal Madrid. Abogados especialistas en concurso de acreedores. Ll\u00e1manos al 91 578 13 53 | Escribenos a info@quabbala.com\" \/>\n<meta property=\"og:url\" content=\"https:\/\/quabbala.com\/en\/abogados-derecho-concursal-madrid\/\" \/>\n<meta property=\"article:publisher\" content=\"https:\/\/www.facebook.com\/quabbala\/\" \/>\n<meta property=\"article:modified_time\" content=\"2019-09-24T10:01:38+00:00\" \/>\n<meta name=\"twitter:card\" content=\"summary_large_image\" \/>\n<meta name=\"twitter:site\" content=\"@Quabbala\" \/>\n<meta name=\"twitter:label1\" content=\"Tiempo de lectura\" \/>\n\t<meta name=\"twitter:data1\" content=\"1 minuto\" \/>\n<script type=\"application\/ld+json\" class=\"yoast-schema-graph\">{\"@context\":\"https:\/\/schema.org\",\"@graph\":[{\"@type\":\"WebPage\",\"@id\":\"https:\/\/quabbala.com\/en\/abogados-derecho-concursal-madrid\/\",\"url\":\"https:\/\/quabbala.com\/en\/abogados-derecho-concursal-madrid\/\",\"name\":\"Abogado Derecho Concursal Madrid - Ll\u00e1manos 91 578 13 53\",\"isPartOf\":{\"@id\":\"https:\/\/quabbala.com\/en\/#website\"},\"datePublished\":\"2019-07-04T08:27:17+00:00\",\"dateModified\":\"2019-09-24T10:01:38+00:00\",\"description\":\"Abogados Expertos en Derecho Concursal Madrid. Abogados especialistas en concurso de acreedores. Ll\u00e1manos al 91 578 13 53 | Escribenos a info@quabbala.com\",\"breadcrumb\":{\"@id\":\"https:\/\/quabbala.com\/en\/abogados-derecho-concursal-madrid\/#breadcrumb\"},\"inLanguage\":\"es\",\"potentialAction\":[{\"@type\":\"ReadAction\",\"target\":[\"https:\/\/quabbala.com\/en\/abogados-derecho-concursal-madrid\/\"]}]},{\"@type\":\"BreadcrumbList\",\"@id\":\"https:\/\/quabbala.com\/en\/abogados-derecho-concursal-madrid\/#breadcrumb\",\"itemListElement\":[{\"@type\":\"ListItem\",\"position\":1,\"name\":\"Portada\",\"item\":\"https:\/\/quabbala.com\/en\/\"},{\"@type\":\"ListItem\",\"position\":2,\"name\":\"Abogados Derecho Concursal Madrid\"}]},{\"@type\":\"WebSite\",\"@id\":\"https:\/\/quabbala.com\/en\/#website\",\"url\":\"https:\/\/quabbala.com\/en\/\",\"name\":\"\",\"description\":\"\",\"potentialAction\":[{\"@type\":\"SearchAction\",\"target\":{\"@type\":\"EntryPoint\",\"urlTemplate\":\"https:\/\/quabbala.com\/en\/?s={search_term_string}\"},\"query-input\":{\"@type\":\"PropertyValueSpecification\",\"valueRequired\":true,\"valueName\":\"search_term_string\"}}],\"inLanguage\":\"es\"}]}<\/script>\n<!-- \/ Yoast SEO plugin. -->","yoast_head_json":{"title":"Abogado Derecho Concursal Madrid - Ll\u00e1manos 91 578 13 53","description":"Abogados Expertos en Derecho Concursal Madrid. Abogados especialistas en concurso de acreedores. Ll\u00e1manos al 91 578 13 53 | Escribenos a info@quabbala.com","robots":{"index":"index","follow":"follow","max-snippet":"max-snippet:-1","max-image-preview":"max-image-preview:large","max-video-preview":"max-video-preview:-1"},"canonical":"https:\/\/quabbala.com\/en\/abogados-derecho-concursal-madrid\/","og_locale":"es_ES","og_type":"article","og_title":"Abogado Derecho Concursal Madrid - Ll\u00e1manos 91 578 13 53","og_description":"Abogados Expertos en Derecho Concursal Madrid. Abogados especialistas en concurso de acreedores. Ll\u00e1manos al 91 578 13 53 | Escribenos a info@quabbala.com","og_url":"https:\/\/quabbala.com\/en\/abogados-derecho-concursal-madrid\/","article_publisher":"https:\/\/www.facebook.com\/quabbala\/","article_modified_time":"2019-09-24T10:01:38+00:00","twitter_card":"summary_large_image","twitter_site":"@Quabbala","twitter_misc":{"Tiempo de lectura":"1 minuto"},"schema":{"@context":"https:\/\/schema.org","@graph":[{"@type":"WebPage","@id":"https:\/\/quabbala.com\/en\/abogados-derecho-concursal-madrid\/","url":"https:\/\/quabbala.com\/en\/abogados-derecho-concursal-madrid\/","name":"Abogado Derecho Concursal Madrid - Ll\u00e1manos 91 578 13 53","isPartOf":{"@id":"https:\/\/quabbala.com\/en\/#website"},"datePublished":"2019-07-04T08:27:17+00:00","dateModified":"2019-09-24T10:01:38+00:00","description":"Abogados Expertos en Derecho Concursal Madrid. Abogados especialistas en concurso de acreedores. Ll\u00e1manos al 91 578 13 53 | Escribenos a info@quabbala.com","breadcrumb":{"@id":"https:\/\/quabbala.com\/en\/abogados-derecho-concursal-madrid\/#breadcrumb"},"inLanguage":"es","potentialAction":[{"@type":"ReadAction","target":["https:\/\/quabbala.com\/en\/abogados-derecho-concursal-madrid\/"]}]},{"@type":"BreadcrumbList","@id":"https:\/\/quabbala.com\/en\/abogados-derecho-concursal-madrid\/#breadcrumb","itemListElement":[{"@type":"ListItem","position":1,"name":"Portada","item":"https:\/\/quabbala.com\/en\/"},{"@type":"ListItem","position":2,"name":"Abogados Derecho Concursal Madrid"}]},{"@type":"WebSite","@id":"https:\/\/quabbala.com\/en\/#website","url":"https:\/\/quabbala.com\/en\/","name":"","description":"","potentialAction":[{"@type":"SearchAction","target":{"@type":"EntryPoint","urlTemplate":"https:\/\/quabbala.com\/en\/?s={search_term_string}"},"query-input":{"@type":"PropertyValueSpecification","valueRequired":true,"valueName":"search_term_string"}}],"inLanguage":"es"}]}},"_links":{"self":[{"href":"https:\/\/quabbala.com\/en\/wp-json\/wp\/v2\/pages\/2762"}],"collection":[{"href":"https:\/\/quabbala.com\/en\/wp-json\/wp\/v2\/pages"}],"about":[{"href":"https:\/\/quabbala.com\/en\/wp-json\/wp\/v2\/types\/page"}],"author":[{"embeddable":true,"href":"https:\/\/quabbala.com\/en\/wp-json\/wp\/v2\/users\/1"}],"replies":[{"embeddable":true,"href":"https:\/\/quabbala.com\/en\/wp-json\/wp\/v2\/comments?post=2762"}],"version-history":[{"count":5,"href":"https:\/\/quabbala.com\/en\/wp-json\/wp\/v2\/pages\/2762\/revisions"}],"predecessor-version":[{"id":3900,"href":"https:\/\/quabbala.com\/en\/wp-json\/wp\/v2\/pages\/2762\/revisions\/3900"}],"wp:attachment":[{"href":"https:\/\/quabbala.com\/en\/wp-json\/wp\/v2\/media?parent=2762"}],"curies":[{"name":"wp","href":"https:\/\/api.w.org\/{rel}","templated":true}]}}