{"id":2778,"date":"2019-07-04T09:54:02","date_gmt":"2019-07-04T09:54:02","guid":{"rendered":"https:\/\/quabbala.com\/?page_id=2778"},"modified":"2019-09-24T10:00:06","modified_gmt":"2019-09-24T10:00:06","slug":"abogado-de-concursal-donostia-san-sebastian","status":"publish","type":"page","link":"https:\/\/quabbala.com\/en\/abogado-de-concursal-donostia-san-sebastian\/","title":{"rendered":"Abogado de Concursal Donostia San Sebasti\u00e1n"},"content":{"rendered":"<p><strong>Quabbala<\/strong>\u00a0abre su despacho de\u00a0<strong>abogados y economistas en Donostia San Sebasti\u00e1n<\/strong>\u00a0obteniendo as\u00ed una gran presencia en\u00a0Euskadi, contando con nuestras sedes de <a href=\"https:\/\/quabbala.com\/despachos-de-abogados-economistas\/en-bilbao\/\">Bilbao<\/a> y <a href=\"https:\/\/quabbala.com\/despachos-de-abogados-economistas\/en-vitoria\/\">Vitoria<\/a>.<\/p>\n<p>&nbsp;<\/p>\n<p>Nuestro despacho legal en San Sebasti\u00e1n est\u00e1 especializado en distintas \u00e1reas del derecho. Por esto, trabajamos para empresas y particulares ofreci\u00e9ndoles nuestros servicios que, como despacho de abogados especialista en concurso de acreedores, nuestra especiliadad es el\u00a0\u00a0<strong>derecho concursal<\/strong>.<\/p>\n<p>&nbsp;<\/p>\n<ul>\n<li>Asesoramiento para deudores<\/li>\n<li>Asesoramiento a deudores<\/li>\n<li>Re-estructuraci\u00f3n de empresas\u00a0y patrimonios<\/li>\n<li>Re-estructuraci\u00f3n adquisiciones y fusi\u00f3n de empresas<\/li>\n<li>Re-estructuraci\u00f3n de la deuda de empresas con problemas<\/li>\n<li>Re-estructuraci\u00f3n y liquidaci\u00f3n de empresas<\/li>\n<li>Re-estructuraci\u00f3n corporativa<\/li>\n<\/ul>\n<p>&nbsp;<\/p>\n<p>Cierto es que, nuestro\u00a0<strong>despacho de abogados en Donostia San Sebasti\u00e1n<\/strong>\u00a0nos permite llegar de manera directa a todos nuestros clientes de esta zona que necesitan un despacho de abogados en Euskadi adem\u00e1s de los despacho de abogados de Bilbao y Vitoria, expertos en Derecho Civil, Derecho Mercantil y otras \u00e1reas del derecho, especialmente en Derecho Concursal, pero tambi\u00e9n en el derecho Espa\u00f1ol y el derecho internacional.<\/p>\n","protected":false},"excerpt":{"rendered":"<p>Quabbala\u00a0abre su despacho de\u00a0abogados y economistas en Donostia San Sebasti\u00e1n\u00a0obteniendo as\u00ed una gran presencia en\u00a0Euskadi, contando con nuestras sedes de [&hellip;]<\/p>\n","protected":false},"author":1,"featured_media":0,"parent":0,"menu_order":0,"comment_status":"closed","ping_status":"closed","template":"landing\/page-landing-footer-concursal.php","meta":{"_acf_changed":false,"footnotes":""},"class_list":["post-2778","page","type-page","status-publish","hentry"],"acf":[],"yoast_head":"<!-- This site is optimized with the Yoast SEO plugin v23.7 - https:\/\/yoast.com\/wordpress\/plugins\/seo\/ -->\n<title>Abogado de Concursal Donostia San Sebasti\u00e1n | Ll\u00e1menos: 943 43 56 99<\/title>\n<meta name=\"description\" content=\"Abogados especialistas en concursal en Donostia San Sebasti\u00e1n. Expertos en concurso de acreedores | Ll\u00e1manos al 943 43 56 99!\" \/>\n<meta name=\"robots\" content=\"index, follow, max-snippet:-1, max-image-preview:large, max-video-preview:-1\" \/>\n<link rel=\"canonical\" href=\"https:\/\/quabbala.com\/en\/abogado-de-concursal-donostia-san-sebastian\/\" \/>\n<meta property=\"og:locale\" content=\"es_ES\" \/>\n<meta property=\"og:type\" content=\"article\" \/>\n<meta property=\"og:title\" content=\"Abogado de Concursal Donostia San Sebasti\u00e1n | Ll\u00e1menos: 943 43 56 99\" \/>\n<meta property=\"og:description\" content=\"Abogados especialistas en concursal en Donostia San Sebasti\u00e1n. Expertos en concurso de acreedores | Ll\u00e1manos al 943 43 56 99!\" \/>\n<meta property=\"og:url\" content=\"https:\/\/quabbala.com\/en\/abogado-de-concursal-donostia-san-sebastian\/\" \/>\n<meta property=\"article:publisher\" content=\"https:\/\/www.facebook.com\/quabbala\/\" \/>\n<meta property=\"article:modified_time\" content=\"2019-09-24T10:00:06+00:00\" \/>\n<meta name=\"twitter:card\" content=\"summary_large_image\" \/>\n<meta name=\"twitter:site\" content=\"@Quabbala\" \/>\n<meta name=\"twitter:label1\" content=\"Tiempo de lectura\" \/>\n\t<meta name=\"twitter:data1\" content=\"1 minuto\" \/>\n<script type=\"application\/ld+json\" class=\"yoast-schema-graph\">{\"@context\":\"https:\/\/schema.org\",\"@graph\":[{\"@type\":\"WebPage\",\"@id\":\"https:\/\/quabbala.com\/en\/abogado-de-concursal-donostia-san-sebastian\/\",\"url\":\"https:\/\/quabbala.com\/en\/abogado-de-concursal-donostia-san-sebastian\/\",\"name\":\"Abogado de Concursal Donostia San Sebasti\u00e1n | Ll\u00e1menos: 943 43 56 99\",\"isPartOf\":{\"@id\":\"https:\/\/quabbala.com\/en\/#website\"},\"datePublished\":\"2019-07-04T09:54:02+00:00\",\"dateModified\":\"2019-09-24T10:00:06+00:00\",\"description\":\"Abogados especialistas en concursal en Donostia San Sebasti\u00e1n. Expertos en concurso de acreedores | Ll\u00e1manos al 943 43 56 99!\",\"breadcrumb\":{\"@id\":\"https:\/\/quabbala.com\/en\/abogado-de-concursal-donostia-san-sebastian\/#breadcrumb\"},\"inLanguage\":\"es\",\"potentialAction\":[{\"@type\":\"ReadAction\",\"target\":[\"https:\/\/quabbala.com\/en\/abogado-de-concursal-donostia-san-sebastian\/\"]}]},{\"@type\":\"BreadcrumbList\",\"@id\":\"https:\/\/quabbala.com\/en\/abogado-de-concursal-donostia-san-sebastian\/#breadcrumb\",\"itemListElement\":[{\"@type\":\"ListItem\",\"position\":1,\"name\":\"Portada\",\"item\":\"https:\/\/quabbala.com\/en\/\"},{\"@type\":\"ListItem\",\"position\":2,\"name\":\"Abogado de Concursal Donostia San Sebasti\u00e1n\"}]},{\"@type\":\"WebSite\",\"@id\":\"https:\/\/quabbala.com\/en\/#website\",\"url\":\"https:\/\/quabbala.com\/en\/\",\"name\":\"\",\"description\":\"\",\"potentialAction\":[{\"@type\":\"SearchAction\",\"target\":{\"@type\":\"EntryPoint\",\"urlTemplate\":\"https:\/\/quabbala.com\/en\/?s={search_term_string}\"},\"query-input\":{\"@type\":\"PropertyValueSpecification\",\"valueRequired\":true,\"valueName\":\"search_term_string\"}}],\"inLanguage\":\"es\"}]}<\/script>\n<!-- \/ Yoast SEO plugin. -->","yoast_head_json":{"title":"Abogado de Concursal Donostia San Sebasti\u00e1n | Ll\u00e1menos: 943 43 56 99","description":"Abogados especialistas en concursal en Donostia San Sebasti\u00e1n. Expertos en concurso de acreedores | Ll\u00e1manos al 943 43 56 99!","robots":{"index":"index","follow":"follow","max-snippet":"max-snippet:-1","max-image-preview":"max-image-preview:large","max-video-preview":"max-video-preview:-1"},"canonical":"https:\/\/quabbala.com\/en\/abogado-de-concursal-donostia-san-sebastian\/","og_locale":"es_ES","og_type":"article","og_title":"Abogado de Concursal Donostia San Sebasti\u00e1n | Ll\u00e1menos: 943 43 56 99","og_description":"Abogados especialistas en concursal en Donostia San Sebasti\u00e1n. Expertos en concurso de acreedores | Ll\u00e1manos al 943 43 56 99!","og_url":"https:\/\/quabbala.com\/en\/abogado-de-concursal-donostia-san-sebastian\/","article_publisher":"https:\/\/www.facebook.com\/quabbala\/","article_modified_time":"2019-09-24T10:00:06+00:00","twitter_card":"summary_large_image","twitter_site":"@Quabbala","twitter_misc":{"Tiempo de lectura":"1 minuto"},"schema":{"@context":"https:\/\/schema.org","@graph":[{"@type":"WebPage","@id":"https:\/\/quabbala.com\/en\/abogado-de-concursal-donostia-san-sebastian\/","url":"https:\/\/quabbala.com\/en\/abogado-de-concursal-donostia-san-sebastian\/","name":"Abogado de Concursal Donostia San Sebasti\u00e1n | Ll\u00e1menos: 943 43 56 99","isPartOf":{"@id":"https:\/\/quabbala.com\/en\/#website"},"datePublished":"2019-07-04T09:54:02+00:00","dateModified":"2019-09-24T10:00:06+00:00","description":"Abogados especialistas en concursal en Donostia San Sebasti\u00e1n. Expertos en concurso de acreedores | Ll\u00e1manos al 943 43 56 99!","breadcrumb":{"@id":"https:\/\/quabbala.com\/en\/abogado-de-concursal-donostia-san-sebastian\/#breadcrumb"},"inLanguage":"es","potentialAction":[{"@type":"ReadAction","target":["https:\/\/quabbala.com\/en\/abogado-de-concursal-donostia-san-sebastian\/"]}]},{"@type":"BreadcrumbList","@id":"https:\/\/quabbala.com\/en\/abogado-de-concursal-donostia-san-sebastian\/#breadcrumb","itemListElement":[{"@type":"ListItem","position":1,"name":"Portada","item":"https:\/\/quabbala.com\/en\/"},{"@type":"ListItem","position":2,"name":"Abogado de Concursal Donostia San Sebasti\u00e1n"}]},{"@type":"WebSite","@id":"https:\/\/quabbala.com\/en\/#website","url":"https:\/\/quabbala.com\/en\/","name":"","description":"","potentialAction":[{"@type":"SearchAction","target":{"@type":"EntryPoint","urlTemplate":"https:\/\/quabbala.com\/en\/?s={search_term_string}"},"query-input":{"@type":"PropertyValueSpecification","valueRequired":true,"valueName":"search_term_string"}}],"inLanguage":"es"}]}},"_links":{"self":[{"href":"https:\/\/quabbala.com\/en\/wp-json\/wp\/v2\/pages\/2778"}],"collection":[{"href":"https:\/\/quabbala.com\/en\/wp-json\/wp\/v2\/pages"}],"about":[{"href":"https:\/\/quabbala.com\/en\/wp-json\/wp\/v2\/types\/page"}],"author":[{"embeddable":true,"href":"https:\/\/quabbala.com\/en\/wp-json\/wp\/v2\/users\/1"}],"replies":[{"embeddable":true,"href":"https:\/\/quabbala.com\/en\/wp-json\/wp\/v2\/comments?post=2778"}],"version-history":[{"count":5,"href":"https:\/\/quabbala.com\/en\/wp-json\/wp\/v2\/pages\/2778\/revisions"}],"predecessor-version":[{"id":3898,"href":"https:\/\/quabbala.com\/en\/wp-json\/wp\/v2\/pages\/2778\/revisions\/3898"}],"wp:attachment":[{"href":"https:\/\/quabbala.com\/en\/wp-json\/wp\/v2\/media?parent=2778"}],"curies":[{"name":"wp","href":"https:\/\/api.w.org\/{rel}","templated":true}]}}