{"id":3100,"date":"2019-07-10T12:42:29","date_gmt":"2019-07-10T12:42:29","guid":{"rendered":"https:\/\/quabbala.com\/?page_id=3100"},"modified":"2019-09-24T10:27:36","modified_gmt":"2019-09-24T10:27:36","slug":"abogado-internacional-bilbao","status":"publish","type":"page","link":"https:\/\/quabbala.com\/en\/abogado-internacional-bilbao\/","title":{"rendered":"Abogado Internacional Bilbao"},"content":{"rendered":"<p>Quabbala\u00a0abogados y economistas<strong>,<\/strong>\u00a0esta presente para poder ofrecerte sus servicios como <strong>bufete de abogados especialista en derecho internacional en Bilbao<\/strong>.<\/p>\n<p>&nbsp;<\/p>\n<p>En\u00a0Quabbala somos<strong>\u00a0abogados especialistas en derecho internacional, <\/strong>nos\u00a0especializamos en las distintas \u00e1reas del <strong>derecho privado internacional<\/strong> para ayudar a constituir sociedades tanto en Reino Unido, como en el resto de Europa y Asia. Esto se debe gracias a nuestras oficinas tanto en<strong> <a href=\"https:\/\/quabbala.com\/despachos-de-abogados-economistas-espanoles-en-reino-unido-londres\/\">Londres<\/a><\/strong> como en <a href=\"https:\/\/quabbala.com\/despachos-de-abogados-economistas-espanoles-en-china-hongkong\/\"><strong>Hong Kong<\/strong><\/a> y a que nuestro equipo conoce las normativas, convenios y reglamentos internacionales que se pueden aplicar a cada conflicto. Esto siempre teniendo en cuenta las legislaciones del otro pa\u00eds.<\/p>\n<p>&nbsp;<\/p>\n<p>Entre nuestro equipo de nuestro bufete internacional de abogados especialistas podr\u00e1 encontrar:<\/p>\n<p>&nbsp;<\/p>\n<ul>\n<li><strong>Abogados de Arbitraje Internacional<\/strong> <strong>en Bilbao<\/strong><\/li>\n<li><strong>Abogados especialistas en Comercio Internacional<\/strong> <strong>en Bilbao<\/strong><\/li>\n<li><strong>Abogados expertos en Fiscalidad Internacional<\/strong> <strong>en Bilbao<\/strong><\/li>\n<li><strong>Abogados Laborales Internacionales<\/strong> <strong>en Bilbao<\/strong><\/li>\n<li><strong>Abogados expertos en Herencia Internacional<\/strong> <strong>en Bilbao<\/strong><\/li>\n<\/ul>\n<p>&nbsp;<\/p>\n<p>Adem\u00e1s, gracias a nuestro <strong>equipo internacional<\/strong> formado en las distintas oficinas de Espa\u00f1a, Asia y Reino Unido, siempre podr\u00e1 a encontrar a uno de nuestros profesionales que dominen el espa\u00f1ol, ingl\u00e9s, alem\u00e1n, portugu\u00e9s y chino, lo cual hace f\u00e1cil y r\u00e1pida la comunicaci\u00f3n y gesti\u00f3n del asunto a resolver.<\/p>\n","protected":false},"excerpt":{"rendered":"<p>Quabbala\u00a0abogados y economistas,\u00a0esta presente para poder ofrecerte sus servicios como bufete de abogados especialista en derecho internacional en Bilbao. &nbsp; [&hellip;]<\/p>\n","protected":false},"author":1,"featured_media":0,"parent":0,"menu_order":0,"comment_status":"closed","ping_status":"closed","template":"landing\/page-landing-footer-internacional.php","meta":{"_acf_changed":false,"footnotes":""},"class_list":["post-3100","page","type-page","status-publish","hentry"],"acf":[],"yoast_head":"<!-- This site is optimized with the Yoast SEO plugin v23.7 - https:\/\/yoast.com\/wordpress\/plugins\/seo\/ -->\n<title>Abogado Internacional en Bilbao | Herenacias | Arbitraje | Tel: 944 70 47 19<\/title>\n<meta name=\"description\" content=\"Abogados Especialistas en Derecho Internacional en Bilbao. Somos expertos en herencias internacionales, arbitraje,.. Tel: 944 70 47 19 | info@quabbala.com\" \/>\n<meta name=\"robots\" content=\"index, follow, max-snippet:-1, max-image-preview:large, max-video-preview:-1\" \/>\n<link rel=\"canonical\" href=\"https:\/\/quabbala.com\/en\/abogado-internacional-bilbao\/\" \/>\n<meta property=\"og:locale\" content=\"es_ES\" \/>\n<meta property=\"og:type\" content=\"article\" \/>\n<meta property=\"og:title\" content=\"Abogado Internacional en Bilbao | Herenacias | Arbitraje | Tel: 944 70 47 19\" \/>\n<meta property=\"og:description\" content=\"Abogados Especialistas en Derecho Internacional en Bilbao. Somos expertos en herencias internacionales, arbitraje,.. Tel: 944 70 47 19 | info@quabbala.com\" \/>\n<meta property=\"og:url\" content=\"https:\/\/quabbala.com\/en\/abogado-internacional-bilbao\/\" \/>\n<meta property=\"article:publisher\" content=\"https:\/\/www.facebook.com\/quabbala\/\" \/>\n<meta property=\"article:modified_time\" content=\"2019-09-24T10:27:36+00:00\" \/>\n<meta name=\"twitter:card\" content=\"summary_large_image\" \/>\n<meta name=\"twitter:site\" content=\"@Quabbala\" \/>\n<meta name=\"twitter:label1\" content=\"Tiempo de lectura\" \/>\n\t<meta name=\"twitter:data1\" content=\"1 minuto\" \/>\n<script type=\"application\/ld+json\" class=\"yoast-schema-graph\">{\"@context\":\"https:\/\/schema.org\",\"@graph\":[{\"@type\":\"WebPage\",\"@id\":\"https:\/\/quabbala.com\/en\/abogado-internacional-bilbao\/\",\"url\":\"https:\/\/quabbala.com\/en\/abogado-internacional-bilbao\/\",\"name\":\"Abogado Internacional en Bilbao | Herenacias | Arbitraje | Tel: 944 70 47 19\",\"isPartOf\":{\"@id\":\"https:\/\/quabbala.com\/en\/#website\"},\"datePublished\":\"2019-07-10T12:42:29+00:00\",\"dateModified\":\"2019-09-24T10:27:36+00:00\",\"description\":\"Abogados Especialistas en Derecho Internacional en Bilbao. Somos expertos en herencias internacionales, arbitraje,.. Tel: 944 70 47 19 | info@quabbala.com\",\"breadcrumb\":{\"@id\":\"https:\/\/quabbala.com\/en\/abogado-internacional-bilbao\/#breadcrumb\"},\"inLanguage\":\"es\",\"potentialAction\":[{\"@type\":\"ReadAction\",\"target\":[\"https:\/\/quabbala.com\/en\/abogado-internacional-bilbao\/\"]}]},{\"@type\":\"BreadcrumbList\",\"@id\":\"https:\/\/quabbala.com\/en\/abogado-internacional-bilbao\/#breadcrumb\",\"itemListElement\":[{\"@type\":\"ListItem\",\"position\":1,\"name\":\"Portada\",\"item\":\"https:\/\/quabbala.com\/en\/\"},{\"@type\":\"ListItem\",\"position\":2,\"name\":\"Abogado Internacional Bilbao\"}]},{\"@type\":\"WebSite\",\"@id\":\"https:\/\/quabbala.com\/en\/#website\",\"url\":\"https:\/\/quabbala.com\/en\/\",\"name\":\"\",\"description\":\"\",\"potentialAction\":[{\"@type\":\"SearchAction\",\"target\":{\"@type\":\"EntryPoint\",\"urlTemplate\":\"https:\/\/quabbala.com\/en\/?s={search_term_string}\"},\"query-input\":{\"@type\":\"PropertyValueSpecification\",\"valueRequired\":true,\"valueName\":\"search_term_string\"}}],\"inLanguage\":\"es\"}]}<\/script>\n<!-- \/ Yoast SEO plugin. -->","yoast_head_json":{"title":"Abogado Internacional en Bilbao | Herenacias | Arbitraje | Tel: 944 70 47 19","description":"Abogados Especialistas en Derecho Internacional en Bilbao. Somos expertos en herencias internacionales, arbitraje,.. Tel: 944 70 47 19 | info@quabbala.com","robots":{"index":"index","follow":"follow","max-snippet":"max-snippet:-1","max-image-preview":"max-image-preview:large","max-video-preview":"max-video-preview:-1"},"canonical":"https:\/\/quabbala.com\/en\/abogado-internacional-bilbao\/","og_locale":"es_ES","og_type":"article","og_title":"Abogado Internacional en Bilbao | Herenacias | Arbitraje | Tel: 944 70 47 19","og_description":"Abogados Especialistas en Derecho Internacional en Bilbao. Somos expertos en herencias internacionales, arbitraje,.. Tel: 944 70 47 19 | info@quabbala.com","og_url":"https:\/\/quabbala.com\/en\/abogado-internacional-bilbao\/","article_publisher":"https:\/\/www.facebook.com\/quabbala\/","article_modified_time":"2019-09-24T10:27:36+00:00","twitter_card":"summary_large_image","twitter_site":"@Quabbala","twitter_misc":{"Tiempo de lectura":"1 minuto"},"schema":{"@context":"https:\/\/schema.org","@graph":[{"@type":"WebPage","@id":"https:\/\/quabbala.com\/en\/abogado-internacional-bilbao\/","url":"https:\/\/quabbala.com\/en\/abogado-internacional-bilbao\/","name":"Abogado Internacional en Bilbao | Herenacias | Arbitraje | Tel: 944 70 47 19","isPartOf":{"@id":"https:\/\/quabbala.com\/en\/#website"},"datePublished":"2019-07-10T12:42:29+00:00","dateModified":"2019-09-24T10:27:36+00:00","description":"Abogados Especialistas en Derecho Internacional en Bilbao. Somos expertos en herencias internacionales, arbitraje,.. Tel: 944 70 47 19 | info@quabbala.com","breadcrumb":{"@id":"https:\/\/quabbala.com\/en\/abogado-internacional-bilbao\/#breadcrumb"},"inLanguage":"es","potentialAction":[{"@type":"ReadAction","target":["https:\/\/quabbala.com\/en\/abogado-internacional-bilbao\/"]}]},{"@type":"BreadcrumbList","@id":"https:\/\/quabbala.com\/en\/abogado-internacional-bilbao\/#breadcrumb","itemListElement":[{"@type":"ListItem","position":1,"name":"Portada","item":"https:\/\/quabbala.com\/en\/"},{"@type":"ListItem","position":2,"name":"Abogado Internacional Bilbao"}]},{"@type":"WebSite","@id":"https:\/\/quabbala.com\/en\/#website","url":"https:\/\/quabbala.com\/en\/","name":"","description":"","potentialAction":[{"@type":"SearchAction","target":{"@type":"EntryPoint","urlTemplate":"https:\/\/quabbala.com\/en\/?s={search_term_string}"},"query-input":{"@type":"PropertyValueSpecification","valueRequired":true,"valueName":"search_term_string"}}],"inLanguage":"es"}]}},"_links":{"self":[{"href":"https:\/\/quabbala.com\/en\/wp-json\/wp\/v2\/pages\/3100"}],"collection":[{"href":"https:\/\/quabbala.com\/en\/wp-json\/wp\/v2\/pages"}],"about":[{"href":"https:\/\/quabbala.com\/en\/wp-json\/wp\/v2\/types\/page"}],"author":[{"embeddable":true,"href":"https:\/\/quabbala.com\/en\/wp-json\/wp\/v2\/users\/1"}],"replies":[{"embeddable":true,"href":"https:\/\/quabbala.com\/en\/wp-json\/wp\/v2\/comments?post=3100"}],"version-history":[{"count":5,"href":"https:\/\/quabbala.com\/en\/wp-json\/wp\/v2\/pages\/3100\/revisions"}],"predecessor-version":[{"id":3927,"href":"https:\/\/quabbala.com\/en\/wp-json\/wp\/v2\/pages\/3100\/revisions\/3927"}],"wp:attachment":[{"href":"https:\/\/quabbala.com\/en\/wp-json\/wp\/v2\/media?parent=3100"}],"curies":[{"name":"wp","href":"https:\/\/api.w.org\/{rel}","templated":true}]}}