{"id":480,"date":"2018-12-04T10:41:29","date_gmt":"2018-12-04T10:41:29","guid":{"rendered":"https:\/\/new.quabbala.com\/?page_id=480"},"modified":"2024-05-20T10:48:39","modified_gmt":"2024-05-20T10:48:39","slug":"despachos-de-abogados-economistas-en-espana","status":"publish","type":"page","link":"https:\/\/quabbala.com\/en\/despachos-de-abogados-economistas-en-espana\/","title":{"rendered":"ABOGADOS Y ECONOMISTAS"},"content":{"rendered":"<p><strong>Quabbala Abogados y Economistas S.L.P<\/strong> se instaura en Madrid en el a\u00f1o 1989. Desde entonces, somos un <strong>despacho de economistas<\/strong> y <strong>abogado<\/strong>s multidisciplinar que ha consolidado un equipo altamente cualificado de profesionales con clara vocaci\u00f3n de servicio integral al cliente en los <strong>aspectos Jur\u00eddicos y Econ\u00f3micos<\/strong>.<\/p>\n<p>&nbsp;<\/p>\n<p>Nuestro bufete de abogados ofrece <strong>asistencia legal<\/strong> y <strong>mercantil<\/strong>, tanto a la peque\u00f1a y mediana empresa como a particulares, con un trato directo y personalizado.<\/p>\n","protected":false},"excerpt":{"rendered":"<p>Quabbala Abogados y Economistas S.L.P se instaura en Madrid en el a\u00f1o 1989. Desde entonces, somos un despacho de economistas [&hellip;]<\/p>\n","protected":false},"author":1,"featured_media":0,"parent":0,"menu_order":0,"comment_status":"closed","ping_status":"closed","template":"page-templates\/page-espana.php","meta":{"_acf_changed":false,"footnotes":""},"class_list":["post-480","page","type-page","status-publish","hentry"],"acf":[],"yoast_head":"<!-- This site is optimized with the Yoast SEO plugin v23.7 - https:\/\/yoast.com\/wordpress\/plugins\/seo\/ -->\n<title>Despacho de Abogados Internacional en Madrid | Llama al 625 713 000<\/title>\n<meta name=\"description\" content=\"Despacho de abogados internacionales con m\u00e1s de 30 a\u00f1os de experiencia. Abogados especializados en herencias internacionales, mercantil internacional,...\" \/>\n<meta name=\"robots\" content=\"index, follow, max-snippet:-1, max-image-preview:large, max-video-preview:-1\" \/>\n<link rel=\"canonical\" href=\"https:\/\/quabbala.com\/en\/despachos-de-abogados-economistas-en-espana\/\" \/>\n<meta property=\"og:locale\" content=\"es_ES\" \/>\n<meta property=\"og:type\" content=\"article\" \/>\n<meta property=\"og:title\" content=\"Despacho de Abogados Internacional en Madrid | Llama al 625 713 000\" \/>\n<meta property=\"og:description\" content=\"Despacho de abogados internacionales con m\u00e1s de 30 a\u00f1os de experiencia. Abogados especializados en herencias internacionales, mercantil internacional,...\" \/>\n<meta property=\"og:url\" content=\"https:\/\/quabbala.com\/en\/despachos-de-abogados-economistas-en-espana\/\" \/>\n<meta property=\"article:publisher\" content=\"https:\/\/www.facebook.com\/quabbala\/\" \/>\n<meta property=\"article:modified_time\" content=\"2024-05-20T10:48:39+00:00\" \/>\n<meta name=\"twitter:card\" content=\"summary_large_image\" \/>\n<meta name=\"twitter:site\" content=\"@Quabbala\" \/>\n<meta name=\"twitter:label1\" content=\"Tiempo de lectura\" \/>\n\t<meta name=\"twitter:data1\" content=\"2 minutos\" \/>\n<script type=\"application\/ld+json\" class=\"yoast-schema-graph\">{\"@context\":\"https:\/\/schema.org\",\"@graph\":[{\"@type\":\"WebPage\",\"@id\":\"https:\/\/quabbala.com\/en\/despachos-de-abogados-economistas-en-espana\/\",\"url\":\"https:\/\/quabbala.com\/en\/despachos-de-abogados-economistas-en-espana\/\",\"name\":\"Despacho de Abogados Internacional en Madrid | Llama al 625 713 000\",\"isPartOf\":{\"@id\":\"https:\/\/quabbala.com\/en\/#website\"},\"datePublished\":\"2018-12-04T10:41:29+00:00\",\"dateModified\":\"2024-05-20T10:48:39+00:00\",\"description\":\"Despacho de abogados internacionales con m\u00e1s de 30 a\u00f1os de experiencia. Abogados especializados en herencias internacionales, mercantil internacional,...\",\"breadcrumb\":{\"@id\":\"https:\/\/quabbala.com\/en\/despachos-de-abogados-economistas-en-espana\/#breadcrumb\"},\"inLanguage\":\"es\",\"potentialAction\":[{\"@type\":\"ReadAction\",\"target\":[\"https:\/\/quabbala.com\/en\/despachos-de-abogados-economistas-en-espana\/\"]}]},{\"@type\":\"BreadcrumbList\",\"@id\":\"https:\/\/quabbala.com\/en\/despachos-de-abogados-economistas-en-espana\/#breadcrumb\",\"itemListElement\":[{\"@type\":\"ListItem\",\"position\":1,\"name\":\"Portada\",\"item\":\"https:\/\/quabbala.com\/en\/\"},{\"@type\":\"ListItem\",\"position\":2,\"name\":\"ABOGADOS Y ECONOMISTAS\"}]},{\"@type\":\"WebSite\",\"@id\":\"https:\/\/quabbala.com\/en\/#website\",\"url\":\"https:\/\/quabbala.com\/en\/\",\"name\":\"\",\"description\":\"\",\"potentialAction\":[{\"@type\":\"SearchAction\",\"target\":{\"@type\":\"EntryPoint\",\"urlTemplate\":\"https:\/\/quabbala.com\/en\/?s={search_term_string}\"},\"query-input\":{\"@type\":\"PropertyValueSpecification\",\"valueRequired\":true,\"valueName\":\"search_term_string\"}}],\"inLanguage\":\"es\"}]}<\/script>\n<!-- \/ Yoast SEO plugin. -->","yoast_head_json":{"title":"Despacho de Abogados Internacional en Madrid | Llama al 625 713 000","description":"Despacho de abogados internacionales con m\u00e1s de 30 a\u00f1os de experiencia. Abogados especializados en herencias internacionales, mercantil internacional,...","robots":{"index":"index","follow":"follow","max-snippet":"max-snippet:-1","max-image-preview":"max-image-preview:large","max-video-preview":"max-video-preview:-1"},"canonical":"https:\/\/quabbala.com\/en\/despachos-de-abogados-economistas-en-espana\/","og_locale":"es_ES","og_type":"article","og_title":"Despacho de Abogados Internacional en Madrid | Llama al 625 713 000","og_description":"Despacho de abogados internacionales con m\u00e1s de 30 a\u00f1os de experiencia. Abogados especializados en herencias internacionales, mercantil internacional,...","og_url":"https:\/\/quabbala.com\/en\/despachos-de-abogados-economistas-en-espana\/","article_publisher":"https:\/\/www.facebook.com\/quabbala\/","article_modified_time":"2024-05-20T10:48:39+00:00","twitter_card":"summary_large_image","twitter_site":"@Quabbala","twitter_misc":{"Tiempo de lectura":"2 minutos"},"schema":{"@context":"https:\/\/schema.org","@graph":[{"@type":"WebPage","@id":"https:\/\/quabbala.com\/en\/despachos-de-abogados-economistas-en-espana\/","url":"https:\/\/quabbala.com\/en\/despachos-de-abogados-economistas-en-espana\/","name":"Despacho de Abogados Internacional en Madrid | Llama al 625 713 000","isPartOf":{"@id":"https:\/\/quabbala.com\/en\/#website"},"datePublished":"2018-12-04T10:41:29+00:00","dateModified":"2024-05-20T10:48:39+00:00","description":"Despacho de abogados internacionales con m\u00e1s de 30 a\u00f1os de experiencia. Abogados especializados en herencias internacionales, mercantil internacional,...","breadcrumb":{"@id":"https:\/\/quabbala.com\/en\/despachos-de-abogados-economistas-en-espana\/#breadcrumb"},"inLanguage":"es","potentialAction":[{"@type":"ReadAction","target":["https:\/\/quabbala.com\/en\/despachos-de-abogados-economistas-en-espana\/"]}]},{"@type":"BreadcrumbList","@id":"https:\/\/quabbala.com\/en\/despachos-de-abogados-economistas-en-espana\/#breadcrumb","itemListElement":[{"@type":"ListItem","position":1,"name":"Portada","item":"https:\/\/quabbala.com\/en\/"},{"@type":"ListItem","position":2,"name":"ABOGADOS Y ECONOMISTAS"}]},{"@type":"WebSite","@id":"https:\/\/quabbala.com\/en\/#website","url":"https:\/\/quabbala.com\/en\/","name":"","description":"","potentialAction":[{"@type":"SearchAction","target":{"@type":"EntryPoint","urlTemplate":"https:\/\/quabbala.com\/en\/?s={search_term_string}"},"query-input":{"@type":"PropertyValueSpecification","valueRequired":true,"valueName":"search_term_string"}}],"inLanguage":"es"}]}},"_links":{"self":[{"href":"https:\/\/quabbala.com\/en\/wp-json\/wp\/v2\/pages\/480"}],"collection":[{"href":"https:\/\/quabbala.com\/en\/wp-json\/wp\/v2\/pages"}],"about":[{"href":"https:\/\/quabbala.com\/en\/wp-json\/wp\/v2\/types\/page"}],"author":[{"embeddable":true,"href":"https:\/\/quabbala.com\/en\/wp-json\/wp\/v2\/users\/1"}],"replies":[{"embeddable":true,"href":"https:\/\/quabbala.com\/en\/wp-json\/wp\/v2\/comments?post=480"}],"version-history":[{"count":32,"href":"https:\/\/quabbala.com\/en\/wp-json\/wp\/v2\/pages\/480\/revisions"}],"predecessor-version":[{"id":6958,"href":"https:\/\/quabbala.com\/en\/wp-json\/wp\/v2\/pages\/480\/revisions\/6958"}],"wp:attachment":[{"href":"https:\/\/quabbala.com\/en\/wp-json\/wp\/v2\/media?parent=480"}],"curies":[{"name":"wp","href":"https:\/\/api.w.org\/{rel}","templated":true}]}}