{"id":541,"date":"2018-12-10T12:48:52","date_gmt":"2018-12-10T12:48:52","guid":{"rendered":"https:\/\/new.quabbala.com\/?page_id=541"},"modified":"2019-09-13T08:58:42","modified_gmt":"2019-09-13T08:58:42","slug":"areas-juridicas","status":"publish","type":"page","link":"https:\/\/quabbala.com\/en\/areas-juridicas\/","title":{"rendered":"\u00c1reas Jur\u00eddicas"},"content":{"rendered":"<p>Los\u00a0<strong>despachos jur\u00eddicos<\/strong>\u00a0tradicionales basan su trabajo en tareas relacionadas con normativa, leyes y reglamento nacional, sin embargo la coyuntura econ\u00f3mica actual exige que los\u00a0<strong>servicios jur\u00eddicos<\/strong>\u00a0formen parte de un plan integral, extendiendo su trabajo a otras regiones del mundo, con el fin de internacionalizar las marcas de sus clientes.<\/p>\n<p>&nbsp;<\/p>\n<p>Para llevar a cabo esta tarea, es necesario contar con un equipo multidisciplinar experto en finanzas, fiscalidad y legalidad en diferentes zonas del mundo. En Quabbala trabajamos para poner a tu disposici\u00f3n un equipo legal y econ\u00f3mico\u00a0capaz de desarrollar planes estrat\u00e9gicos a largo plazo, junto a un equipo fiscal y financiero experto en el estudio y an\u00e1lisis del panorama econ\u00f3mico internacional.<\/p>\n<div class=\"title-orange-landing\">\n<h2 style=\"text-align: center;\">\u00c1reas de Especializaci\u00f3n<\/h2>\n<\/div>\n<p>&nbsp;<\/p>\n<div class=\"wrapper-points\">\n<div class=\"legal-service-container\">\n<div class=\"legal-service\"><a href=\"https:\/\/quabbala.com\/abogados-especialistas-en-derecho-civil\/\">Derecho Civil<\/a><\/div>\n<div class=\"legal-service\"><a href=\"https:\/\/quabbala.com\/abogados-especialistas-en-derecho-mercantil\/\">Derecho Mercantil<\/a><\/div>\n<div class=\"legal-service\"><a href=\"https:\/\/quabbala.com\/abogados-derecho-concursal-administradores-concursales\/\">Derecho Concursal<\/a><\/div>\n<div class=\"legal-service\"><a href=\"https:\/\/quabbala.com\/abogados-laboralistas-especialistas-expertos-derecho-laboral\/\">Derecho Laboral<\/a><\/div>\n<div class=\"legal-service\"><a href=\"https:\/\/quabbala.com\/abogados-especialistas-expertos-derecho-administrativo\/\">Derecho Administrativo<\/a><\/div>\n<div class=\"legal-service\"><a href=\"https:\/\/quabbala.com\/abogados-especialistas-en-derecho-tributario-financiero\/\">Derecho Fiscal<\/a><\/div>\n<div class=\"legal-service\"><a href=\"https:\/\/quabbala.com\/abogados-especialistas-expertos-en-derecho-penal-economico\/\">Derecho Penal Econ\u00f3mico<\/a><\/div>\n<div class=\"legal-service\"><a href=\"https:\/\/quabbala.com\/abogados-especialistas-en-derecho-comunitario-internacional\/\">Derecho Internacional<\/a><\/div>\n<div class=\"legal-service\"><a href=\"https:\/\/quabbala.com\/abogados-derecho-deportivo\/\">Derecho Deportivo<\/a><\/div>\n<\/div>\n<\/div>\n<p>&nbsp;<\/p>\n<p>&nbsp;<\/p>\n<div class=\"title-orange-landing\">\n<h2 style=\"text-align: center;\">Servicios jur\u00eddicos internacionales<\/h2>\n<\/div>\n<p>&nbsp;<\/p>\n<p>Para consituir una empresa internacional es fundamental manejar cada aspecto de la legislaci\u00f3n vigente de la regi\u00f3n. Interpretar y adaptar todos los aspectos jur\u00eddicos de un pa\u00eds es dif\u00edcil si la situaci\u00f3n legal no nos es familiar.<\/p>\n<p>&nbsp;<\/p>\n<p>En <strong>Quabbala<\/strong> te ofrecemos nuestra experiencia\u00a0en diferentes mercados del mundo gracias a nuestras oficinas en <strong><a href=\"https:\/\/quabbala.com\/uk-desk\/\">Londres<\/a><\/strong> y <strong><a href=\"https:\/\/quabbala.com\/asian-desk\/\">Hong Kong<\/a><\/strong>.<\/p>\n<p>&nbsp;<\/p>\n<p>&nbsp;<\/p>\n<p>&nbsp;<\/p>\n<p><img loading=\"lazy\" decoding=\"async\" class=\"aligncenter wp-image-1121 size-full\" src=\"https:\/\/quabbala.com\/wp-content\/uploads\/2019\/01\/internacionalizacion-de-empresas.png\" alt=\"\" width=\"781\" height=\"308\" srcset=\"https:\/\/quabbala.com\/en\/wp-content\/uploads\/2019\/01\/internacionalizacion-de-empresas.png 781w, https:\/\/quabbala.com\/en\/wp-content\/uploads\/2019\/01\/internacionalizacion-de-empresas-150x59.png 150w, https:\/\/quabbala.com\/en\/wp-content\/uploads\/2019\/01\/internacionalizacion-de-empresas-300x118.png 300w, https:\/\/quabbala.com\/en\/wp-content\/uploads\/2019\/01\/internacionalizacion-de-empresas-768x303.png 768w, https:\/\/quabbala.com\/en\/wp-content\/uploads\/2019\/01\/internacionalizacion-de-empresas-624x246.png 624w\" sizes=\"(max-width: 781px) 100vw, 781px\" \/><\/p>\n<p>&nbsp;<\/p>\n<p>&nbsp;<\/p>\n<p><strong>Nuestros equipos legales<\/strong> preparan un exhaustivo <strong>an\u00e1lisis legislativo<\/strong> con la normativa espec\u00edfica que afecta a tu sector, de esta manera puedes comenzar de manera segura a asentar tu negocio en unas condiciones favorables desde el primer momento. <strong>Expertos abogados<\/strong> <strong>y economistas<\/strong> trabajan en tu caso, para que puedas comenzar a trabajar lo antes posible en el <strong>mercado financiero internacional<\/strong>.<\/p>\n<p>&nbsp;<\/p>\n<p>&nbsp;<\/p>\n","protected":false},"excerpt":{"rendered":"<p>Los\u00a0despachos jur\u00eddicos\u00a0tradicionales basan su trabajo en tareas relacionadas con normativa, leyes y reglamento nacional, sin embargo la coyuntura econ\u00f3mica actual [&hellip;]<\/p>\n","protected":false},"author":1,"featured_media":0,"parent":0,"menu_order":0,"comment_status":"closed","ping_status":"closed","template":"page-templates\/page-areas-single.php","meta":{"_acf_changed":false,"footnotes":""},"class_list":["post-541","page","type-page","status-publish","hentry"],"acf":[],"yoast_head":"<!-- This site is optimized with the Yoast SEO plugin v23.7 - https:\/\/yoast.com\/wordpress\/plugins\/seo\/ -->\n<title>\u00c1reas Jur\u00eddicas -<\/title>\n<meta name=\"robots\" content=\"index, follow, max-snippet:-1, max-image-preview:large, max-video-preview:-1\" \/>\n<link rel=\"canonical\" href=\"https:\/\/quabbala.com\/en\/areas-juridicas\/\" \/>\n<meta property=\"og:locale\" content=\"es_ES\" \/>\n<meta property=\"og:type\" content=\"article\" \/>\n<meta property=\"og:title\" content=\"\u00c1reas Jur\u00eddicas -\" \/>\n<meta property=\"og:description\" content=\"Los\u00a0despachos jur\u00eddicos\u00a0tradicionales basan su trabajo en tareas relacionadas con normativa, leyes y reglamento nacional, sin embargo la coyuntura econ\u00f3mica actual [&hellip;]\" \/>\n<meta property=\"og:url\" content=\"https:\/\/quabbala.com\/en\/areas-juridicas\/\" \/>\n<meta property=\"article:publisher\" content=\"https:\/\/www.facebook.com\/quabbala\/\" \/>\n<meta property=\"article:modified_time\" content=\"2019-09-13T08:58:42+00:00\" \/>\n<meta property=\"og:image\" content=\"https:\/\/quabbala.com\/wp-content\/uploads\/2019\/01\/internacionalizacion-de-empresas.png\" \/>\n<meta name=\"twitter:card\" content=\"summary_large_image\" \/>\n<meta name=\"twitter:site\" content=\"@Quabbala\" \/>\n<meta name=\"twitter:label1\" content=\"Tiempo de lectura\" \/>\n\t<meta name=\"twitter:data1\" content=\"1 minuto\" \/>\n<script type=\"application\/ld+json\" class=\"yoast-schema-graph\">{\"@context\":\"https:\/\/schema.org\",\"@graph\":[{\"@type\":\"WebPage\",\"@id\":\"https:\/\/quabbala.com\/en\/areas-juridicas\/\",\"url\":\"https:\/\/quabbala.com\/en\/areas-juridicas\/\",\"name\":\"\u00c1reas Jur\u00eddicas -\",\"isPartOf\":{\"@id\":\"https:\/\/quabbala.com\/en\/#website\"},\"primaryImageOfPage\":{\"@id\":\"https:\/\/quabbala.com\/en\/areas-juridicas\/#primaryimage\"},\"image\":{\"@id\":\"https:\/\/quabbala.com\/en\/areas-juridicas\/#primaryimage\"},\"thumbnailUrl\":\"https:\/\/quabbala.com\/wp-content\/uploads\/2019\/01\/internacionalizacion-de-empresas.png\",\"datePublished\":\"2018-12-10T12:48:52+00:00\",\"dateModified\":\"2019-09-13T08:58:42+00:00\",\"breadcrumb\":{\"@id\":\"https:\/\/quabbala.com\/en\/areas-juridicas\/#breadcrumb\"},\"inLanguage\":\"es\",\"potentialAction\":[{\"@type\":\"ReadAction\",\"target\":[\"https:\/\/quabbala.com\/en\/areas-juridicas\/\"]}]},{\"@type\":\"ImageObject\",\"inLanguage\":\"es\",\"@id\":\"https:\/\/quabbala.com\/en\/areas-juridicas\/#primaryimage\",\"url\":\"https:\/\/quabbala.com\/wp-content\/uploads\/2019\/01\/internacionalizacion-de-empresas.png\",\"contentUrl\":\"https:\/\/quabbala.com\/wp-content\/uploads\/2019\/01\/internacionalizacion-de-empresas.png\"},{\"@type\":\"BreadcrumbList\",\"@id\":\"https:\/\/quabbala.com\/en\/areas-juridicas\/#breadcrumb\",\"itemListElement\":[{\"@type\":\"ListItem\",\"position\":1,\"name\":\"Portada\",\"item\":\"https:\/\/quabbala.com\/en\/\"},{\"@type\":\"ListItem\",\"position\":2,\"name\":\"\u00c1reas Jur\u00eddicas\"}]},{\"@type\":\"WebSite\",\"@id\":\"https:\/\/quabbala.com\/en\/#website\",\"url\":\"https:\/\/quabbala.com\/en\/\",\"name\":\"\",\"description\":\"\",\"potentialAction\":[{\"@type\":\"SearchAction\",\"target\":{\"@type\":\"EntryPoint\",\"urlTemplate\":\"https:\/\/quabbala.com\/en\/?s={search_term_string}\"},\"query-input\":{\"@type\":\"PropertyValueSpecification\",\"valueRequired\":true,\"valueName\":\"search_term_string\"}}],\"inLanguage\":\"es\"}]}<\/script>\n<!-- \/ Yoast SEO plugin. -->","yoast_head_json":{"title":"\u00c1reas Jur\u00eddicas -","robots":{"index":"index","follow":"follow","max-snippet":"max-snippet:-1","max-image-preview":"max-image-preview:large","max-video-preview":"max-video-preview:-1"},"canonical":"https:\/\/quabbala.com\/en\/areas-juridicas\/","og_locale":"es_ES","og_type":"article","og_title":"\u00c1reas Jur\u00eddicas -","og_description":"Los\u00a0despachos jur\u00eddicos\u00a0tradicionales basan su trabajo en tareas relacionadas con normativa, leyes y reglamento nacional, sin embargo la coyuntura econ\u00f3mica actual [&hellip;]","og_url":"https:\/\/quabbala.com\/en\/areas-juridicas\/","article_publisher":"https:\/\/www.facebook.com\/quabbala\/","article_modified_time":"2019-09-13T08:58:42+00:00","og_image":[{"url":"https:\/\/quabbala.com\/wp-content\/uploads\/2019\/01\/internacionalizacion-de-empresas.png"}],"twitter_card":"summary_large_image","twitter_site":"@Quabbala","twitter_misc":{"Tiempo de lectura":"1 minuto"},"schema":{"@context":"https:\/\/schema.org","@graph":[{"@type":"WebPage","@id":"https:\/\/quabbala.com\/en\/areas-juridicas\/","url":"https:\/\/quabbala.com\/en\/areas-juridicas\/","name":"\u00c1reas Jur\u00eddicas -","isPartOf":{"@id":"https:\/\/quabbala.com\/en\/#website"},"primaryImageOfPage":{"@id":"https:\/\/quabbala.com\/en\/areas-juridicas\/#primaryimage"},"image":{"@id":"https:\/\/quabbala.com\/en\/areas-juridicas\/#primaryimage"},"thumbnailUrl":"https:\/\/quabbala.com\/wp-content\/uploads\/2019\/01\/internacionalizacion-de-empresas.png","datePublished":"2018-12-10T12:48:52+00:00","dateModified":"2019-09-13T08:58:42+00:00","breadcrumb":{"@id":"https:\/\/quabbala.com\/en\/areas-juridicas\/#breadcrumb"},"inLanguage":"es","potentialAction":[{"@type":"ReadAction","target":["https:\/\/quabbala.com\/en\/areas-juridicas\/"]}]},{"@type":"ImageObject","inLanguage":"es","@id":"https:\/\/quabbala.com\/en\/areas-juridicas\/#primaryimage","url":"https:\/\/quabbala.com\/wp-content\/uploads\/2019\/01\/internacionalizacion-de-empresas.png","contentUrl":"https:\/\/quabbala.com\/wp-content\/uploads\/2019\/01\/internacionalizacion-de-empresas.png"},{"@type":"BreadcrumbList","@id":"https:\/\/quabbala.com\/en\/areas-juridicas\/#breadcrumb","itemListElement":[{"@type":"ListItem","position":1,"name":"Portada","item":"https:\/\/quabbala.com\/en\/"},{"@type":"ListItem","position":2,"name":"\u00c1reas Jur\u00eddicas"}]},{"@type":"WebSite","@id":"https:\/\/quabbala.com\/en\/#website","url":"https:\/\/quabbala.com\/en\/","name":"","description":"","potentialAction":[{"@type":"SearchAction","target":{"@type":"EntryPoint","urlTemplate":"https:\/\/quabbala.com\/en\/?s={search_term_string}"},"query-input":{"@type":"PropertyValueSpecification","valueRequired":true,"valueName":"search_term_string"}}],"inLanguage":"es"}]}},"_links":{"self":[{"href":"https:\/\/quabbala.com\/en\/wp-json\/wp\/v2\/pages\/541"}],"collection":[{"href":"https:\/\/quabbala.com\/en\/wp-json\/wp\/v2\/pages"}],"about":[{"href":"https:\/\/quabbala.com\/en\/wp-json\/wp\/v2\/types\/page"}],"author":[{"embeddable":true,"href":"https:\/\/quabbala.com\/en\/wp-json\/wp\/v2\/users\/1"}],"replies":[{"embeddable":true,"href":"https:\/\/quabbala.com\/en\/wp-json\/wp\/v2\/comments?post=541"}],"version-history":[{"count":22,"href":"https:\/\/quabbala.com\/en\/wp-json\/wp\/v2\/pages\/541\/revisions"}],"predecessor-version":[{"id":3800,"href":"https:\/\/quabbala.com\/en\/wp-json\/wp\/v2\/pages\/541\/revisions\/3800"}],"wp:attachment":[{"href":"https:\/\/quabbala.com\/en\/wp-json\/wp\/v2\/media?parent=541"}],"curies":[{"name":"wp","href":"https:\/\/api.w.org\/{rel}","templated":true}]}}