{"id":674,"date":"2018-12-27T13:06:31","date_gmt":"2018-12-27T13:06:31","guid":{"rendered":"https:\/\/new.quabbala.com\/?page_id=674"},"modified":"2019-09-17T13:12:09","modified_gmt":"2019-09-17T13:12:09","slug":"abogados-especialistas-en-derecho-mercantil","status":"publish","type":"page","link":"https:\/\/quabbala.com\/en\/abogados-especialistas-en-derecho-mercantil\/","title":{"rendered":"Derecho Mercantil"},"content":{"rendered":"<p><strong>Quabbala<\/strong>\u00a0<strong>abogados y economistas,<\/strong>\u00a0esta presente para poder ofrecerte sus servicios en derecho mercantil y societario. En\u00a0Quabbala, como<strong>\u00a0abogados especialistas en derecho mercantil,\u00a0<\/strong>somos <strong>abogados especialistas en fusiones y adquisiciones<\/strong>, <strong>abogados especialistas en contratos<\/strong>, <strong>especialistas en reclamaciones de cantidades a empresas<\/strong> o <strong>personas f\u00edsicas<\/strong>, <strong>Due Diligence<\/strong> y <strong>especialistas en Constituci\u00f3n de Sociedades<\/strong> y\u00a0<strong>Propiedad Intelectual<\/strong> tanto en Espa\u00f1a como en <a href=\"https:\/\/quabbala.com\/despachos-de-abogados-economistas-espanoles-en-reino-unido-londres\/\">Reino Unido<\/a> o <a href=\"https:\/\/quabbala.com\/despachos-de-abogados-economistas-espanoles-en-china-hongkong\/\">Asia<\/a>.<br \/>\n<!--Nuestro equipo de abogados y economistas, <strong>especialistas en derecho mercantil<\/strong>, podr\u00e1 ayudarle:\n\n[accordions id='1118']--><\/p>\n<p>&nbsp;<\/p>\n","protected":false},"excerpt":{"rendered":"<p>Quabbala\u00a0abogados y economistas,\u00a0esta presente para poder ofrecerte sus servicios en derecho mercantil y societario. En\u00a0Quabbala, como\u00a0abogados especialistas en derecho mercantil,\u00a0somos [&hellip;]<\/p>\n","protected":false},"author":1,"featured_media":0,"parent":0,"menu_order":0,"comment_status":"closed","ping_status":"closed","template":"page-templates\/page-areas-single-custom-mercantil.php","meta":{"_acf_changed":false,"footnotes":""},"class_list":["post-674","page","type-page","status-publish","hentry"],"acf":[],"yoast_head":"<!-- This site is optimized with the Yoast SEO plugin v23.7 - https:\/\/yoast.com\/wordpress\/plugins\/seo\/ -->\n<title>Abogados Especialistas Mercantil - Ll\u00e1menos al 625 713 000<\/title>\n<meta name=\"description\" content=\"Abogados Especialistas en Derecho Mercantil. Abogados especialistas en reclamaci\u00f3n de cantidades. Ll\u00e1manos al 625 713 000 o escribenos a info@quabbala.com\" \/>\n<meta name=\"robots\" content=\"index, follow, max-snippet:-1, max-image-preview:large, max-video-preview:-1\" \/>\n<link rel=\"canonical\" href=\"https:\/\/quabbala.com\/en\/abogados-especialistas-en-derecho-mercantil\/\" \/>\n<meta property=\"og:locale\" content=\"es_ES\" \/>\n<meta property=\"og:type\" content=\"article\" \/>\n<meta property=\"og:title\" content=\"Abogados Especialistas Mercantil - Ll\u00e1menos al 625 713 000\" \/>\n<meta property=\"og:description\" content=\"Abogados Especialistas en Derecho Mercantil. Abogados especialistas en reclamaci\u00f3n de cantidades. Ll\u00e1manos al 625 713 000 o escribenos a info@quabbala.com\" \/>\n<meta property=\"og:url\" content=\"https:\/\/quabbala.com\/en\/abogados-especialistas-en-derecho-mercantil\/\" \/>\n<meta property=\"article:publisher\" content=\"https:\/\/www.facebook.com\/quabbala\/\" \/>\n<meta property=\"article:modified_time\" content=\"2019-09-17T13:12:09+00:00\" \/>\n<meta name=\"twitter:card\" content=\"summary_large_image\" \/>\n<meta name=\"twitter:site\" content=\"@Quabbala\" \/>\n<script type=\"application\/ld+json\" class=\"yoast-schema-graph\">{\"@context\":\"https:\/\/schema.org\",\"@graph\":[{\"@type\":\"WebPage\",\"@id\":\"https:\/\/quabbala.com\/en\/abogados-especialistas-en-derecho-mercantil\/\",\"url\":\"https:\/\/quabbala.com\/en\/abogados-especialistas-en-derecho-mercantil\/\",\"name\":\"Abogados Especialistas Mercantil - Ll\u00e1menos al 625 713 000\",\"isPartOf\":{\"@id\":\"https:\/\/quabbala.com\/en\/#website\"},\"datePublished\":\"2018-12-27T13:06:31+00:00\",\"dateModified\":\"2019-09-17T13:12:09+00:00\",\"description\":\"Abogados Especialistas en Derecho Mercantil. Abogados especialistas en reclamaci\u00f3n de cantidades. Ll\u00e1manos al 625 713 000 o escribenos a info@quabbala.com\",\"breadcrumb\":{\"@id\":\"https:\/\/quabbala.com\/en\/abogados-especialistas-en-derecho-mercantil\/#breadcrumb\"},\"inLanguage\":\"es\",\"potentialAction\":[{\"@type\":\"ReadAction\",\"target\":[\"https:\/\/quabbala.com\/en\/abogados-especialistas-en-derecho-mercantil\/\"]}]},{\"@type\":\"BreadcrumbList\",\"@id\":\"https:\/\/quabbala.com\/en\/abogados-especialistas-en-derecho-mercantil\/#breadcrumb\",\"itemListElement\":[{\"@type\":\"ListItem\",\"position\":1,\"name\":\"Portada\",\"item\":\"https:\/\/quabbala.com\/en\/\"},{\"@type\":\"ListItem\",\"position\":2,\"name\":\"Derecho Mercantil\"}]},{\"@type\":\"WebSite\",\"@id\":\"https:\/\/quabbala.com\/en\/#website\",\"url\":\"https:\/\/quabbala.com\/en\/\",\"name\":\"\",\"description\":\"\",\"potentialAction\":[{\"@type\":\"SearchAction\",\"target\":{\"@type\":\"EntryPoint\",\"urlTemplate\":\"https:\/\/quabbala.com\/en\/?s={search_term_string}\"},\"query-input\":{\"@type\":\"PropertyValueSpecification\",\"valueRequired\":true,\"valueName\":\"search_term_string\"}}],\"inLanguage\":\"es\"}]}<\/script>\n<!-- \/ Yoast SEO plugin. -->","yoast_head_json":{"title":"Abogados Especialistas Mercantil - Ll\u00e1menos al 625 713 000","description":"Abogados Especialistas en Derecho Mercantil. Abogados especialistas en reclamaci\u00f3n de cantidades. Ll\u00e1manos al 625 713 000 o escribenos a info@quabbala.com","robots":{"index":"index","follow":"follow","max-snippet":"max-snippet:-1","max-image-preview":"max-image-preview:large","max-video-preview":"max-video-preview:-1"},"canonical":"https:\/\/quabbala.com\/en\/abogados-especialistas-en-derecho-mercantil\/","og_locale":"es_ES","og_type":"article","og_title":"Abogados Especialistas Mercantil - Ll\u00e1menos al 625 713 000","og_description":"Abogados Especialistas en Derecho Mercantil. Abogados especialistas en reclamaci\u00f3n de cantidades. Ll\u00e1manos al 625 713 000 o escribenos a info@quabbala.com","og_url":"https:\/\/quabbala.com\/en\/abogados-especialistas-en-derecho-mercantil\/","article_publisher":"https:\/\/www.facebook.com\/quabbala\/","article_modified_time":"2019-09-17T13:12:09+00:00","twitter_card":"summary_large_image","twitter_site":"@Quabbala","schema":{"@context":"https:\/\/schema.org","@graph":[{"@type":"WebPage","@id":"https:\/\/quabbala.com\/en\/abogados-especialistas-en-derecho-mercantil\/","url":"https:\/\/quabbala.com\/en\/abogados-especialistas-en-derecho-mercantil\/","name":"Abogados Especialistas Mercantil - Ll\u00e1menos al 625 713 000","isPartOf":{"@id":"https:\/\/quabbala.com\/en\/#website"},"datePublished":"2018-12-27T13:06:31+00:00","dateModified":"2019-09-17T13:12:09+00:00","description":"Abogados Especialistas en Derecho Mercantil. Abogados especialistas en reclamaci\u00f3n de cantidades. Ll\u00e1manos al 625 713 000 o escribenos a info@quabbala.com","breadcrumb":{"@id":"https:\/\/quabbala.com\/en\/abogados-especialistas-en-derecho-mercantil\/#breadcrumb"},"inLanguage":"es","potentialAction":[{"@type":"ReadAction","target":["https:\/\/quabbala.com\/en\/abogados-especialistas-en-derecho-mercantil\/"]}]},{"@type":"BreadcrumbList","@id":"https:\/\/quabbala.com\/en\/abogados-especialistas-en-derecho-mercantil\/#breadcrumb","itemListElement":[{"@type":"ListItem","position":1,"name":"Portada","item":"https:\/\/quabbala.com\/en\/"},{"@type":"ListItem","position":2,"name":"Derecho Mercantil"}]},{"@type":"WebSite","@id":"https:\/\/quabbala.com\/en\/#website","url":"https:\/\/quabbala.com\/en\/","name":"","description":"","potentialAction":[{"@type":"SearchAction","target":{"@type":"EntryPoint","urlTemplate":"https:\/\/quabbala.com\/en\/?s={search_term_string}"},"query-input":{"@type":"PropertyValueSpecification","valueRequired":true,"valueName":"search_term_string"}}],"inLanguage":"es"}]}},"_links":{"self":[{"href":"https:\/\/quabbala.com\/en\/wp-json\/wp\/v2\/pages\/674"}],"collection":[{"href":"https:\/\/quabbala.com\/en\/wp-json\/wp\/v2\/pages"}],"about":[{"href":"https:\/\/quabbala.com\/en\/wp-json\/wp\/v2\/types\/page"}],"author":[{"embeddable":true,"href":"https:\/\/quabbala.com\/en\/wp-json\/wp\/v2\/users\/1"}],"replies":[{"embeddable":true,"href":"https:\/\/quabbala.com\/en\/wp-json\/wp\/v2\/comments?post=674"}],"version-history":[{"count":28,"href":"https:\/\/quabbala.com\/en\/wp-json\/wp\/v2\/pages\/674\/revisions"}],"predecessor-version":[{"id":3830,"href":"https:\/\/quabbala.com\/en\/wp-json\/wp\/v2\/pages\/674\/revisions\/3830"}],"wp:attachment":[{"href":"https:\/\/quabbala.com\/en\/wp-json\/wp\/v2\/media?parent=674"}],"curies":[{"name":"wp","href":"https:\/\/api.w.org\/{rel}","templated":true}]}}