{"id":686,"date":"2018-12-27T14:09:25","date_gmt":"2018-12-27T14:09:25","guid":{"rendered":"https:\/\/new.quabbala.com\/?page_id=686"},"modified":"2019-09-13T09:02:54","modified_gmt":"2019-09-13T09:02:54","slug":"abogados-derecho-concursal-administradores-concursales","status":"publish","type":"page","link":"https:\/\/quabbala.com\/en\/abogados-derecho-concursal-administradores-concursales\/","title":{"rendered":"Derecho Concursal"},"content":{"rendered":"<p><strong>Abogados especializados en procedimientos de insolvencias \/ concursos de acreedores:<\/strong> Contamos con un equipo de abogados que engloba profesionales experimentados con una excelente y continuada formaci\u00f3n, lo que nos permite dar un servicio \u00f3ptimo al cliente.<\/p>\n<ul>\n<li>Nuestros <strong>abogados y economistas<\/strong> act\u00faan en <strong>procedimientos concursales<\/strong> como <strong>Administradores Concursales<\/strong> y, son nuestros abogados los que representan a empresas o personas f\u00edsicas que concursan.<\/li>\n<li>Tenemos experiencia en la ejecuci\u00f3n de <strong>reestructuraciones en insolvencias transfronterizas<\/strong>.<\/li>\n<li>Somos especialistas en el <strong>dise\u00f1o de la estrategia e implantaci\u00f3n de procesos de reestructuraci\u00f3n<\/strong>.<\/li>\n<li><strong>Procesos de adquisici\u00f3n de compa\u00f1\u00edas y activos de empresa<\/strong>s que se encuentran en <strong>concurso de acreedores<\/strong>.<\/li>\n<li>Participamos activamente con nuestros clientes en la <strong>negociaci\u00f3n y establecimiento de acuerdos en procesos de refinanciaci\u00f3n<\/strong> dentro o fuera del \u00e1mbito del art\u00edculo 5 bis de la Ley Concursal.<\/li>\n<li><strong>Especialistas en la recuperaci\u00f3n de deuda<\/strong> y en ejecuciones singulares.<\/li>\n<li><strong>Expertos en procesos de refinanciaci\u00f3n y de mediaci\u00f3n en situaciones insolvencia<\/strong>.<\/li>\n<li>Informes sobre sacrificio patrimonial en los acuerdos de refinanciaci\u00f3n.<\/li>\n<\/ul>\n","protected":false},"excerpt":{"rendered":"<p>Abogados especializados en procedimientos de insolvencias \/ concursos de acreedores: Contamos con un equipo de abogados que engloba profesionales experimentados [&hellip;]<\/p>\n","protected":false},"author":1,"featured_media":0,"parent":0,"menu_order":0,"comment_status":"closed","ping_status":"closed","template":"page-templates\/page-areas-single-custom-concursal.php","meta":{"_acf_changed":false,"footnotes":""},"class_list":["post-686","page","type-page","status-publish","hentry"],"acf":[],"yoast_head":"<!-- This site is optimized with the Yoast SEO plugin v23.7 - https:\/\/yoast.com\/wordpress\/plugins\/seo\/ -->\n<title>Abogado Especialista eb Derecho Concursal - Ll\u00e1manos al 625 713 000<\/title>\n<meta name=\"description\" content=\"Despacho de Abogados Expertos Concursal. Abogados especialistas en concurso de acreedores. Ll\u00e1manos al 625 713 000 o escribenos a info@quabbala.com.\" \/>\n<meta name=\"robots\" content=\"index, follow, max-snippet:-1, max-image-preview:large, max-video-preview:-1\" \/>\n<link rel=\"canonical\" href=\"https:\/\/quabbala.com\/en\/abogados-derecho-concursal-administradores-concursales\/\" \/>\n<meta property=\"og:locale\" content=\"es_ES\" \/>\n<meta property=\"og:type\" content=\"article\" \/>\n<meta property=\"og:title\" content=\"Abogado Especialista eb Derecho Concursal - Ll\u00e1manos al 625 713 000\" \/>\n<meta property=\"og:description\" content=\"Despacho de Abogados Expertos Concursal. Abogados especialistas en concurso de acreedores. Ll\u00e1manos al 625 713 000 o escribenos a info@quabbala.com.\" \/>\n<meta property=\"og:url\" content=\"https:\/\/quabbala.com\/en\/abogados-derecho-concursal-administradores-concursales\/\" \/>\n<meta property=\"article:publisher\" content=\"https:\/\/www.facebook.com\/quabbala\/\" \/>\n<meta property=\"article:modified_time\" content=\"2019-09-13T09:02:54+00:00\" \/>\n<meta name=\"twitter:card\" content=\"summary_large_image\" \/>\n<meta name=\"twitter:site\" content=\"@Quabbala\" \/>\n<meta name=\"twitter:label1\" content=\"Tiempo de lectura\" \/>\n\t<meta name=\"twitter:data1\" content=\"3 minutos\" \/>\n<script type=\"application\/ld+json\" class=\"yoast-schema-graph\">{\"@context\":\"https:\/\/schema.org\",\"@graph\":[{\"@type\":\"WebPage\",\"@id\":\"https:\/\/quabbala.com\/en\/abogados-derecho-concursal-administradores-concursales\/\",\"url\":\"https:\/\/quabbala.com\/en\/abogados-derecho-concursal-administradores-concursales\/\",\"name\":\"Abogado Especialista eb Derecho Concursal - Ll\u00e1manos al 625 713 000\",\"isPartOf\":{\"@id\":\"https:\/\/quabbala.com\/en\/#website\"},\"datePublished\":\"2018-12-27T14:09:25+00:00\",\"dateModified\":\"2019-09-13T09:02:54+00:00\",\"description\":\"Despacho de Abogados Expertos Concursal. Abogados especialistas en concurso de acreedores. Ll\u00e1manos al 625 713 000 o escribenos a info@quabbala.com.\",\"breadcrumb\":{\"@id\":\"https:\/\/quabbala.com\/en\/abogados-derecho-concursal-administradores-concursales\/#breadcrumb\"},\"inLanguage\":\"es\",\"potentialAction\":[{\"@type\":\"ReadAction\",\"target\":[\"https:\/\/quabbala.com\/en\/abogados-derecho-concursal-administradores-concursales\/\"]}]},{\"@type\":\"BreadcrumbList\",\"@id\":\"https:\/\/quabbala.com\/en\/abogados-derecho-concursal-administradores-concursales\/#breadcrumb\",\"itemListElement\":[{\"@type\":\"ListItem\",\"position\":1,\"name\":\"Portada\",\"item\":\"https:\/\/quabbala.com\/en\/\"},{\"@type\":\"ListItem\",\"position\":2,\"name\":\"Derecho Concursal\"}]},{\"@type\":\"WebSite\",\"@id\":\"https:\/\/quabbala.com\/en\/#website\",\"url\":\"https:\/\/quabbala.com\/en\/\",\"name\":\"\",\"description\":\"\",\"potentialAction\":[{\"@type\":\"SearchAction\",\"target\":{\"@type\":\"EntryPoint\",\"urlTemplate\":\"https:\/\/quabbala.com\/en\/?s={search_term_string}\"},\"query-input\":{\"@type\":\"PropertyValueSpecification\",\"valueRequired\":true,\"valueName\":\"search_term_string\"}}],\"inLanguage\":\"es\"}]}<\/script>\n<!-- \/ Yoast SEO plugin. -->","yoast_head_json":{"title":"Abogado Especialista eb Derecho Concursal - Ll\u00e1manos al 625 713 000","description":"Despacho de Abogados Expertos Concursal. Abogados especialistas en concurso de acreedores. Ll\u00e1manos al 625 713 000 o escribenos a info@quabbala.com.","robots":{"index":"index","follow":"follow","max-snippet":"max-snippet:-1","max-image-preview":"max-image-preview:large","max-video-preview":"max-video-preview:-1"},"canonical":"https:\/\/quabbala.com\/en\/abogados-derecho-concursal-administradores-concursales\/","og_locale":"es_ES","og_type":"article","og_title":"Abogado Especialista eb Derecho Concursal - Ll\u00e1manos al 625 713 000","og_description":"Despacho de Abogados Expertos Concursal. Abogados especialistas en concurso de acreedores. Ll\u00e1manos al 625 713 000 o escribenos a info@quabbala.com.","og_url":"https:\/\/quabbala.com\/en\/abogados-derecho-concursal-administradores-concursales\/","article_publisher":"https:\/\/www.facebook.com\/quabbala\/","article_modified_time":"2019-09-13T09:02:54+00:00","twitter_card":"summary_large_image","twitter_site":"@Quabbala","twitter_misc":{"Tiempo de lectura":"3 minutos"},"schema":{"@context":"https:\/\/schema.org","@graph":[{"@type":"WebPage","@id":"https:\/\/quabbala.com\/en\/abogados-derecho-concursal-administradores-concursales\/","url":"https:\/\/quabbala.com\/en\/abogados-derecho-concursal-administradores-concursales\/","name":"Abogado Especialista eb Derecho Concursal - Ll\u00e1manos al 625 713 000","isPartOf":{"@id":"https:\/\/quabbala.com\/en\/#website"},"datePublished":"2018-12-27T14:09:25+00:00","dateModified":"2019-09-13T09:02:54+00:00","description":"Despacho de Abogados Expertos Concursal. Abogados especialistas en concurso de acreedores. Ll\u00e1manos al 625 713 000 o escribenos a info@quabbala.com.","breadcrumb":{"@id":"https:\/\/quabbala.com\/en\/abogados-derecho-concursal-administradores-concursales\/#breadcrumb"},"inLanguage":"es","potentialAction":[{"@type":"ReadAction","target":["https:\/\/quabbala.com\/en\/abogados-derecho-concursal-administradores-concursales\/"]}]},{"@type":"BreadcrumbList","@id":"https:\/\/quabbala.com\/en\/abogados-derecho-concursal-administradores-concursales\/#breadcrumb","itemListElement":[{"@type":"ListItem","position":1,"name":"Portada","item":"https:\/\/quabbala.com\/en\/"},{"@type":"ListItem","position":2,"name":"Derecho Concursal"}]},{"@type":"WebSite","@id":"https:\/\/quabbala.com\/en\/#website","url":"https:\/\/quabbala.com\/en\/","name":"","description":"","potentialAction":[{"@type":"SearchAction","target":{"@type":"EntryPoint","urlTemplate":"https:\/\/quabbala.com\/en\/?s={search_term_string}"},"query-input":{"@type":"PropertyValueSpecification","valueRequired":true,"valueName":"search_term_string"}}],"inLanguage":"es"}]}},"_links":{"self":[{"href":"https:\/\/quabbala.com\/en\/wp-json\/wp\/v2\/pages\/686"}],"collection":[{"href":"https:\/\/quabbala.com\/en\/wp-json\/wp\/v2\/pages"}],"about":[{"href":"https:\/\/quabbala.com\/en\/wp-json\/wp\/v2\/types\/page"}],"author":[{"embeddable":true,"href":"https:\/\/quabbala.com\/en\/wp-json\/wp\/v2\/users\/1"}],"replies":[{"embeddable":true,"href":"https:\/\/quabbala.com\/en\/wp-json\/wp\/v2\/comments?post=686"}],"version-history":[{"count":25,"href":"https:\/\/quabbala.com\/en\/wp-json\/wp\/v2\/pages\/686\/revisions"}],"predecessor-version":[{"id":7174,"href":"https:\/\/quabbala.com\/en\/wp-json\/wp\/v2\/pages\/686\/revisions\/7174"}],"wp:attachment":[{"href":"https:\/\/quabbala.com\/en\/wp-json\/wp\/v2\/media?parent=686"}],"curies":[{"name":"wp","href":"https:\/\/api.w.org\/{rel}","templated":true}]}}