{"id":704,"date":"2018-12-27T14:32:42","date_gmt":"2018-12-27T14:32:42","guid":{"rendered":"https:\/\/new.quabbala.com\/?page_id=704"},"modified":"2019-09-13T09:07:43","modified_gmt":"2019-09-13T09:07:43","slug":"abogados-especialistas-en-derecho-tributario-financiero","status":"publish","type":"page","link":"https:\/\/quabbala.com\/en\/abogados-especialistas-en-derecho-tributario-financiero\/","title":{"rendered":"Derecho Financiero y Tributario"},"content":{"rendered":"<p><strong>Quabbala<\/strong> <strong>abogados y economistas<\/strong>, le ofrece sus servicios como especialistas en derecho tributario y fiscal y, podemos asesorarle\/representarle en las siguientes \u00e1reas:<\/p>\n<p>&nbsp;<\/p>\n<ul>\n<li><strong>Planificaci\u00f3n fiscal nacional e internacional<\/strong>.<\/li>\n<li>Trabajos fiscales y revisiones de impuestos pendientes de inspecci\u00f3n.<\/li>\n<li>Especialistas en <strong>Inspecciones de Hacienda<\/strong>.<\/li>\n<li>Especialistas en <strong>Convenios de Doble Imposici\u00f3n<\/strong>.<\/li>\n<li>Reclamacioes econ\u00f3micas a administradores.<\/li>\n<li><strong>Representaci\u00f3n en Tribunales<\/strong>.<\/li>\n<li><strong>Derecho Financiero:<\/strong> Contratos de pr\u00e9stamo, p\u00f3lizas de cr\u00e9dito, leasing, factoring, renting, merchandising y otros.<\/li>\n<li><strong>Dict\u00e1menes<\/strong>.<\/li>\n<li><a href=\"https:\/\/quabbala.com\/modelo-720-declaracion-de-bienes-en-el-extranjero\"><strong>Modelo 720<\/strong><\/a>.<\/li>\n<\/ul>\n<p>&nbsp;<\/p>\n","protected":false},"excerpt":{"rendered":"<p>Quabbala abogados y economistas, le ofrece sus servicios como especialistas en derecho tributario y fiscal y, podemos asesorarle\/representarle en las [&hellip;]<\/p>\n","protected":false},"author":1,"featured_media":0,"parent":0,"menu_order":0,"comment_status":"closed","ping_status":"closed","template":"page-templates\/page-areas-single-custom-fiscal.php","meta":{"_acf_changed":false,"footnotes":""},"class_list":["post-704","page","type-page","status-publish","hentry"],"acf":[],"yoast_head":"<!-- This site is optimized with the Yoast SEO plugin v23.7 - https:\/\/yoast.com\/wordpress\/plugins\/seo\/ -->\n<title>Abogados Especialistas en Derecho Fiscal | Ll\u00e1menos al 626 713 000<\/title>\n<meta name=\"description\" content=\"Abogados Expertos Fiscalistas. Abogados especialistas en derecho tributario, hacienda, sanciones, plusval\u00eda.. Ll\u00e1manos al 626 713 000 | info@quabbala.com\" \/>\n<meta name=\"robots\" content=\"index, follow, max-snippet:-1, max-image-preview:large, max-video-preview:-1\" \/>\n<link rel=\"canonical\" href=\"https:\/\/quabbala.com\/en\/abogados-especialistas-en-derecho-tributario-financiero\/\" \/>\n<meta property=\"og:locale\" content=\"es_ES\" \/>\n<meta property=\"og:type\" content=\"article\" \/>\n<meta property=\"og:title\" content=\"Abogados Especialistas en Derecho Fiscal | Ll\u00e1menos al 626 713 000\" \/>\n<meta property=\"og:description\" content=\"Abogados Expertos Fiscalistas. Abogados especialistas en derecho tributario, hacienda, sanciones, plusval\u00eda.. Ll\u00e1manos al 626 713 000 | info@quabbala.com\" \/>\n<meta property=\"og:url\" content=\"https:\/\/quabbala.com\/en\/abogados-especialistas-en-derecho-tributario-financiero\/\" \/>\n<meta property=\"article:publisher\" content=\"https:\/\/www.facebook.com\/quabbala\/\" \/>\n<meta property=\"article:modified_time\" content=\"2019-09-13T09:07:43+00:00\" \/>\n<meta name=\"twitter:card\" content=\"summary_large_image\" \/>\n<meta name=\"twitter:site\" content=\"@Quabbala\" \/>\n<script type=\"application\/ld+json\" class=\"yoast-schema-graph\">{\"@context\":\"https:\/\/schema.org\",\"@graph\":[{\"@type\":\"WebPage\",\"@id\":\"https:\/\/quabbala.com\/en\/abogados-especialistas-en-derecho-tributario-financiero\/\",\"url\":\"https:\/\/quabbala.com\/en\/abogados-especialistas-en-derecho-tributario-financiero\/\",\"name\":\"Abogados Especialistas en Derecho Fiscal | Ll\u00e1menos al 626 713 000\",\"isPartOf\":{\"@id\":\"https:\/\/quabbala.com\/en\/#website\"},\"datePublished\":\"2018-12-27T14:32:42+00:00\",\"dateModified\":\"2019-09-13T09:07:43+00:00\",\"description\":\"Abogados Expertos Fiscalistas. Abogados especialistas en derecho tributario, hacienda, sanciones, plusval\u00eda.. Ll\u00e1manos al 626 713 000 | info@quabbala.com\",\"breadcrumb\":{\"@id\":\"https:\/\/quabbala.com\/en\/abogados-especialistas-en-derecho-tributario-financiero\/#breadcrumb\"},\"inLanguage\":\"es\",\"potentialAction\":[{\"@type\":\"ReadAction\",\"target\":[\"https:\/\/quabbala.com\/en\/abogados-especialistas-en-derecho-tributario-financiero\/\"]}]},{\"@type\":\"BreadcrumbList\",\"@id\":\"https:\/\/quabbala.com\/en\/abogados-especialistas-en-derecho-tributario-financiero\/#breadcrumb\",\"itemListElement\":[{\"@type\":\"ListItem\",\"position\":1,\"name\":\"Portada\",\"item\":\"https:\/\/quabbala.com\/en\/\"},{\"@type\":\"ListItem\",\"position\":2,\"name\":\"Derecho Financiero y Tributario\"}]},{\"@type\":\"WebSite\",\"@id\":\"https:\/\/quabbala.com\/en\/#website\",\"url\":\"https:\/\/quabbala.com\/en\/\",\"name\":\"\",\"description\":\"\",\"potentialAction\":[{\"@type\":\"SearchAction\",\"target\":{\"@type\":\"EntryPoint\",\"urlTemplate\":\"https:\/\/quabbala.com\/en\/?s={search_term_string}\"},\"query-input\":{\"@type\":\"PropertyValueSpecification\",\"valueRequired\":true,\"valueName\":\"search_term_string\"}}],\"inLanguage\":\"es\"}]}<\/script>\n<!-- \/ Yoast SEO plugin. -->","yoast_head_json":{"title":"Abogados Especialistas en Derecho Fiscal | Ll\u00e1menos al 626 713 000","description":"Abogados Expertos Fiscalistas. Abogados especialistas en derecho tributario, hacienda, sanciones, plusval\u00eda.. Ll\u00e1manos al 626 713 000 | info@quabbala.com","robots":{"index":"index","follow":"follow","max-snippet":"max-snippet:-1","max-image-preview":"max-image-preview:large","max-video-preview":"max-video-preview:-1"},"canonical":"https:\/\/quabbala.com\/en\/abogados-especialistas-en-derecho-tributario-financiero\/","og_locale":"es_ES","og_type":"article","og_title":"Abogados Especialistas en Derecho Fiscal | Ll\u00e1menos al 626 713 000","og_description":"Abogados Expertos Fiscalistas. Abogados especialistas en derecho tributario, hacienda, sanciones, plusval\u00eda.. Ll\u00e1manos al 626 713 000 | info@quabbala.com","og_url":"https:\/\/quabbala.com\/en\/abogados-especialistas-en-derecho-tributario-financiero\/","article_publisher":"https:\/\/www.facebook.com\/quabbala\/","article_modified_time":"2019-09-13T09:07:43+00:00","twitter_card":"summary_large_image","twitter_site":"@Quabbala","schema":{"@context":"https:\/\/schema.org","@graph":[{"@type":"WebPage","@id":"https:\/\/quabbala.com\/en\/abogados-especialistas-en-derecho-tributario-financiero\/","url":"https:\/\/quabbala.com\/en\/abogados-especialistas-en-derecho-tributario-financiero\/","name":"Abogados Especialistas en Derecho Fiscal | Ll\u00e1menos al 626 713 000","isPartOf":{"@id":"https:\/\/quabbala.com\/en\/#website"},"datePublished":"2018-12-27T14:32:42+00:00","dateModified":"2019-09-13T09:07:43+00:00","description":"Abogados Expertos Fiscalistas. Abogados especialistas en derecho tributario, hacienda, sanciones, plusval\u00eda.. Ll\u00e1manos al 626 713 000 | info@quabbala.com","breadcrumb":{"@id":"https:\/\/quabbala.com\/en\/abogados-especialistas-en-derecho-tributario-financiero\/#breadcrumb"},"inLanguage":"es","potentialAction":[{"@type":"ReadAction","target":["https:\/\/quabbala.com\/en\/abogados-especialistas-en-derecho-tributario-financiero\/"]}]},{"@type":"BreadcrumbList","@id":"https:\/\/quabbala.com\/en\/abogados-especialistas-en-derecho-tributario-financiero\/#breadcrumb","itemListElement":[{"@type":"ListItem","position":1,"name":"Portada","item":"https:\/\/quabbala.com\/en\/"},{"@type":"ListItem","position":2,"name":"Derecho Financiero y Tributario"}]},{"@type":"WebSite","@id":"https:\/\/quabbala.com\/en\/#website","url":"https:\/\/quabbala.com\/en\/","name":"","description":"","potentialAction":[{"@type":"SearchAction","target":{"@type":"EntryPoint","urlTemplate":"https:\/\/quabbala.com\/en\/?s={search_term_string}"},"query-input":{"@type":"PropertyValueSpecification","valueRequired":true,"valueName":"search_term_string"}}],"inLanguage":"es"}]}},"_links":{"self":[{"href":"https:\/\/quabbala.com\/en\/wp-json\/wp\/v2\/pages\/704"}],"collection":[{"href":"https:\/\/quabbala.com\/en\/wp-json\/wp\/v2\/pages"}],"about":[{"href":"https:\/\/quabbala.com\/en\/wp-json\/wp\/v2\/types\/page"}],"author":[{"embeddable":true,"href":"https:\/\/quabbala.com\/en\/wp-json\/wp\/v2\/users\/1"}],"replies":[{"embeddable":true,"href":"https:\/\/quabbala.com\/en\/wp-json\/wp\/v2\/comments?post=704"}],"version-history":[{"count":27,"href":"https:\/\/quabbala.com\/en\/wp-json\/wp\/v2\/pages\/704\/revisions"}],"predecessor-version":[{"id":3814,"href":"https:\/\/quabbala.com\/en\/wp-json\/wp\/v2\/pages\/704\/revisions\/3814"}],"wp:attachment":[{"href":"https:\/\/quabbala.com\/en\/wp-json\/wp\/v2\/media?parent=704"}],"curies":[{"name":"wp","href":"https:\/\/api.w.org\/{rel}","templated":true}]}}