{"id":708,"date":"2018-12-27T14:52:43","date_gmt":"2018-12-27T14:52:43","guid":{"rendered":"https:\/\/new.quabbala.com\/?page_id=708"},"modified":"2019-09-13T09:08:45","modified_gmt":"2019-09-13T09:08:45","slug":"abogados-especialistas-expertos-en-derecho-penal-economico","status":"publish","type":"page","link":"https:\/\/quabbala.com\/en\/abogados-especialistas-expertos-en-derecho-penal-economico\/","title":{"rendered":"Derecho Penal Econ\u00f3mico"},"content":{"rendered":"<p>Asistencia letrada tanto a defensas como a partes acusadoras en los delitos que afectan a:<\/p>\n<p>&nbsp;<\/p>\n<ul>\n<li>El patrimonio y el orden socioecon\u00f3mico.<\/li>\n<li><strong>Derecho de los trabajadores<\/strong>.<\/li>\n<li><strong>Falsedades documentales<\/strong>.<\/li>\n<li>Direcci\u00f3n de la defensa penal de <strong>personas f\u00edsicas y jur\u00eddicas imputadas por la presunta comisi\u00f3n de delitos contra la Hacienda P\u00fablica y\/o contra la Seguridad Social<\/strong>.<\/li>\n<li>Atenci\u00f3n y asistencia jur\u00eddica en las inspecciones efectuadas por el Servicio Ejecutivo de la Comisi\u00f3n de Prevenci\u00f3n del Blanqueo de Capitales e Infracciones Monetarias y en los procedimientos administrativos o judiciales que se deriven.<\/li>\n<li>Nuestros economistas son especialistas en la<strong> elaboraci\u00f3n de dict\u00e1menes periciales<\/strong>.<\/li>\n<li>Elaboraci\u00f3n de <strong>Programas de Prevenci\u00f3n de Riesgos Penales<\/strong> para las personas jur\u00eddicas.<\/li>\n<li>El <strong>delito de insolvencia punible<\/strong>.<\/li>\n<\/ul>\n<p>&nbsp;<\/p>\n<p>Nuestros abogados especialistas en derecho penal econ\u00f3mico son especialistas en las distintas \u00e1reas detalladas anteriormente en el \u00e1mbito del Derecho Penal Econ\u00f3mico y, es por esto, que pueden prestarle la mejor ayuda y servicio para cada uno de los distintos casos o situaciones que requieran sobre Derecho Penal Econ\u00f3mico.<\/p>\n<p>&nbsp;<\/p>\n<p>&nbsp;<\/p>\n<div class=\"boton-landing-laboral\"><a href=\"https:\/\/quabbala.com\/abogados-laboral%E2%80%A6esas-en-a-coruna\/#contact-form\">CONTACTA CON NOSOTROS<\/a><\/div>\n<p>&nbsp;<\/p>\n<p>&nbsp;<\/p>\n<p>&nbsp;<\/p>\n<p>En\u00a0<strong>Quabbala abogados y economistas<\/strong>\u00a0somos un equipo de\u00a0<strong>abogados especialistas en Derecho Penal Econ\u00f3mico<\/strong>, capaces de trabajar en casos tanto en territorio nacional como en el extranjero.<\/p>\n<p>&nbsp;<\/p>\n<p>Nuestra especializaci\u00f3n en Derecho Penal Econ\u00f3mico viene de una dilatada experiencia en este terreno legal, reforzada por nuestros resultados a lo largo de los a\u00f1os. Por esto estamos muy bien considerados como economistas y como un despacho de\u00a0<strong>abogados penal econ\u00f3mico para empresas<\/strong>\u00a0tanto a nivel nacional como a nivel internacional.<\/p>\n<p>&nbsp;<\/p>\n<p>&nbsp;<br \/>\n&nbsp;<\/p>\n<div class=\"title-orange-landing\">\n<h2 style=\"text-align: center;\">\u00c1reas de Especializaci\u00f3n<\/h2>\n<\/div>\n<p>&nbsp;<\/p>\n<div class=\"wrapper-points\">\n<div class=\"legal-service-container\">\n<div class=\"legal-service\"><a href=\"https:\/\/quabbala.com\/abogados-especialistas-en-derecho-civil\/\">Derecho Civil<\/a><\/div>\n<div class=\"legal-service\"><a href=\"https:\/\/quabbala.com\/abogados-especialistas-en-derecho-mercantil\/\">Derecho Mercantil<\/a><\/div>\n<div class=\"legal-service\"><a href=\"https:\/\/quabbala.com\/abogados-derecho-concursal-administradores-concursales\/\">Derecho Concursal<\/a><\/div>\n<div class=\"legal-service\"><a href=\"https:\/\/quabbala.com\/abogados-laboralistas-especialistas-expertos-derecho-laboral\/\">Derecho Laboral<\/a><\/div>\n<div class=\"legal-service\"><a href=\"https:\/\/quabbala.com\/abogados-especialistas-expertos-derecho-administrativo\/\">Derecho Administrativo<\/a><\/div>\n<div class=\"legal-service\"><a href=\"https:\/\/quabbala.com\/abogados-especialistas-en-derecho-tributario-financiero\/\">Derecho Fiscal<\/a><\/div>\n<div class=\"legal-service\"><a href=\"https:\/\/quabbala.com\/abogados-especialistas-expertos-en-derecho-penal-economico\/\">Derecho Penal Econ\u00f3mico<\/a><\/div>\n<div class=\"legal-service\"><a href=\"https:\/\/quabbala.com\/abogados-especialistas-en-derecho-comunitario-internacional\/\">Derecho Internacional<\/a><\/div>\n<div class=\"legal-service\"><a href=\"https:\/\/quabbala.com\/abogados-derecho-deportivo\/\">Derecho Deportivo<\/a><\/div>\n<\/div>\n<\/div>\n","protected":false},"excerpt":{"rendered":"<p>Asistencia letrada tanto a defensas como a partes acusadoras en los delitos que afectan a: &nbsp; El patrimonio y el [&hellip;]<\/p>\n","protected":false},"author":1,"featured_media":0,"parent":0,"menu_order":0,"comment_status":"closed","ping_status":"closed","template":"page-templates\/page-areas-single-custom-general.php","meta":{"_acf_changed":false,"footnotes":""},"class_list":["post-708","page","type-page","status-publish","hentry"],"acf":[],"yoast_head":"<!-- This site is optimized with the Yoast SEO plugin v23.7 - https:\/\/yoast.com\/wordpress\/plugins\/seo\/ -->\n<title>Abogados Expertos en Derecho Penal Econ\u00f3mico | Ll\u00e1menos 626 713 000<\/title>\n<meta name=\"description\" content=\"Abogados Expertos en Derecho Penal Econ\u00f3mico. Abogados especialistas en de litos con la Hacienda P\u00fablica, derecho de los trabajadores,.. | info@quabbala.com\" \/>\n<meta name=\"robots\" content=\"index, follow, max-snippet:-1, max-image-preview:large, max-video-preview:-1\" \/>\n<link rel=\"canonical\" href=\"https:\/\/quabbala.com\/en\/abogados-especialistas-expertos-en-derecho-penal-economico\/\" \/>\n<meta property=\"og:locale\" content=\"es_ES\" \/>\n<meta property=\"og:type\" content=\"article\" \/>\n<meta property=\"og:title\" content=\"Abogados Expertos en Derecho Penal Econ\u00f3mico | Ll\u00e1menos 626 713 000\" \/>\n<meta property=\"og:description\" content=\"Abogados Expertos en Derecho Penal Econ\u00f3mico. Abogados especialistas en de litos con la Hacienda P\u00fablica, derecho de los trabajadores,.. | info@quabbala.com\" \/>\n<meta property=\"og:url\" content=\"https:\/\/quabbala.com\/en\/abogados-especialistas-expertos-en-derecho-penal-economico\/\" \/>\n<meta property=\"article:publisher\" content=\"https:\/\/www.facebook.com\/quabbala\/\" \/>\n<meta property=\"article:modified_time\" content=\"2019-09-13T09:08:45+00:00\" \/>\n<meta name=\"twitter:card\" content=\"summary_large_image\" \/>\n<meta name=\"twitter:site\" content=\"@Quabbala\" \/>\n<meta name=\"twitter:label1\" content=\"Tiempo de lectura\" \/>\n\t<meta name=\"twitter:data1\" content=\"2 minutos\" \/>\n<script type=\"application\/ld+json\" class=\"yoast-schema-graph\">{\"@context\":\"https:\/\/schema.org\",\"@graph\":[{\"@type\":\"WebPage\",\"@id\":\"https:\/\/quabbala.com\/en\/abogados-especialistas-expertos-en-derecho-penal-economico\/\",\"url\":\"https:\/\/quabbala.com\/en\/abogados-especialistas-expertos-en-derecho-penal-economico\/\",\"name\":\"Abogados Expertos en Derecho Penal Econ\u00f3mico | Ll\u00e1menos 626 713 000\",\"isPartOf\":{\"@id\":\"https:\/\/quabbala.com\/en\/#website\"},\"datePublished\":\"2018-12-27T14:52:43+00:00\",\"dateModified\":\"2019-09-13T09:08:45+00:00\",\"description\":\"Abogados Expertos en Derecho Penal Econ\u00f3mico. Abogados especialistas en de litos con la Hacienda P\u00fablica, derecho de los trabajadores,.. | info@quabbala.com\",\"breadcrumb\":{\"@id\":\"https:\/\/quabbala.com\/en\/abogados-especialistas-expertos-en-derecho-penal-economico\/#breadcrumb\"},\"inLanguage\":\"es\",\"potentialAction\":[{\"@type\":\"ReadAction\",\"target\":[\"https:\/\/quabbala.com\/en\/abogados-especialistas-expertos-en-derecho-penal-economico\/\"]}]},{\"@type\":\"BreadcrumbList\",\"@id\":\"https:\/\/quabbala.com\/en\/abogados-especialistas-expertos-en-derecho-penal-economico\/#breadcrumb\",\"itemListElement\":[{\"@type\":\"ListItem\",\"position\":1,\"name\":\"Portada\",\"item\":\"https:\/\/quabbala.com\/en\/\"},{\"@type\":\"ListItem\",\"position\":2,\"name\":\"Derecho Penal Econ\u00f3mico\"}]},{\"@type\":\"WebSite\",\"@id\":\"https:\/\/quabbala.com\/en\/#website\",\"url\":\"https:\/\/quabbala.com\/en\/\",\"name\":\"\",\"description\":\"\",\"potentialAction\":[{\"@type\":\"SearchAction\",\"target\":{\"@type\":\"EntryPoint\",\"urlTemplate\":\"https:\/\/quabbala.com\/en\/?s={search_term_string}\"},\"query-input\":{\"@type\":\"PropertyValueSpecification\",\"valueRequired\":true,\"valueName\":\"search_term_string\"}}],\"inLanguage\":\"es\"}]}<\/script>\n<!-- \/ Yoast SEO plugin. -->","yoast_head_json":{"title":"Abogados Expertos en Derecho Penal Econ\u00f3mico | Ll\u00e1menos 626 713 000","description":"Abogados Expertos en Derecho Penal Econ\u00f3mico. Abogados especialistas en de litos con la Hacienda P\u00fablica, derecho de los trabajadores,.. | info@quabbala.com","robots":{"index":"index","follow":"follow","max-snippet":"max-snippet:-1","max-image-preview":"max-image-preview:large","max-video-preview":"max-video-preview:-1"},"canonical":"https:\/\/quabbala.com\/en\/abogados-especialistas-expertos-en-derecho-penal-economico\/","og_locale":"es_ES","og_type":"article","og_title":"Abogados Expertos en Derecho Penal Econ\u00f3mico | Ll\u00e1menos 626 713 000","og_description":"Abogados Expertos en Derecho Penal Econ\u00f3mico. Abogados especialistas en de litos con la Hacienda P\u00fablica, derecho de los trabajadores,.. | info@quabbala.com","og_url":"https:\/\/quabbala.com\/en\/abogados-especialistas-expertos-en-derecho-penal-economico\/","article_publisher":"https:\/\/www.facebook.com\/quabbala\/","article_modified_time":"2019-09-13T09:08:45+00:00","twitter_card":"summary_large_image","twitter_site":"@Quabbala","twitter_misc":{"Tiempo de lectura":"2 minutos"},"schema":{"@context":"https:\/\/schema.org","@graph":[{"@type":"WebPage","@id":"https:\/\/quabbala.com\/en\/abogados-especialistas-expertos-en-derecho-penal-economico\/","url":"https:\/\/quabbala.com\/en\/abogados-especialistas-expertos-en-derecho-penal-economico\/","name":"Abogados Expertos en Derecho Penal Econ\u00f3mico | Ll\u00e1menos 626 713 000","isPartOf":{"@id":"https:\/\/quabbala.com\/en\/#website"},"datePublished":"2018-12-27T14:52:43+00:00","dateModified":"2019-09-13T09:08:45+00:00","description":"Abogados Expertos en Derecho Penal Econ\u00f3mico. Abogados especialistas en de litos con la Hacienda P\u00fablica, derecho de los trabajadores,.. | info@quabbala.com","breadcrumb":{"@id":"https:\/\/quabbala.com\/en\/abogados-especialistas-expertos-en-derecho-penal-economico\/#breadcrumb"},"inLanguage":"es","potentialAction":[{"@type":"ReadAction","target":["https:\/\/quabbala.com\/en\/abogados-especialistas-expertos-en-derecho-penal-economico\/"]}]},{"@type":"BreadcrumbList","@id":"https:\/\/quabbala.com\/en\/abogados-especialistas-expertos-en-derecho-penal-economico\/#breadcrumb","itemListElement":[{"@type":"ListItem","position":1,"name":"Portada","item":"https:\/\/quabbala.com\/en\/"},{"@type":"ListItem","position":2,"name":"Derecho Penal Econ\u00f3mico"}]},{"@type":"WebSite","@id":"https:\/\/quabbala.com\/en\/#website","url":"https:\/\/quabbala.com\/en\/","name":"","description":"","potentialAction":[{"@type":"SearchAction","target":{"@type":"EntryPoint","urlTemplate":"https:\/\/quabbala.com\/en\/?s={search_term_string}"},"query-input":{"@type":"PropertyValueSpecification","valueRequired":true,"valueName":"search_term_string"}}],"inLanguage":"es"}]}},"_links":{"self":[{"href":"https:\/\/quabbala.com\/en\/wp-json\/wp\/v2\/pages\/708"}],"collection":[{"href":"https:\/\/quabbala.com\/en\/wp-json\/wp\/v2\/pages"}],"about":[{"href":"https:\/\/quabbala.com\/en\/wp-json\/wp\/v2\/types\/page"}],"author":[{"embeddable":true,"href":"https:\/\/quabbala.com\/en\/wp-json\/wp\/v2\/users\/1"}],"replies":[{"embeddable":true,"href":"https:\/\/quabbala.com\/en\/wp-json\/wp\/v2\/comments?post=708"}],"version-history":[{"count":6,"href":"https:\/\/quabbala.com\/en\/wp-json\/wp\/v2\/pages\/708\/revisions"}],"predecessor-version":[{"id":3816,"href":"https:\/\/quabbala.com\/en\/wp-json\/wp\/v2\/pages\/708\/revisions\/3816"}],"wp:attachment":[{"href":"https:\/\/quabbala.com\/en\/wp-json\/wp\/v2\/media?parent=708"}],"curies":[{"name":"wp","href":"https:\/\/api.w.org\/{rel}","templated":true}]}}